{"id":1004,"date":"2021-03-20T19:08:29","date_gmt":"2021-03-20T18:08:29","guid":{"rendered":"https:\/\/ptbrio.pl\/cyber\/?page_id=1004"},"modified":"2021-04-13T14:11:14","modified_gmt":"2021-04-13T12:11:14","slug":"starzyludzienafacebooku-i-w-innych-miejscach-sieci","status":"publish","type":"page","link":"https:\/\/ptbrio.pl\/cyber\/starzyludzienafacebooku-i-w-innych-miejscach-sieci\/","title":{"rendered":"#StarzyLudzieNaFacebooku (i w innych miejscach sieci)"},"content":{"rendered":"\t\t<div data-elementor-type=\"wp-page\" data-elementor-id=\"1004\" class=\"elementor elementor-1004\">\n\t\t\t\t\t\t<section class=\"elementor-section elementor-top-section elementor-element elementor-element-4d1a3d1 elementor-section-full_width elementor-section-height-default elementor-section-height-default\" data-id=\"4d1a3d1\" data-element_type=\"section\" data-settings=\"{&quot;background_background&quot;:&quot;gradient&quot;}\">\n\t\t\t\t\t\t<div class=\"elementor-container elementor-column-gap-default\">\n\t\t\t\t\t<div class=\"elementor-column elementor-col-100 elementor-top-column elementor-element elementor-element-ae0eb9e\" data-id=\"ae0eb9e\" data-element_type=\"column\">\n\t\t\t<div class=\"elementor-widget-wrap elementor-element-populated\">\n\t\t\t\t\t\t<section class=\"elementor-section elementor-inner-section elementor-element elementor-element-cbcc8a5 elementor-section-boxed elementor-section-height-default elementor-section-height-default\" data-id=\"cbcc8a5\" data-element_type=\"section\">\n\t\t\t\t\t\t<div class=\"elementor-container elementor-column-gap-default\">\n\t\t\t\t\t<div class=\"elementor-column elementor-col-100 elementor-inner-column elementor-element elementor-element-4e0f645\" data-id=\"4e0f645\" data-element_type=\"column\">\n\t\t\t<div class=\"elementor-widget-wrap elementor-element-populated\">\n\t\t\t\t\t\t<div class=\"elementor-element elementor-element-2ee2275 giz_abstrakt_title elementor-widget elementor-widget-text-editor\" data-id=\"2ee2275\" data-element_type=\"widget\" data-widget_type=\"text-editor.default\">\n\t\t\t\t<div class=\"elementor-widget-container\">\n\t\t\t\t\t\t\t\t\t#StarzyLudzieNaFacebooku (i w innych miejscach sieci)\t\t\t\t\t\t\t\t<\/div>\n\t\t\t\t<\/div>\n\t\t\t\t<div class=\"elementor-element elementor-element-7db6863 giz_abstrakt_sesja elementor-widget elementor-widget-text-editor\" data-id=\"7db6863\" data-element_type=\"widget\" data-widget_type=\"text-editor.default\">\n\t\t\t\t<div class=\"elementor-widget-container\">\n\t\t\t\t\t\t\t\t\tSesja <strong>Zdalno\u015b\u0107 w zachowaniach konsumpcyjnych<\/strong>, godz. 13:30\t\t\t\t\t\t\t\t<\/div>\n\t\t\t\t<\/div>\n\t\t\t\t<div class=\"elementor-element elementor-element-159e908 elementor-widget elementor-widget-text-editor\" data-id=\"159e908\" data-element_type=\"widget\" data-widget_type=\"text-editor.default\">\n\t\t\t\t<div class=\"elementor-widget-container\">\n\t\t\t\t\t\t\t\t\t#eCommerce, #digital, #SocialMedia, #seniorzy, #SilverGeneration\t\t\t\t\t\t\t\t<\/div>\n\t\t\t\t<\/div>\n\t\t\t\t\t<\/div>\n\t\t<\/div>\n\t\t\t\t\t<\/div>\n\t\t<\/section>\n\t\t\t\t\t<\/div>\n\t\t<\/div>\n\t\t\t\t\t<\/div>\n\t\t<\/section>\n\t\t\t\t<section class=\"elementor-section elementor-top-section elementor-element elementor-element-761ae02 elementor-section-boxed elementor-section-height-default elementor-section-height-default\" data-id=\"761ae02\" data-element_type=\"section\">\n\t\t\t\t\t\t<div class=\"elementor-container elementor-column-gap-default\">\n\t\t\t\t\t<div class=\"elementor-column elementor-col-100 elementor-top-column elementor-element elementor-element-cacde79\" data-id=\"cacde79\" data-element_type=\"column\">\n\t\t\t<div class=\"elementor-widget-wrap elementor-element-populated\">\n\t\t\t\t\t\t<section class=\"elementor-section elementor-inner-section elementor-element elementor-element-aa129a2 elementor-section-boxed elementor-section-height-default elementor-section-height-default\" data-id=\"aa129a2\" data-element_type=\"section\">\n\t\t\t\t\t\t<div class=\"elementor-container elementor-column-gap-default\">\n\t\t\t\t\t<div class=\"elementor-column elementor-col-50 elementor-inner-column elementor-element elementor-element-b06791a\" data-id=\"b06791a\" data-element_type=\"column\">\n\t\t\t<div class=\"elementor-widget-wrap elementor-element-populated\">\n\t\t\t\t\t\t<div class=\"elementor-element elementor-element-cc0f8da elementor-widget elementor-widget-text-editor\" data-id=\"cc0f8da\" data-element_type=\"widget\" data-widget_type=\"text-editor.default\">\n\t\t\t\t<div class=\"elementor-widget-container\">\n\t\t\t\t\t\t\t\t\tMy\u015bl przewodnia wyst\u0105pienia:\t\t\t\t\t\t\t\t<\/div>\n\t\t\t\t<\/div>\n\t\t\t\t<div class=\"elementor-element elementor-element-4239c67 elementor-widget elementor-widget-text-editor\" data-id=\"4239c67\" data-element_type=\"widget\" data-widget_type=\"text-editor.default\">\n\t\t\t\t<div class=\"elementor-widget-container\">\n\t\t\t\t\t\t\t\t\tCoraz wi\u0119cej i&nbsp;wi\u0119cej starszych ludzi korzysta aktywnie z&nbsp;internetu, w&nbsp;tym z&nbsp;medi\u00f3w spo\u0142eczno\u015bciowych oraz r\u00f3\u017cnego rodzaju us\u0142ug online, kt\u00f3rych jeszcze do niedawna si\u0119 obawiali. Ich obecno\u015b\u0107 w&nbsp;sieci, w&nbsp;tym spos\u00f3b percepcji tre\u015bci konsumowanych online, cz\u0119sto znacz\u0105co odr\u00f3\u017cnia si\u0119 od aktywno\u015bci m\u0142odszych pokole\u0144. w&nbsp;wyst\u0105pieniu zarysuj\u0119, jakie s\u0105 wyr\u00f3\u017cniki zachowa\u0144 senior\u00f3w w&nbsp;sieci oraz jakie mog\u0105 powodowa\u0107 konsekwencje (i dla nich samych, i&nbsp;dla firm prowadz\u0105cych dzia\u0142alno\u015b\u0107 online).\t\t\t\t\t\t\t\t<\/div>\n\t\t\t\t<\/div>\n\t\t\t\t<div class=\"elementor-element elementor-element-5f9b2da elementor-widget-divider--view-line elementor-widget elementor-widget-divider\" data-id=\"5f9b2da\" data-element_type=\"widget\" data-widget_type=\"divider.default\">\n\t\t\t\t<div class=\"elementor-widget-container\">\n\t\t\t\t\t\t\t<div class=\"elementor-divider\">\n\t\t\t<span class=\"elementor-divider-separator\">\n\t\t\t\t\t\t<\/span>\n\t\t<\/div>\n\t\t\t\t\t\t<\/div>\n\t\t\t\t<\/div>\n\t\t\t\t<div class=\"elementor-element elementor-element-e1c083f elementor-widget elementor-widget-text-editor\" data-id=\"e1c083f\" data-element_type=\"widget\" data-widget_type=\"text-editor.default\">\n\t\t\t\t<div class=\"elementor-widget-container\">\n\t\t\t\t\t\t\t\t\tKorzy\u015bci:\t\t\t\t\t\t\t\t<\/div>\n\t\t\t\t<\/div>\n\t\t\t\t<div class=\"elementor-element elementor-element-288b752 elementor-widget elementor-widget-text-editor\" data-id=\"288b752\" data-element_type=\"widget\" data-widget_type=\"text-editor.default\">\n\t\t\t\t<div class=\"elementor-widget-container\">\n\t\t\t\t\t\t\t\t\tNiezale\u017cnie od tego, co Twoja organizacja produkuje\/sprzedaje\/oferuje, powinna my\u015ble\u0107 o&nbsp;potrzebach senior\u00f3w. Wcale nie ze szlachetnych pobudek, ale z&nbsp;przyczyn biznesowych. Za naszego \u017cycia b\u0119dzie w&nbsp;Polsce wi\u0119cej emeryt\u00f3w ni\u017c os\u00f3b w&nbsp;wieku produkcyjnym. A jednak kilkuletni hype na temat silver generation w&nbsp;niezauwa\u017cony spos\u00f3b przemin\u0105\u0142\u2026\nTymczasem wci\u0105\u017c wzrasta znaczenie digitalu w&nbsp;procesach sprzeda\u017cy i&nbsp;komunikacji. Tak\u017ce w&nbsp;zwi\u0105zku z&nbsp;pandemi\u0105 pojawili si\u0119 zupe\u0142nie nowy klienci, w&nbsp;tym z&nbsp;grup dot\u0105d broni\u0105cych si\u0119 przed zakupami czy us\u0142ugami \u015bwiadczonymi online. Zrozumienie ich zachowania w&nbsp;sieci to biznesowa konieczno\u015b\u0107.\t\t\t\t\t\t\t\t<\/div>\n\t\t\t\t<\/div>\n\t\t\t\t<div class=\"elementor-element elementor-element-b61d00f elementor-widget-divider--view-line elementor-widget elementor-widget-divider\" data-id=\"b61d00f\" data-element_type=\"widget\" data-widget_type=\"divider.default\">\n\t\t\t\t<div class=\"elementor-widget-container\">\n\t\t\t\t\t\t\t<div class=\"elementor-divider\">\n\t\t\t<span class=\"elementor-divider-separator\">\n\t\t\t\t\t\t<\/span>\n\t\t<\/div>\n\t\t\t\t\t\t<\/div>\n\t\t\t\t<\/div>\n\t\t\t\t<div class=\"elementor-element elementor-element-0abb212 elementor-widget elementor-widget-text-editor\" data-id=\"0abb212\" data-element_type=\"widget\" data-widget_type=\"text-editor.default\">\n\t\t\t\t<div class=\"elementor-widget-container\">\n\t\t\t\t\t\t\t\t\tNowe oryginalne tre\u015bci wyst\u0105pienia:\t\t\t\t\t\t\t\t<\/div>\n\t\t\t\t<\/div>\n\t\t\t\t<div class=\"elementor-element elementor-element-0da4736 elementor-widget elementor-widget-text-editor\" data-id=\"0da4736\" data-element_type=\"widget\" data-widget_type=\"text-editor.default\">\n\t\t\t\t<div class=\"elementor-widget-container\">\n\t\t\t\t\t\t\t\t\tWiele m\u00f3wi si\u0119 o&nbsp;problemach zwi\u0105zanych z&nbsp;aktywno\u015bci\u0105 dzieci i&nbsp;m\u0142odzie\u017cy w&nbsp;sieci. o&nbsp;zachwianiu si\u0119 hierarchii (opinia TikTokerki r\u00f3wnowa\u017cna tre\u015bciom encyklopedycznym), o&nbsp;czytaniu wyrywkowym i&nbsp;bez zrozumienia, o&nbsp;zagro\u017ceniach zwi\u0105zanych z&nbsp;anonimowo\u015bci\u0105, o&nbsp;uzale\u017cnieniu, o&nbsp;cyberbullyingu\u2026 A co, je\u015bli cz\u0119\u015b\u0107 z&nbsp;tych problem\u00f3w mo\u017ce dotyczy\u0107 w&nbsp;takim samym lub wi\u0119kszym stopniu tak\u017ce senior\u00f3w? \nIntuicyjnie zdajemy sobie spraw\u0119, \u017ce obecno\u015b\u0107 starszych os\u00f3b w&nbsp;internecie odr\u00f3\u017cnia si\u0119 od sposobu funkcjonowania m\u0142odszych rocznik\u00f3w. Przedstawiciele m\u0142odszych generacji pod\u015bmiewaj\u0105 si\u0119 z&nbsp;zachowa\u0144 swoich rodzic\u00f3w czy dziadk\u00f3w w&nbsp;mediach spo\u0142eczno\u015bciowych i&nbsp;powoli opuszczaj\u0105 te serwisy, w&nbsp;kt\u00f3rych starsze pokolenia staj\u0105 si\u0119 zbyt obecne. Aktywno\u015b\u0107 senior\u00f3w w&nbsp;mediach spo\u0142eczno\u015bciowych, z&nbsp;punktu widzenia m\u0142odszych u\u017cytkownik\u00f3w nieadekwatna do tego kana\u0142u komunikacji, mog\u0142aby by\u0107 tylko zabawn\u0105 ciekawostk\u0105. Jednak mo\u017cna j\u0105 traktowa\u0107 tak\u017ce jako objaw innego podej\u015bcia do funkcjonowania online i&nbsp;specyficznego rozumienia zasad rz\u0105dz\u0105cych internetem.\n<p>Podej\u015bcie senior\u00f3w przek\u0142ada si\u0119 z&nbsp;jednej strony na ich bezpiecze\u0144stwo (potencjalnie mniejsza odporno\u015b\u0107 na phishing, nieumiej\u0119tne korzystanie z&nbsp;e-bankowo\u015bci), a z&nbsp;drugiej na aktywno\u015b\u0107 konsumenck\u0105 (obawa przed korzystaniem z&nbsp;niekt\u00f3rych us\u0142ug, niedopasowanie UX do percepcji starszych os\u00f3b). \n<p>W\u0142a\u015bciwe zrozumienie wyr\u00f3\u017cnik\u00f3w funkcjonowania i&nbsp;percepcji starszych os\u00f3b w&nbsp;internecie mo\u017ce i&nbsp;powinno s\u0142u\u017cy\u0107 w&nbsp;dalszej kolejno\u015bci projektowaniu lepszej oferty dopasowanej tak\u017ce do ich potrzeb.\t\t\t\t\t\t\t\t<\/div>\n\t\t\t\t<\/div>\n\t\t\t\t<div class=\"elementor-element elementor-element-bdddf97 elementor-widget-divider--view-line elementor-widget elementor-widget-divider\" data-id=\"bdddf97\" data-element_type=\"widget\" data-widget_type=\"divider.default\">\n\t\t\t\t<div class=\"elementor-widget-container\">\n\t\t\t\t\t\t\t<div class=\"elementor-divider\">\n\t\t\t<span class=\"elementor-divider-separator\">\n\t\t\t\t\t\t<\/span>\n\t\t<\/div>\n\t\t\t\t\t\t<\/div>\n\t\t\t\t<\/div>\n\t\t\t\t<div class=\"elementor-element elementor-element-8df4c87 elementor-widget elementor-widget-text-editor\" data-id=\"8df4c87\" data-element_type=\"widget\" data-widget_type=\"text-editor.default\">\n\t\t\t\t<div class=\"elementor-widget-container\">\n\t\t\t\t\t\t\t\t\tBadania na kt\u00f3rych opiera si\u0119 wyst\u0105pienie:\t\t\t\t\t\t\t\t<\/div>\n\t\t\t\t<\/div>\n\t\t\t\t<div class=\"elementor-element elementor-element-63f54ca elementor-widget elementor-widget-text-editor\" data-id=\"63f54ca\" data-element_type=\"widget\" data-widget_type=\"text-editor.default\">\n\t\t\t\t<div class=\"elementor-widget-container\">\n\t\t\t\t\t\t\t\t\tSpecjalnie na potrzeby wyst\u0105pienia przeprowadz\u0119:\n<ul>\n<li> badanie jako\u015bciowe w\u015br\u00f3d senior\u00f3w, kt\u00f3rzy w\u00a0ostatnim czasie zacz\u0119li aktywnie(j) korzysta\u0107 z\u00a0internetu;<\/li>\n<li>analiz\u0119 dost\u0119pnych danych \u2013 poczynaj\u0105c od statystyki publicznej, przez internetowe raporty bran\u017cowe, po analiz\u0119 trend\u00f3w kulturowych i\u00a0tre\u015bci umieszczanych w\u00a0sieci przez senior\u00f3w.<\/li>\n<\/ul>\t\t\t\t\t\t\t\t<\/div>\n\t\t\t\t<\/div>\n\t\t\t\t<div class=\"elementor-element elementor-element-a205149 elementor-widget-divider--view-line elementor-widget elementor-widget-divider\" data-id=\"a205149\" data-element_type=\"widget\" data-widget_type=\"divider.default\">\n\t\t\t\t<div class=\"elementor-widget-container\">\n\t\t\t\t\t\t\t<div class=\"elementor-divider\">\n\t\t\t<span class=\"elementor-divider-separator\">\n\t\t\t\t\t\t<\/span>\n\t\t<\/div>\n\t\t\t\t\t\t<\/div>\n\t\t\t\t<\/div>\n\t\t\t\t<div class=\"elementor-element elementor-element-7b50a37 elementor-widget elementor-widget-text-editor\" data-id=\"7b50a37\" data-element_type=\"widget\" data-widget_type=\"text-editor.default\">\n\t\t\t\t<div class=\"elementor-widget-container\">\n\t\t\t\t\t\t\t\t\tJaki charakter mia\u0142y badania ze wzgl\u0119du na metody\t\t\t\t\t\t\t\t<\/div>\n\t\t\t\t<\/div>\n\t\t\t\t<div class=\"elementor-element elementor-element-0ff7a5a elementor-widget elementor-widget-text-editor\" data-id=\"0ff7a5a\" data-element_type=\"widget\" data-widget_type=\"text-editor.default\">\n\t\t\t\t<div class=\"elementor-widget-container\">\n\t\t\t\t\t\t\t\t\t<ul>\n \t<li>jako\u015bciowe,<\/li>\n \t<li>analiza danych<\/li>\n<\/ul>\t\t\t\t\t\t\t\t<\/div>\n\t\t\t\t<\/div>\n\t\t\t\t<div class=\"elementor-element elementor-element-d1a0cf4 elementor-widget-divider--view-line elementor-widget elementor-widget-divider\" data-id=\"d1a0cf4\" data-element_type=\"widget\" data-widget_type=\"divider.default\">\n\t\t\t\t<div class=\"elementor-widget-container\">\n\t\t\t\t\t\t\t<div class=\"elementor-divider\">\n\t\t\t<span class=\"elementor-divider-separator\">\n\t\t\t\t\t\t<\/span>\n\t\t<\/div>\n\t\t\t\t\t\t<\/div>\n\t\t\t\t<\/div>\n\t\t\t\t\t<\/div>\n\t\t<\/div>\n\t\t\t\t<div class=\"elementor-column elementor-col-50 elementor-inner-column elementor-element elementor-element-c6e2c82\" data-id=\"c6e2c82\" data-element_type=\"column\" data-settings=\"{&quot;background_background&quot;:&quot;classic&quot;}\">\n\t\t\t<div class=\"elementor-widget-wrap elementor-element-populated\">\n\t\t\t\t\t<div class=\"elementor-background-overlay\"><\/div>\n\t\t\t\t\t\t<div class=\"elementor-element elementor-element-23d5857 elementor-hidden-desktop elementor-hidden-tablet elementor-widget-divider--view-line elementor-widget elementor-widget-divider\" data-id=\"23d5857\" data-element_type=\"widget\" data-widget_type=\"divider.default\">\n\t\t\t\t<div class=\"elementor-widget-container\">\n\t\t\t\t\t\t\t<div class=\"elementor-divider\">\n\t\t\t<span class=\"elementor-divider-separator\">\n\t\t\t\t\t\t<\/span>\n\t\t<\/div>\n\t\t\t\t\t\t<\/div>\n\t\t\t\t<\/div>\n\t\t\t\t<div class=\"elementor-element elementor-element-abfc97c elementor-widget elementor-widget-image\" data-id=\"abfc97c\" data-element_type=\"widget\" data-widget_type=\"image.default\">\n\t\t\t\t<div class=\"elementor-widget-container\">\n\t\t\t\t\t\t\t\t\t\t\t\t\t\t\t<img fetchpriority=\"high\" decoding=\"async\" width=\"300\" height=\"300\" src=\"https:\/\/ptbrio.pl\/cyber\/wp-content\/uploads\/2021\/03\/4_3_Hinz_marcinhinz.jpg\" class=\"attachment-full size-full wp-image-904\" alt=\"\" srcset=\"https:\/\/ptbrio.pl\/cyber\/wp-content\/uploads\/2021\/03\/4_3_Hinz_marcinhinz.jpg 300w, https:\/\/ptbrio.pl\/cyber\/wp-content\/uploads\/2021\/03\/4_3_Hinz_marcinhinz-150x150.jpg 150w, https:\/\/ptbrio.pl\/cyber\/wp-content\/uploads\/2021\/03\/4_3_Hinz_marcinhinz-100x100.jpg 100w\" sizes=\"(max-width: 300px) 100vw, 300px\" \/>\t\t\t\t\t\t\t\t\t\t\t\t\t\t\t<\/div>\n\t\t\t\t<\/div>\n\t\t\t\t<div class=\"elementor-element elementor-element-e9e2ebd animated-fast elementor-invisible elementor-widget elementor-widget-image\" data-id=\"e9e2ebd\" data-element_type=\"widget\" data-settings=\"{&quot;_animation&quot;:&quot;bounceIn&quot;,&quot;_animation_delay&quot;:1000}\" data-widget_type=\"image.default\">\n\t\t\t\t<div class=\"elementor-widget-container\">\n\t\t\t\t\t\t\t\t\t\t\t\t\t\t\t\t<a href=\"https:\/\/www.linkedin.com\/in\/marcin-j-hinz\/\" target=\"_blank\">\n\t\t\t\t\t\t\t<img decoding=\"async\" width=\"91\" height=\"30\" src=\"https:\/\/ptbrio.pl\/cyber\/wp-content\/uploads\/2021\/01\/linkedin2.png\" class=\"attachment-full size-full wp-image-232\" alt=\"\" \/>\t\t\t\t\t\t\t\t<\/a>\n\t\t\t\t\t\t\t\t\t\t\t\t\t\t\t<\/div>\n\t\t\t\t<\/div>\n\t\t\t\t<div class=\"elementor-element elementor-element-089c826 giz_abstrakt_name elementor-widget elementor-widget-text-editor\" data-id=\"089c826\" data-element_type=\"widget\" data-widget_type=\"text-editor.default\">\n\t\t\t\t<div class=\"elementor-widget-container\">\n\t\t\t\t\t\t\t\t\tMarcin Hinz\t\t\t\t\t\t\t\t<\/div>\n\t\t\t\t<\/div>\n\t\t\t\t<div class=\"elementor-element elementor-element-c88f505 giz_abstrakt_firma elementor-widget elementor-widget-text-editor\" data-id=\"c88f505\" data-element_type=\"widget\" data-widget_type=\"text-editor.default\">\n\t\t\t\t<div class=\"elementor-widget-container\">\n\t\t\t\t\t\t\t\t\tIpsos\t\t\t\t\t\t\t\t<\/div>\n\t\t\t\t<\/div>\n\t\t\t\t<div class=\"elementor-element elementor-element-bdc194f elementor-widget elementor-widget-text-editor\" data-id=\"bdc194f\" data-element_type=\"widget\" data-widget_type=\"text-editor.default\">\n\t\t\t\t<div class=\"elementor-widget-container\">\n\t\t\t\t\t\t\t\t\tAntropolog kulturowy, badacz jako\u015bciowy szczeg\u00f3lnie zainteresowany spo\u0142eczno-kulturowymi aspektami badanych zjawisk. Dwukrotnie wyr\u00f3\u017cniony w&nbsp;konkursie publiczno\u015bci na najlepsze wyst\u0105pienie Kongresu Badaczy (2018 i&nbsp;2019). Cz\u0142onek PTBRiO. Wcze\u015bniej przez kilka lat zwi\u0105zany z&nbsp;sektorem kultury.\t\t\t\t\t\t\t\t<\/div>\n\t\t\t\t<\/div>\n\t\t\t\t\t<\/div>\n\t\t<\/div>\n\t\t\t\t\t<\/div>\n\t\t<\/section>\n\t\t\t\t\t<\/div>\n\t\t<\/div>\n\t\t\t\t\t<\/div>\n\t\t<\/section>\n\t\t\t\t<\/div>\n\t\t","protected":false},"excerpt":{"rendered":"<p>#StarzyLudzieNaFacebooku (i w innych miejscach sieci)Sesja Zdalno\u015b\u0107 w zachowaniach konsumpcyjnych, godz. 13:30#eCommerce, #digital, #SocialMedia, #seniorzy, #SilverGenerationMy\u015bl przewodnia wyst\u0105pienia:Coraz wi\u0119cej i&nbsp;wi\u0119cej starszych ludzi korzysta aktywnie z&nbsp;internetu, w&nbsp;tym z&nbsp;medi\u00f3w spo\u0142eczno\u015bciowych oraz r\u00f3\u017cnego rodzaju us\u0142ug online, kt\u00f3rych jeszcze do niedawna si\u0119 obawiali. Ich obecno\u015b\u0107 w&nbsp;sieci, w&nbsp;tym spos\u00f3b percepcji tre\u015bci konsumowanych online, cz\u0119sto znacz\u0105co odr\u00f3\u017cnia si\u0119 od aktywno\u015bci m\u0142odszych &hellip;<\/p>\n<p class=\"read-more\"> <a class=\"\" href=\"https:\/\/ptbrio.pl\/cyber\/starzyludzienafacebooku-i-w-innych-miejscach-sieci\/\"> <span class=\"screen-reader-text\">#StarzyLudzieNaFacebooku (i w innych miejscach sieci)<\/span> Read More &raquo;<\/a><\/p>\n","protected":false},"author":1,"featured_media":0,"parent":0,"menu_order":0,"comment_status":"closed","ping_status":"closed","template":"","meta":{"footnotes":""},"class_list":["post-1004","page","type-page","status-publish","hentry"],"aioseo_notices":[],"_links":{"self":[{"href":"https:\/\/ptbrio.pl\/cyber\/wp-json\/wp\/v2\/pages\/1004","targetHints":{"allow":["GET"]}}],"collection":[{"href":"https:\/\/ptbrio.pl\/cyber\/wp-json\/wp\/v2\/pages"}],"about":[{"href":"https:\/\/ptbrio.pl\/cyber\/wp-json\/wp\/v2\/types\/page"}],"author":[{"embeddable":true,"href":"https:\/\/ptbrio.pl\/cyber\/wp-json\/wp\/v2\/users\/1"}],"replies":[{"embeddable":true,"href":"https:\/\/ptbrio.pl\/cyber\/wp-json\/wp\/v2\/comments?post=1004"}],"version-history":[{"count":12,"href":"https:\/\/ptbrio.pl\/cyber\/wp-json\/wp\/v2\/pages\/1004\/revisions"}],"predecessor-version":[{"id":1867,"href":"https:\/\/ptbrio.pl\/cyber\/wp-json\/wp\/v2\/pages\/1004\/revisions\/1867"}],"wp:attachment":[{"href":"https:\/\/ptbrio.pl\/cyber\/wp-json\/wp\/v2\/media?parent=1004"}],"curies":[{"name":"wp","href":"https:\/\/api.w.org\/{rel}","templated":true}]}}