{"id":1008,"date":"2021-03-20T19:14:31","date_gmt":"2021-03-20T18:14:31","guid":{"rendered":"https:\/\/ptbrio.pl\/cyber\/?page_id=1008"},"modified":"2021-03-22T14:49:02","modified_gmt":"2021-03-22T13:49:02","slug":"ux-obywatelski-czyli-jak-zaprojektowac-inkluzywny-proces-glosowania-korespondencyjnego","status":"publish","type":"page","link":"https:\/\/ptbrio.pl\/cyber\/ux-obywatelski-czyli-jak-zaprojektowac-inkluzywny-proces-glosowania-korespondencyjnego\/","title":{"rendered":"UX obywatelski, czyli jak zaprojektowa\u0107 inkluzywny proces g\u0142osowania korespondencyjnego?"},"content":{"rendered":"\t\t<div data-elementor-type=\"wp-page\" data-elementor-id=\"1008\" class=\"elementor elementor-1008\">\n\t\t\t\t\t\t<section class=\"elementor-section elementor-top-section elementor-element elementor-element-4d1a3d1 elementor-section-full_width elementor-section-height-default elementor-section-height-default\" data-id=\"4d1a3d1\" data-element_type=\"section\" data-settings=\"{&quot;background_background&quot;:&quot;gradient&quot;}\">\n\t\t\t\t\t\t<div class=\"elementor-container elementor-column-gap-default\">\n\t\t\t\t\t<div class=\"elementor-column elementor-col-100 elementor-top-column elementor-element elementor-element-ae0eb9e\" data-id=\"ae0eb9e\" data-element_type=\"column\">\n\t\t\t<div class=\"elementor-widget-wrap elementor-element-populated\">\n\t\t\t\t\t\t<section class=\"elementor-section elementor-inner-section elementor-element elementor-element-cbcc8a5 elementor-section-boxed elementor-section-height-default elementor-section-height-default\" data-id=\"cbcc8a5\" data-element_type=\"section\">\n\t\t\t\t\t\t<div class=\"elementor-container elementor-column-gap-default\">\n\t\t\t\t\t<div class=\"elementor-column elementor-col-100 elementor-inner-column elementor-element elementor-element-4e0f645\" data-id=\"4e0f645\" data-element_type=\"column\">\n\t\t\t<div class=\"elementor-widget-wrap elementor-element-populated\">\n\t\t\t\t\t\t<div class=\"elementor-element elementor-element-2ee2275 giz_abstrakt_title elementor-widget elementor-widget-text-editor\" data-id=\"2ee2275\" data-element_type=\"widget\" data-widget_type=\"text-editor.default\">\n\t\t\t\t<div class=\"elementor-widget-container\">\n\t\t\t\t\t\t\t\t\tUX obywatelski, czyli jak zaprojektowa\u0107 inkluzywny proces g\u0142osowania korespondencyjnego? \t\t\t\t\t\t\t\t<\/div>\n\t\t\t\t<\/div>\n\t\t\t\t<div class=\"elementor-element elementor-element-7db6863 giz_abstrakt_sesja elementor-widget elementor-widget-text-editor\" data-id=\"7db6863\" data-element_type=\"widget\" data-widget_type=\"text-editor.default\">\n\t\t\t\t<div class=\"elementor-widget-container\">\n\t\t\t\t\t\t\t\t\tSesja <strong>Zdalno\u015b\u0107 w dzia\u0142aniu <\/strong>, godz.\u00a013:40\t\t\t\t\t\t\t\t<\/div>\n\t\t\t\t<\/div>\n\t\t\t\t<div class=\"elementor-element elementor-element-159e908 elementor-widget elementor-widget-text-editor\" data-id=\"159e908\" data-element_type=\"widget\" data-widget_type=\"text-editor.default\">\n\t\t\t\t<div class=\"elementor-widget-container\">\n\t\t\t\t\t\t\t\t\t#ux writing, #badania tre\u015bci, #wybory, #pandemia, #wykluczenie, #projektowanie inkluzywne, #g\u0142osowanie korespondencyjne\t\t\t\t\t\t\t\t<\/div>\n\t\t\t\t<\/div>\n\t\t\t\t\t<\/div>\n\t\t<\/div>\n\t\t\t\t\t<\/div>\n\t\t<\/section>\n\t\t\t\t\t<\/div>\n\t\t<\/div>\n\t\t\t\t\t<\/div>\n\t\t<\/section>\n\t\t\t\t<section class=\"elementor-section elementor-top-section elementor-element elementor-element-761ae02 elementor-section-boxed elementor-section-height-default elementor-section-height-default\" data-id=\"761ae02\" data-element_type=\"section\">\n\t\t\t\t\t\t<div class=\"elementor-container elementor-column-gap-default\">\n\t\t\t\t\t<div class=\"elementor-column elementor-col-100 elementor-top-column elementor-element elementor-element-cacde79\" data-id=\"cacde79\" data-element_type=\"column\">\n\t\t\t<div class=\"elementor-widget-wrap elementor-element-populated\">\n\t\t\t\t\t\t<section class=\"elementor-section elementor-inner-section elementor-element elementor-element-aa129a2 elementor-section-boxed elementor-section-height-default elementor-section-height-default\" data-id=\"aa129a2\" data-element_type=\"section\">\n\t\t\t\t\t\t<div class=\"elementor-container elementor-column-gap-default\">\n\t\t\t\t\t<div class=\"elementor-column elementor-col-50 elementor-inner-column elementor-element elementor-element-b06791a\" data-id=\"b06791a\" data-element_type=\"column\">\n\t\t\t<div class=\"elementor-widget-wrap elementor-element-populated\">\n\t\t\t\t\t\t<div class=\"elementor-element elementor-element-cc0f8da elementor-widget elementor-widget-text-editor\" data-id=\"cc0f8da\" data-element_type=\"widget\" data-widget_type=\"text-editor.default\">\n\t\t\t\t<div class=\"elementor-widget-container\">\n\t\t\t\t\t\t\t\t\tMy\u015bl przewodnia wyst\u0105pienia:\t\t\t\t\t\t\t\t<\/div>\n\t\t\t\t<\/div>\n\t\t\t\t<div class=\"elementor-element elementor-element-4239c67 elementor-widget elementor-widget-text-editor\" data-id=\"4239c67\" data-element_type=\"widget\" data-widget_type=\"text-editor.default\">\n\t\t\t\t<div class=\"elementor-widget-container\">\n\t\t\t\t\t\t\t\t\t<p>W zdalnych warunkach, gdy jeste\u015bmy \u201ez dala\u201d od innych i&nbsp;mamy utrudnion\u0105 mo\u017cliwo\u015b\u0107 proszenia o&nbsp;wyja\u015bnienie, szczeg\u00f3lnego znaczenia nabieraj\u0105 tre\u015bci, kt\u00f3rymi komunikuj\u0105 si\u0119 z&nbsp;nami serwisy, us\u0142ugi czy procesy. Powinny by\u0107 zrozumia\u0142e i&nbsp;jednoznaczne aby umo\u017cliwi\u0107 odbiorcom \u0142atw\u0105 realizacj\u0119 ich zada\u0144. \nNie zawsze tak si\u0119 jednak dzieje, o&nbsp;czym przekona\u0142o si\u0119 oko\u0142o 21 tysi\u0119cy wyborc\u00f3w, kt\u00f3rzy w&nbsp;minionych wyborach prezydenckich w&nbsp;Polsce postanowili zag\u0142osowa\u0107 korespondencyjnie. <\/p>\n<p>Wszystko za spraw\u0105 do\u0142\u0105czanej do pakietu wyborczego instrukcji, kt\u00f3ra uniemo\u017cliwia\u0142a \u0142atwe zapoznanie si\u0119 z&nbsp;procedur\u0105 i&nbsp;zastosowanie si\u0119 do niej. Okaza\u0142o si\u0119, \u017ce indeks prostego j\u0119zyka tak kluczowego dokumentu wynosi\u0142 tylko 20% co oznacza\u0142o, \u017ce m\u00f3g\u0142 by\u0107 zrozumia\u0142y tylko dla os\u00f3b z&nbsp;wykszta\u0142ceniem na poziomie wy\u017cszym i&nbsp;wyklucza\u0142 w&nbsp;ten spos\u00f3b reszt\u0119 wyborc\u00f3w!<\/p>\n<p>Ostatecznie, formu\u0142a korespondencyjna zastosowana zosta\u0142a tylko pomocniczo, natomiast pierwotnie mia\u0142a stanowi\u0107 g\u0142\u00f3wny spos\u00f3b g\u0142osowania w&nbsp;wyborach prezydenckich. Gdyby\u015bmy przeliczyli wy\u0142\u0105cznie proporcj\u0119 g\u0142os\u00f3w z&nbsp;b\u0142\u0119dami formalnymi i&nbsp;nie brali pod uwag\u0119 innych warunk\u00f3w to mo\u017cna szacowa\u0107, \u017ce w&nbsp;powszechnych wyborach korespondencyjnych takie b\u0142\u0119dy mog\u0142yby dotyczy\u0107 nawet 900 tysi\u0119cy wyborc\u00f3w! <\/p>\n<p>Wybory realizowane w&nbsp;warunkach zdalnych, kt\u00f3re z&nbsp;za\u0142o\u017cenia mia\u0142y by\u0107 wydarzeniem powszechnym i&nbsp;skierowanym do wszystkich pe\u0142noletnich obywateli, zosta\u0142y zaprojektowane w&nbsp;spos\u00f3b, kt\u00f3ry m\u00f3g\u0142 wykluczy\u0107 wiele grup obywateli.<\/p>\t\t\t\t\t\t\t\t<\/div>\n\t\t\t\t<\/div>\n\t\t\t\t<div class=\"elementor-element elementor-element-5f9b2da elementor-widget-divider--view-line elementor-widget elementor-widget-divider\" data-id=\"5f9b2da\" data-element_type=\"widget\" data-widget_type=\"divider.default\">\n\t\t\t\t<div class=\"elementor-widget-container\">\n\t\t\t\t\t\t\t<div class=\"elementor-divider\">\n\t\t\t<span class=\"elementor-divider-separator\">\n\t\t\t\t\t\t<\/span>\n\t\t<\/div>\n\t\t\t\t\t\t<\/div>\n\t\t\t\t<\/div>\n\t\t\t\t<div class=\"elementor-element elementor-element-e1c083f elementor-widget elementor-widget-text-editor\" data-id=\"e1c083f\" data-element_type=\"widget\" data-widget_type=\"text-editor.default\">\n\t\t\t\t<div class=\"elementor-widget-container\">\n\t\t\t\t\t\t\t\t\tKorzy\u015bci:\t\t\t\t\t\t\t\t<\/div>\n\t\t\t\t<\/div>\n\t\t\t\t<div class=\"elementor-element elementor-element-288b752 elementor-widget elementor-widget-text-editor\" data-id=\"288b752\" data-element_type=\"widget\" data-widget_type=\"text-editor.default\">\n\t\t\t\t<div class=\"elementor-widget-container\">\n\t\t\t\t\t\t\t\t\tPrzyjrzenie si\u0119 wyborom korespondencyjnym u\u015bwiadomi\u0142o nam, jak wa\u017cne w&nbsp;projektowanych procesach, us\u0142ugach czy serwisach s\u0105 tre\u015bci i&nbsp;jak ich zrozumienie wp\u0142ywa na realizacj\u0119 celu. w&nbsp;przypadku procesu g\u0142osowania korespondencyjnego o&nbsp;sukcesie w&nbsp;oddaniu g\u0142osu decydowa\u0142o poprawne zrozumienie instrukcji. Niestety nie by\u0142a ona zaprojektowana z&nbsp;my\u015bl\u0105 o&nbsp;wszystkich wyborcach. Korzystaj\u0105c z&nbsp;narz\u0119dzi badania tekstu ustalili\u015bmy, \u017ce klasa trudno\u015bci j\u0119zyka wynosi\u0142a 5\/7 co oznacza, \u017ce by\u0142y w&nbsp;stanie zrozumie\u0107 j\u0105 osoby z&nbsp;wykszta\u0142ceniem na poziomie wy\u017cszym! w&nbsp;ramach prezentacji om\u00f3wi\u0119 proces, kt\u00f3ry doprowadzi\u0142 nas do identyfikacji kluczowych problem\u00f3w wyborcy g\u0142osuj\u0105cego korespondencyjnie. Poka\u017c\u0119 tak\u017ce przeprojektowan\u0105 instrukcj\u0119 i&nbsp;ca\u0142y pakiet wyborczy, kt\u00f3ry w&nbsp;wyra\u017any spos\u00f3b poprawi\u0142 do\u015bwiadczenie osoby g\u0142osuj\u0105cej korespondencyjnie. Zrealizowany przez nas proces badawczo-projektowy jest mo\u017cliwy do wykorzystania w&nbsp;codziennej praktyce biznesowej wszystkich os\u00f3b, kt\u00f3re chc\u0105 by ich produkty zar\u00f3wno te cyfrowe jak i&nbsp;offlinowe \u201ekomunikowa\u0142y si\u0119\u201d w&nbsp;spos\u00f3b prosty, zrozumia\u0142y i&nbsp;inkluzywny, nie wykluczaj\u0105c \u017cadnej grupy odbiorc\u00f3w.\t\t\t\t\t\t\t\t<\/div>\n\t\t\t\t<\/div>\n\t\t\t\t<div class=\"elementor-element elementor-element-b61d00f elementor-widget-divider--view-line elementor-widget elementor-widget-divider\" data-id=\"b61d00f\" data-element_type=\"widget\" data-widget_type=\"divider.default\">\n\t\t\t\t<div class=\"elementor-widget-container\">\n\t\t\t\t\t\t\t<div class=\"elementor-divider\">\n\t\t\t<span class=\"elementor-divider-separator\">\n\t\t\t\t\t\t<\/span>\n\t\t<\/div>\n\t\t\t\t\t\t<\/div>\n\t\t\t\t<\/div>\n\t\t\t\t<div class=\"elementor-element elementor-element-0abb212 elementor-widget elementor-widget-text-editor\" data-id=\"0abb212\" data-element_type=\"widget\" data-widget_type=\"text-editor.default\">\n\t\t\t\t<div class=\"elementor-widget-container\">\n\t\t\t\t\t\t\t\t\tNowe oryginalne tre\u015bci wyst\u0105pienia:\t\t\t\t\t\t\t\t<\/div>\n\t\t\t\t<\/div>\n\t\t\t\t<div class=\"elementor-element elementor-element-0da4736 elementor-widget elementor-widget-text-editor\" data-id=\"0da4736\" data-element_type=\"widget\" data-widget_type=\"text-editor.default\">\n\t\t\t\t<div class=\"elementor-widget-container\">\n\t\t\t\t\t\t\t\t\tWarstwa komunikacyjna produkt\u00f3w czy us\u0142ug jest cz\u0119sto zaniedbana podczas procesu projektowego. Realizuj\u0105c testy u\u017cyteczno\u015bci coraz cz\u0119\u015bciej widzimy, \u017ce tre\u015bci s\u0105 tym elementem, kt\u00f3ry ostatecznie przyczynia si\u0119 do niezrozumienia wykonywanych akcji. \nTre\u015b\u0107 instrukcji w&nbsp;g\u0142osowaniu korespondencyjnym wskaza\u0142a, \u017ce nie zwracanie uwagi na aspekt w\u0142a\u015bciwie zaprojektowanych tre\u015bci mo\u017ce doprowadzi\u0107 do wykluczenia milion\u00f3w odbiorc\u00f3w. Przedstawi\u0119 nasze autorskie podej\u015bcie badawczo-projektowe, kt\u00f3ry pozwoli\u0142o nam zidentyfikowa\u0107 kluczowe problemy u\u017cytkownik\u00f3w a nast\u0119pnie zaprojektowa\u0107 tre\u015bci, kt\u00f3re by\u0142y zrozumia\u0142e dla wszystkich potencjalnych wyborc\u00f3w.\t\t\t\t\t\t\t\t<\/div>\n\t\t\t\t<\/div>\n\t\t\t\t<div class=\"elementor-element elementor-element-bdddf97 elementor-widget-divider--view-line elementor-widget elementor-widget-divider\" data-id=\"bdddf97\" data-element_type=\"widget\" data-widget_type=\"divider.default\">\n\t\t\t\t<div class=\"elementor-widget-container\">\n\t\t\t\t\t\t\t<div class=\"elementor-divider\">\n\t\t\t<span class=\"elementor-divider-separator\">\n\t\t\t\t\t\t<\/span>\n\t\t<\/div>\n\t\t\t\t\t\t<\/div>\n\t\t\t\t<\/div>\n\t\t\t\t<div class=\"elementor-element elementor-element-8df4c87 elementor-widget elementor-widget-text-editor\" data-id=\"8df4c87\" data-element_type=\"widget\" data-widget_type=\"text-editor.default\">\n\t\t\t\t<div class=\"elementor-widget-container\">\n\t\t\t\t\t\t\t\t\tBadania na kt\u00f3rych opiera si\u0119 wyst\u0105pienie:\t\t\t\t\t\t\t\t<\/div>\n\t\t\t\t<\/div>\n\t\t\t\t<div class=\"elementor-element elementor-element-63f54ca elementor-widget elementor-widget-text-editor\" data-id=\"63f54ca\" data-element_type=\"widget\" data-widget_type=\"text-editor.default\">\n\t\t\t\t<div class=\"elementor-widget-container\">\n\t\t\t\t\t\t\t\t\t<p>Rozpocz\u0119li\u015bmy od analizy eksperckiej stosuj\u0105c metod\u0119 w\u0119dr\u00f3wki poznawczej ca\u0142ego procesu g\u0142osowania korespondencyjnego: od momentu wnioskowania o&nbsp;pakiet wyborczy a\u017c do odes\u0142ania pakietu do Komisji Wyborczej. Na tej podstawie zidentyfikowali\u015bmy mocne i&nbsp;s\u0142abe strony procesu oraz hipotezy do dalszej weryfikacji.\nOpieraj\u0105c si\u0119 na danych ilo\u015bciowych opublikowanych tu\u017c po wyborach przez Pa\u0144stwow\u0105 Komisj\u0119 Wyborcz\u0105 zidentyfikowali\u015bmy liczb\u0119 b\u0142\u0119dnie nades\u0142anych pakiet\u00f3w wyborczych oraz najcz\u0119\u015bciej pope\u0142niane b\u0142\u0119dy przez wyborc\u00f3w, kt\u00f3rych g\u0142osy nie zosta\u0142y poprawnie oddane.<\/p>\n<p>Nast\u0119pnie przeprowadzili\u015bmy badania jako\u015bciowe z&nbsp;osobami maj\u0105cymi prawo wyborcze (zr\u00f3\u017cnicowana p\u0142e\u0107, wiek oraz wykszta\u0142cenie) identyfikuj\u0105c problemy w&nbsp;oddaniu g\u0142osu oraz wykonuj\u0105c pomiar emocji oraz opinii towarzysz\u0105cych korzystaniu z&nbsp;pakietu wyborczego.\nZrealizowali\u015bmy r\u00f3wnie\u017c badanie tre\u015bci za pomoc\u0105 narz\u0119dzi: logios i&nbsp;jasnopis oraz analiz\u0119 zabarwienia emocjonalnego.\nZebrane w&nbsp;ten spos\u00f3b informacje z&nbsp;fazy badawczej pozwoli\u0142y nam sformu\u0142owa\u0107 wnioski projektowe, kt\u00f3re uwzgl\u0119dnili\u015bmy w&nbsp;projekcie nowej instrukcji g\u0142osowania korespondencyjnego. <\/p>\n<p>Zmodyfikowana instrukcja zosta\u0142a poddana badaniu jako\u015bciowemu z&nbsp;zastosowaniem pomiaru emocji i&nbsp;opinii (analogicznie do wcze\u015bniejszego badania). Por\u00f3wnanie wynik\u00f3w obu bada\u0144 wskaza\u0142o, \u017ce usprawnienie tre\u015bci instrukcji znacznie poprawi\u0142o do\u015bwiadczenia wyborcy g\u0142osuj\u0105cego korespondencyjnie. w&nbsp;por\u00f3wnaniu z&nbsp;pierwotn\u0105 wersj\u0105, j\u0119zyk instrukcji by\u0142 oceniony jako bardziej zrozumia\u0142y, g\u0142osowanie ocenione by\u0142o jako prostsze i&nbsp;wzros\u0142a te\u017c pewno\u015b\u0107 wyborc\u00f3w co do poprawnie oddanego g\u0142osu.\n<\/p>\t\t\t\t\t\t\t\t<\/div>\n\t\t\t\t<\/div>\n\t\t\t\t<div class=\"elementor-element elementor-element-a205149 elementor-widget-divider--view-line elementor-widget elementor-widget-divider\" data-id=\"a205149\" data-element_type=\"widget\" data-widget_type=\"divider.default\">\n\t\t\t\t<div class=\"elementor-widget-container\">\n\t\t\t\t\t\t\t<div class=\"elementor-divider\">\n\t\t\t<span class=\"elementor-divider-separator\">\n\t\t\t\t\t\t<\/span>\n\t\t<\/div>\n\t\t\t\t\t\t<\/div>\n\t\t\t\t<\/div>\n\t\t\t\t<div class=\"elementor-element elementor-element-7b50a37 elementor-widget elementor-widget-text-editor\" data-id=\"7b50a37\" data-element_type=\"widget\" data-widget_type=\"text-editor.default\">\n\t\t\t\t<div class=\"elementor-widget-container\">\n\t\t\t\t\t\t\t\t\tJaki charakter mia\u0142y badania ze wzgl\u0119du na metody\t\t\t\t\t\t\t\t<\/div>\n\t\t\t\t<\/div>\n\t\t\t\t<div class=\"elementor-element elementor-element-0ff7a5a elementor-widget elementor-widget-text-editor\" data-id=\"0ff7a5a\" data-element_type=\"widget\" data-widget_type=\"text-editor.default\">\n\t\t\t\t<div class=\"elementor-widget-container\">\n\t\t\t\t\t\t\t\t\t<ul>\n \t<li>jako\u015bciowe,<\/li>\n \t<li>analiza danych<\/li>\n<\/ul>\t\t\t\t\t\t\t\t<\/div>\n\t\t\t\t<\/div>\n\t\t\t\t\t<\/div>\n\t\t<\/div>\n\t\t\t\t<div class=\"elementor-column elementor-col-50 elementor-inner-column elementor-element elementor-element-c6e2c82\" data-id=\"c6e2c82\" data-element_type=\"column\" data-settings=\"{&quot;background_background&quot;:&quot;classic&quot;}\">\n\t\t\t<div class=\"elementor-widget-wrap elementor-element-populated\">\n\t\t\t\t\t<div class=\"elementor-background-overlay\"><\/div>\n\t\t\t\t\t\t<div class=\"elementor-element elementor-element-23d5857 elementor-hidden-desktop elementor-hidden-tablet elementor-widget-divider--view-line elementor-widget elementor-widget-divider\" data-id=\"23d5857\" data-element_type=\"widget\" data-widget_type=\"divider.default\">\n\t\t\t\t<div class=\"elementor-widget-container\">\n\t\t\t\t\t\t\t<div class=\"elementor-divider\">\n\t\t\t<span class=\"elementor-divider-separator\">\n\t\t\t\t\t\t<\/span>\n\t\t<\/div>\n\t\t\t\t\t\t<\/div>\n\t\t\t\t<\/div>\n\t\t\t\t<div class=\"elementor-element elementor-element-abfc97c elementor-widget elementor-widget-image\" data-id=\"abfc97c\" data-element_type=\"widget\" data-widget_type=\"image.default\">\n\t\t\t\t<div class=\"elementor-widget-container\">\n\t\t\t\t\t\t\t\t\t\t\t\t\t\t\t<img fetchpriority=\"high\" decoding=\"async\" width=\"300\" height=\"300\" src=\"https:\/\/ptbrio.pl\/cyber\/wp-content\/uploads\/2021\/03\/5_1_Banach_Monika.jpg\" class=\"attachment-full size-full wp-image-906\" alt=\"\" srcset=\"https:\/\/ptbrio.pl\/cyber\/wp-content\/uploads\/2021\/03\/5_1_Banach_Monika.jpg 300w, https:\/\/ptbrio.pl\/cyber\/wp-content\/uploads\/2021\/03\/5_1_Banach_Monika-150x150.jpg 150w, https:\/\/ptbrio.pl\/cyber\/wp-content\/uploads\/2021\/03\/5_1_Banach_Monika-100x100.jpg 100w\" sizes=\"(max-width: 300px) 100vw, 300px\" \/>\t\t\t\t\t\t\t\t\t\t\t\t\t\t\t<\/div>\n\t\t\t\t<\/div>\n\t\t\t\t<div class=\"elementor-element elementor-element-e9e2ebd animated-fast elementor-invisible elementor-widget elementor-widget-image\" data-id=\"e9e2ebd\" data-element_type=\"widget\" data-settings=\"{&quot;_animation&quot;:&quot;bounceIn&quot;,&quot;_animation_delay&quot;:1000}\" data-widget_type=\"image.default\">\n\t\t\t\t<div class=\"elementor-widget-container\">\n\t\t\t\t\t\t\t\t\t\t\t\t\t\t\t\t<a href=\"https:\/\/www.linkedin.com\/in\/monikabanach\/\" target=\"_blank\">\n\t\t\t\t\t\t\t<img decoding=\"async\" width=\"91\" height=\"30\" src=\"https:\/\/ptbrio.pl\/cyber\/wp-content\/uploads\/2021\/01\/linkedin2.png\" class=\"attachment-full size-full wp-image-232\" alt=\"\" \/>\t\t\t\t\t\t\t\t<\/a>\n\t\t\t\t\t\t\t\t\t\t\t\t\t\t\t<\/div>\n\t\t\t\t<\/div>\n\t\t\t\t<div class=\"elementor-element elementor-element-089c826 giz_abstrakt_name elementor-widget elementor-widget-text-editor\" data-id=\"089c826\" data-element_type=\"widget\" data-widget_type=\"text-editor.default\">\n\t\t\t\t<div class=\"elementor-widget-container\">\n\t\t\t\t\t\t\t\t\tMonika Banach\t\t\t\t\t\t\t\t<\/div>\n\t\t\t\t<\/div>\n\t\t\t\t<div class=\"elementor-element elementor-element-c88f505 giz_abstrakt_firma elementor-widget elementor-widget-text-editor\" data-id=\"c88f505\" data-element_type=\"widget\" data-widget_type=\"text-editor.default\">\n\t\t\t\t<div class=\"elementor-widget-container\">\n\t\t\t\t\t\t\t\t\tSymetria\t\t\t\t\t\t\t\t<\/div>\n\t\t\t\t<\/div>\n\t\t\t\t<div class=\"elementor-element elementor-element-bdc194f elementor-widget elementor-widget-text-editor\" data-id=\"bdc194f\" data-element_type=\"widget\" data-widget_type=\"text-editor.default\">\n\t\t\t\t<div class=\"elementor-widget-container\">\n\t\t\t\t\t\t\t\t\tOd 9 lat zajmuje si\u0119 badaniami w&nbsp;obszarze UX. \nDla najwi\u0119kszych polskich i&nbsp;zagranicznych marek prowadzi testy u\u017cyteczno\u015bci oraz projektuje i&nbsp;realizuje badania, kt\u00f3re pozwalaj\u0105 zidentyfikowa\u0107 potrzeby klient\u00f3w oraz insighty rynkowe. \nRekomendacje p\u0142yn\u0105ce z&nbsp;jej bada\u0144, pozwalaj\u0105 firmom wdra\u017ca\u0107 produkty cyfrowe, kt\u00f3re uwzgl\u0119dniaj\u0105 potrzeby u\u017cytkownik\u00f3w i&nbsp;dbaj\u0105 o&nbsp;najwy\u017cszy poziom ich do\u015bwiadcze\u0144.\t\t\t\t\t\t\t\t<\/div>\n\t\t\t\t<\/div>\n\t\t\t\t\t<\/div>\n\t\t<\/div>\n\t\t\t\t\t<\/div>\n\t\t<\/section>\n\t\t\t\t\t<\/div>\n\t\t<\/div>\n\t\t\t\t\t<\/div>\n\t\t<\/section>\n\t\t\t\t<\/div>\n\t\t","protected":false},"excerpt":{"rendered":"<p>UX obywatelski, czyli jak zaprojektowa\u0107 inkluzywny proces g\u0142osowania korespondencyjnego? Sesja Zdalno\u015b\u0107 w dzia\u0142aniu , godz.\u00a013:40#ux writing, #badania tre\u015bci, #wybory, #pandemia, #wykluczenie, #projektowanie inkluzywne, #g\u0142osowanie korespondencyjneMy\u015bl przewodnia wyst\u0105pienia: W zdalnych warunkach, gdy jeste\u015bmy \u201ez dala\u201d od innych i&nbsp;mamy utrudnion\u0105 mo\u017cliwo\u015b\u0107 proszenia o&nbsp;wyja\u015bnienie, szczeg\u00f3lnego znaczenia nabieraj\u0105 tre\u015bci, kt\u00f3rymi komunikuj\u0105 si\u0119 z&nbsp;nami serwisy, us\u0142ugi czy procesy. Powinny by\u0107 &hellip;<\/p>\n<p class=\"read-more\"> <a class=\"\" href=\"https:\/\/ptbrio.pl\/cyber\/ux-obywatelski-czyli-jak-zaprojektowac-inkluzywny-proces-glosowania-korespondencyjnego\/\"> <span class=\"screen-reader-text\">UX obywatelski, czyli jak zaprojektowa\u0107 inkluzywny proces g\u0142osowania korespondencyjnego?<\/span> Read More &raquo;<\/a><\/p>\n","protected":false},"author":1,"featured_media":0,"parent":0,"menu_order":0,"comment_status":"closed","ping_status":"closed","template":"","meta":{"footnotes":""},"class_list":["post-1008","page","type-page","status-publish","hentry"],"aioseo_notices":[],"_links":{"self":[{"href":"https:\/\/ptbrio.pl\/cyber\/wp-json\/wp\/v2\/pages\/1008","targetHints":{"allow":["GET"]}}],"collection":[{"href":"https:\/\/ptbrio.pl\/cyber\/wp-json\/wp\/v2\/pages"}],"about":[{"href":"https:\/\/ptbrio.pl\/cyber\/wp-json\/wp\/v2\/types\/page"}],"author":[{"embeddable":true,"href":"https:\/\/ptbrio.pl\/cyber\/wp-json\/wp\/v2\/users\/1"}],"replies":[{"embeddable":true,"href":"https:\/\/ptbrio.pl\/cyber\/wp-json\/wp\/v2\/comments?post=1008"}],"version-history":[{"count":6,"href":"https:\/\/ptbrio.pl\/cyber\/wp-json\/wp\/v2\/pages\/1008\/revisions"}],"predecessor-version":[{"id":1668,"href":"https:\/\/ptbrio.pl\/cyber\/wp-json\/wp\/v2\/pages\/1008\/revisions\/1668"}],"wp:attachment":[{"href":"https:\/\/ptbrio.pl\/cyber\/wp-json\/wp\/v2\/media?parent=1008"}],"curies":[{"name":"wp","href":"https:\/\/api.w.org\/{rel}","templated":true}]}}