{"id":1223,"date":"2021-03-21T15:45:53","date_gmt":"2021-03-21T14:45:53","guid":{"rendered":"https:\/\/ptbrio.pl\/cyber\/?page_id=1223"},"modified":"2021-03-22T13:28:55","modified_gmt":"2021-03-22T12:28:55","slug":"czy-aplikacje-moga-leczyc-o-digital-therapeutics-najszybciej-rosnacym-rynku-branzy-medycznej","status":"publish","type":"page","link":"https:\/\/ptbrio.pl\/cyber\/czy-aplikacje-moga-leczyc-o-digital-therapeutics-najszybciej-rosnacym-rynku-branzy-medycznej\/","title":{"rendered":"Czy aplikacje mog\u0105 leczy\u0107? O digital therapeutics &#8211; najszybciej rosn\u0105cym rynku bran\u017cy medycznej."},"content":{"rendered":"\t\t<div data-elementor-type=\"wp-page\" data-elementor-id=\"1223\" class=\"elementor elementor-1223\">\n\t\t\t\t\t\t<section class=\"elementor-section elementor-top-section elementor-element elementor-element-4d1a3d1 elementor-section-full_width elementor-section-height-default elementor-section-height-default\" data-id=\"4d1a3d1\" data-element_type=\"section\" data-settings=\"{&quot;background_background&quot;:&quot;gradient&quot;}\">\n\t\t\t\t\t\t<div class=\"elementor-container elementor-column-gap-default\">\n\t\t\t\t\t<div class=\"elementor-column elementor-col-100 elementor-top-column elementor-element elementor-element-ae0eb9e\" data-id=\"ae0eb9e\" data-element_type=\"column\">\n\t\t\t<div class=\"elementor-widget-wrap elementor-element-populated\">\n\t\t\t\t\t\t<section class=\"elementor-section elementor-inner-section elementor-element elementor-element-cbcc8a5 elementor-section-boxed elementor-section-height-default elementor-section-height-default\" data-id=\"cbcc8a5\" data-element_type=\"section\">\n\t\t\t\t\t\t<div class=\"elementor-container elementor-column-gap-default\">\n\t\t\t\t\t<div class=\"elementor-column elementor-col-100 elementor-inner-column elementor-element elementor-element-4e0f645\" data-id=\"4e0f645\" data-element_type=\"column\">\n\t\t\t<div class=\"elementor-widget-wrap elementor-element-populated\">\n\t\t\t\t\t\t<div class=\"elementor-element elementor-element-2ee2275 giz_abstrakt_title elementor-widget elementor-widget-text-editor\" data-id=\"2ee2275\" data-element_type=\"widget\" data-widget_type=\"text-editor.default\">\n\t\t\t\t<div class=\"elementor-widget-container\">\n\t\t\t\t\t\t\t\t\tCzy aplikacje mog\u0105 leczy\u0107? O digital therapeutics &#8211; najszybciej rosn\u0105cym rynku bran\u017cy medycznej.\t\t\t\t\t\t\t\t<\/div>\n\t\t\t\t<\/div>\n\t\t\t\t<div class=\"elementor-element elementor-element-7db6863 giz_abstrakt_sesja elementor-widget elementor-widget-text-editor\" data-id=\"7db6863\" data-element_type=\"widget\" data-widget_type=\"text-editor.default\">\n\t\t\t\t<div class=\"elementor-widget-container\">\n\t\t\t\t\t\t\t\t\tgodz.\u00a010:30\t\t\t\t\t\t\t\t<\/div>\n\t\t\t\t<\/div>\n\t\t\t\t\t<\/div>\n\t\t<\/div>\n\t\t\t\t\t<\/div>\n\t\t<\/section>\n\t\t\t\t\t<\/div>\n\t\t<\/div>\n\t\t\t\t\t<\/div>\n\t\t<\/section>\n\t\t\t\t<section class=\"elementor-section elementor-top-section elementor-element elementor-element-761ae02 elementor-section-boxed elementor-section-height-default elementor-section-height-default\" data-id=\"761ae02\" data-element_type=\"section\">\n\t\t\t\t\t\t<div class=\"elementor-container elementor-column-gap-default\">\n\t\t\t\t\t<div class=\"elementor-column elementor-col-100 elementor-top-column elementor-element elementor-element-cacde79\" data-id=\"cacde79\" data-element_type=\"column\">\n\t\t\t<div class=\"elementor-widget-wrap elementor-element-populated\">\n\t\t\t\t\t\t<section class=\"elementor-section elementor-inner-section elementor-element elementor-element-aa129a2 elementor-section-boxed elementor-section-height-default elementor-section-height-default\" data-id=\"aa129a2\" data-element_type=\"section\">\n\t\t\t\t\t\t<div class=\"elementor-container elementor-column-gap-default\">\n\t\t\t\t\t<div class=\"elementor-column elementor-col-50 elementor-inner-column elementor-element elementor-element-b06791a\" data-id=\"b06791a\" data-element_type=\"column\">\n\t\t\t<div class=\"elementor-widget-wrap elementor-element-populated\">\n\t\t\t\t\t\t<div class=\"elementor-element elementor-element-cc0f8da elementor-widget elementor-widget-text-editor\" data-id=\"cc0f8da\" data-element_type=\"widget\" data-widget_type=\"text-editor.default\">\n\t\t\t\t<div class=\"elementor-widget-container\">\n\t\t\t\t\t\t\t\t\tMy\u015bl przewodnia wyst\u0105pienia:\t\t\t\t\t\t\t\t<\/div>\n\t\t\t\t<\/div>\n\t\t\t\t<div class=\"elementor-element elementor-element-4239c67 elementor-widget elementor-widget-text-editor\" data-id=\"4239c67\" data-element_type=\"widget\" data-widget_type=\"text-editor.default\">\n\t\t\t\t<div class=\"elementor-widget-container\">\n\t\t\t\t\t\t\t\t\tLeczeniu wielu chor\u00f3b i zaburze\u0144 wymaga zmiany zachowania i emocji pacjenta. Depresja, l\u0119k, stres ale r\u00f3wnie\u017c nowotwory i choroby uk\u0142adu kr\u0105\u017cenia wymagaj\u0105 zadbania o wymiar behawioralny terapii. Digital therapeutics to certyfikowane produkty medyczne w postaci aplikacji, o udowodnionej klinicznie skuteczno\u015bci, kt\u00f3re pozwalaj\u0105 leczy\u0107 szereg zaburze\u0144 zar\u00f3wno psychicznych, jak i somatycznych. Zaczynaj\u0105 stanowi\u0107 trzeci\u0105 ga\u0142\u0105\u017a leczenia &#8211; obok psychoterapii i terapii farmakologicznej. W wielu krajach takich jak Niemcy, USA, czy Wielka Brytania produkty digital therapeutics s\u0105 refundowane i przepisywane na recept\u0119.\t\t\t\t\t\t\t\t<\/div>\n\t\t\t\t<\/div>\n\t\t\t\t\t<\/div>\n\t\t<\/div>\n\t\t\t\t<div class=\"elementor-column elementor-col-50 elementor-inner-column elementor-element elementor-element-c6e2c82\" data-id=\"c6e2c82\" data-element_type=\"column\" data-settings=\"{&quot;background_background&quot;:&quot;classic&quot;}\">\n\t\t\t<div class=\"elementor-widget-wrap elementor-element-populated\">\n\t\t\t\t\t<div class=\"elementor-background-overlay\"><\/div>\n\t\t\t\t\t\t<div class=\"elementor-element elementor-element-23d5857 elementor-hidden-desktop elementor-hidden-tablet elementor-widget-divider--view-line elementor-widget elementor-widget-divider\" data-id=\"23d5857\" data-element_type=\"widget\" data-widget_type=\"divider.default\">\n\t\t\t\t<div class=\"elementor-widget-container\">\n\t\t\t\t\t\t\t<div class=\"elementor-divider\">\n\t\t\t<span class=\"elementor-divider-separator\">\n\t\t\t\t\t\t<\/span>\n\t\t<\/div>\n\t\t\t\t\t\t<\/div>\n\t\t\t\t<\/div>\n\t\t\t\t<div class=\"elementor-element elementor-element-abfc97c elementor-widget elementor-widget-image\" data-id=\"abfc97c\" data-element_type=\"widget\" data-widget_type=\"image.default\">\n\t\t\t\t<div class=\"elementor-widget-container\">\n\t\t\t\t\t\t\t\t\t\t\t\t\t\t\t<img fetchpriority=\"high\" decoding=\"async\" width=\"300\" height=\"300\" src=\"https:\/\/ptbrio.pl\/cyber\/wp-content\/uploads\/2021\/03\/Ostrowski_Marek.jpg\" class=\"attachment-full size-full wp-image-1544\" alt=\"\" srcset=\"https:\/\/ptbrio.pl\/cyber\/wp-content\/uploads\/2021\/03\/Ostrowski_Marek.jpg 300w, https:\/\/ptbrio.pl\/cyber\/wp-content\/uploads\/2021\/03\/Ostrowski_Marek-150x150.jpg 150w, https:\/\/ptbrio.pl\/cyber\/wp-content\/uploads\/2021\/03\/Ostrowski_Marek-100x100.jpg 100w\" sizes=\"(max-width: 300px) 100vw, 300px\" \/>\t\t\t\t\t\t\t\t\t\t\t\t\t\t\t<\/div>\n\t\t\t\t<\/div>\n\t\t\t\t<div class=\"elementor-element elementor-element-e9e2ebd animated-fast elementor-invisible elementor-widget elementor-widget-image\" data-id=\"e9e2ebd\" data-element_type=\"widget\" data-settings=\"{&quot;_animation&quot;:&quot;bounceIn&quot;,&quot;_animation_delay&quot;:1000}\" data-widget_type=\"image.default\">\n\t\t\t\t<div class=\"elementor-widget-container\">\n\t\t\t\t\t\t\t\t\t\t\t\t\t\t\t\t<a href=\"https:\/\/www.linkedin.com\/in\/marek-ostrowski-898151138\/\" target=\"_blank\">\n\t\t\t\t\t\t\t<img decoding=\"async\" width=\"91\" height=\"30\" src=\"https:\/\/ptbrio.pl\/cyber\/wp-content\/uploads\/2021\/01\/linkedin2.png\" class=\"attachment-full size-full wp-image-232\" alt=\"\" \/>\t\t\t\t\t\t\t\t<\/a>\n\t\t\t\t\t\t\t\t\t\t\t\t\t\t\t<\/div>\n\t\t\t\t<\/div>\n\t\t\t\t<div class=\"elementor-element elementor-element-089c826 giz_abstrakt_name elementor-widget elementor-widget-text-editor\" data-id=\"089c826\" data-element_type=\"widget\" data-widget_type=\"text-editor.default\">\n\t\t\t\t<div class=\"elementor-widget-container\">\n\t\t\t\t\t\t\t\t\tMarek Ostrowski\t\t\t\t\t\t\t\t<\/div>\n\t\t\t\t<\/div>\n\t\t\t\t<div class=\"elementor-element elementor-element-c88f505 giz_abstrakt_firma elementor-widget elementor-widget-text-editor\" data-id=\"c88f505\" data-element_type=\"widget\" data-widget_type=\"text-editor.default\">\n\t\t\t\t<div class=\"elementor-widget-container\">\n\t\t\t\t\t\t\t\t\tProsoma Digital Therapeutics\t\t\t\t\t\t\t\t<\/div>\n\t\t\t\t<\/div>\n\t\t\t\t<div class=\"elementor-element elementor-element-bdc194f elementor-widget elementor-widget-text-editor\" data-id=\"bdc194f\" data-element_type=\"widget\" data-widget_type=\"text-editor.default\">\n\t\t\t\t<div class=\"elementor-widget-container\">\n\t\t\t\t\t\t\t\t\tPsychoterapeuta, psychoonkolog i przedsi\u0119biorca rozwijaj\u0105cy start-upy od 2006 roku. Co-founder w Luxon LED, najszybciej rozwijaj\u0105cej si\u0119 firmie o\u015bwietleniowej w Europie. Od trzech lat jest Prezesem Zarz\u0105du w Prosoma Digital Therapeutics, projekcie tworz\u0105cym kliniczn\u0105 aplikacj\u0119 terapeutyczn\u0105 obni\u017caj\u0105c\u0105 stres i l\u0119k w\u015br\u00f3d pacjent\u00f3w chorych na raka. Obecnie prowadzi pierwsze w Polsce randomizowane badania kliniczne produktu digital therapeutics. \t\t\t\t\t\t\t\t<\/div>\n\t\t\t\t<\/div>\n\t\t\t\t\t<\/div>\n\t\t<\/div>\n\t\t\t\t\t<\/div>\n\t\t<\/section>\n\t\t\t\t\t<\/div>\n\t\t<\/div>\n\t\t\t\t\t<\/div>\n\t\t<\/section>\n\t\t\t\t<\/div>\n\t\t","protected":false},"excerpt":{"rendered":"<p>Czy aplikacje mog\u0105 leczy\u0107? O digital therapeutics &#8211; najszybciej rosn\u0105cym rynku bran\u017cy medycznej.godz.\u00a010:30My\u015bl przewodnia wyst\u0105pienia:Leczeniu wielu chor\u00f3b i zaburze\u0144 wymaga zmiany zachowania i emocji pacjenta. Depresja, l\u0119k, stres ale r\u00f3wnie\u017c nowotwory i choroby uk\u0142adu kr\u0105\u017cenia wymagaj\u0105 zadbania o wymiar behawioralny terapii. Digital therapeutics to certyfikowane produkty medyczne w postaci aplikacji, o udowodnionej klinicznie skuteczno\u015bci, kt\u00f3re &hellip;<\/p>\n<p class=\"read-more\"> <a class=\"\" href=\"https:\/\/ptbrio.pl\/cyber\/czy-aplikacje-moga-leczyc-o-digital-therapeutics-najszybciej-rosnacym-rynku-branzy-medycznej\/\"> <span class=\"screen-reader-text\">Czy aplikacje mog\u0105 leczy\u0107? O digital therapeutics &#8211; najszybciej rosn\u0105cym rynku bran\u017cy medycznej.<\/span> Read More &raquo;<\/a><\/p>\n","protected":false},"author":1,"featured_media":0,"parent":0,"menu_order":0,"comment_status":"closed","ping_status":"closed","template":"","meta":{"footnotes":""},"class_list":["post-1223","page","type-page","status-publish","hentry"],"aioseo_notices":[],"_links":{"self":[{"href":"https:\/\/ptbrio.pl\/cyber\/wp-json\/wp\/v2\/pages\/1223","targetHints":{"allow":["GET"]}}],"collection":[{"href":"https:\/\/ptbrio.pl\/cyber\/wp-json\/wp\/v2\/pages"}],"about":[{"href":"https:\/\/ptbrio.pl\/cyber\/wp-json\/wp\/v2\/types\/page"}],"author":[{"embeddable":true,"href":"https:\/\/ptbrio.pl\/cyber\/wp-json\/wp\/v2\/users\/1"}],"replies":[{"embeddable":true,"href":"https:\/\/ptbrio.pl\/cyber\/wp-json\/wp\/v2\/comments?post=1223"}],"version-history":[{"count":13,"href":"https:\/\/ptbrio.pl\/cyber\/wp-json\/wp\/v2\/pages\/1223\/revisions"}],"predecessor-version":[{"id":1554,"href":"https:\/\/ptbrio.pl\/cyber\/wp-json\/wp\/v2\/pages\/1223\/revisions\/1554"}],"wp:attachment":[{"href":"https:\/\/ptbrio.pl\/cyber\/wp-json\/wp\/v2\/media?parent=1223"}],"curies":[{"name":"wp","href":"https:\/\/api.w.org\/{rel}","templated":true}]}}