{"id":877,"date":"2021-03-19T14:40:42","date_gmt":"2021-03-19T13:40:42","guid":{"rendered":"https:\/\/ptbrio.pl\/cyber\/?page_id=877"},"modified":"2021-08-02T15:07:06","modified_gmt":"2021-08-02T13:07:06","slug":"polityka-prywatnosci","status":"publish","type":"page","link":"https:\/\/ptbrio.pl\/cyber\/polityka-prywatnosci\/","title":{"rendered":"Polityka prywatno\u015bci"},"content":{"rendered":"<h1>Zasady przetwarzania danych osobowych przez Polskie Towarzystwo Badaczy Rynku i Opinii<\/h1>\n<div class=\"art_tresc\">\n<p>&nbsp;<\/p>\n<p>W ramach naszej statutowej dzia\u0142alno\u015bci niezb\u0119dne jest przetwarzanie podstawowych danych osobowych, przede wszystkim danych kontaktowych. Poni\u017cej przedstawiamy zbi\u00f3r zasad, dzi\u0119ki kt\u00f3rym Twoje dane (je\u015bli nam je przekaza\u0142e\u015b lub zrobisz to w przysz\u0142o\u015bci) s\u0105 bezpieczne:<\/p>\n<p>1) Administratorem Twoich danych osobowych jest Polskie Towarzystwo Badaczy Rynku i Opinii z siedzib\u0105 przy ul. Szarotki 11 w Warszawie.<\/p>\n<p>2) W sprawach dotycz\u0105cych ochrony danych osobowych mo\u017cna si\u0119 skontaktowa\u0107 z administratorem pod adresem e \u2013 mail:\u00a0<span id=\"cloakb08749bbe131f40c3e9fe7cc2b0ae0c7\"><a href=\"mailto:sekretariat@ptbrio.pl\">sekretariat@ptbrio.pl<\/a><\/span>, a tak\u017ce w formie papierowej lub osobi\u015bcie pod adresem: ul. Szarotki 11, 02 \u2013 609 Warszawa.<\/p>\n<p>3) Przetwarzanie danych osobowych odbywa si\u0119:<br \/>\na) na podstawie art. 6 ust. 1. lit. b Rozporz\u0105dzenia Og\u00f3lnego o Ochronie Danych Osobowych (dalej RODO) (niezb\u0119dno\u015bci do wykonania umowy lub podj\u0119cia dzia\u0142a\u0144 przed jej zawarciem), czyli<br \/>\nkiedy uczestniczysz w organizowanym przez nas wydarzeniu lub przesy\u0142amy Ci zam\u00f3wione publikacje w wersji elektronicznej lub papierowej<br \/>\nb) na podstawie art. 6 ust. 1 lit. a RODO (zgody osoby, kt\u00f3rej dane dotycz\u0105) w celu przysz\u0142ych kontakt\u00f3w, o ile wyrazisz na to zgod\u0119,<br \/>\nc) na podstawie art. 6 ust. 1 lit. f RODO (prawnie uzasadnionych interes\u00f3w administratora danych):<br \/>\ni) w celach archiwalnych (dowodowych) dla zabezpieczenia informacji na wypadek prawnej potrzeby wykazania fakt\u00f3w,<br \/>\nii) w celu ewentualnego ustalenia, dochodzenia lub obrony przed roszczeniami,<br \/>\nd) na podstawie art. 6 ust. 1 lit. c RODO (obowi\u0105zek na\u0142o\u017cony prawem na administratora):<br \/>\ni. w celu realizacji \u017c\u0105da\u0144 organ\u00f3w \u015bcigania i na potrzeby post\u0119powa\u0144 s\u0105dowych,<br \/>\nii. w celu dope\u0142nianie wymaganych prawem obowi\u0105zk\u00f3w: ksi\u0119gowych, podatkowych.<\/p>\n<p>4. Odbiorc\u0105 Twoich danych:<br \/>\na) mog\u0105 by\u0107 instytucje pa\u0144stwowe uprawnione na podstawie przepis\u00f3w prawa,<br \/>\nb) mog\u0105 by\u0107 podmioty zewn\u0119trzne dzia\u0142aj\u0105ce w imieniu i na zlecenie PTBRiO, w szczeg\u00f3lno\u015bci w<br \/>\ncelu prowadzenia bie\u017c\u0105cej dzia\u0142alno\u015bci oraz realizacji cel\u00f3w statutowych; powierzone dane<br \/>\nwykorzystywane b\u0119d\u0105 tylko w zakresie i celu wskazanym przez PTBRiO<\/p>\n<p>5. Przechowujemy Twoje dane:<br \/>\na) przetwarzane na podstawie zgody, do czasu wycofania przez Ciebie zgody,<br \/>\nb) przetwarzane w celu wykonania umowy, do czasu przedawnienia roszcze\u0144 powsta\u0142ych na jej podstawie przez czas niezb\u0119dny do ich dochodzenia lub obrony,<br \/>\nc) przetwarzane na podstawie prawnie usprawiedliwionego interesu administratora przez czas niezb\u0119dny do osi\u0105gni\u0119cia celu lub zg\u0142oszenia przez Ciebie skutecznego sprzeciwu,<br \/>\nd) przetwarzane na podstawie przepisu prawa przez okres wynikaj\u0105cy z akt\u00f3w prawa powszechnie\u00a0obowi\u0105zuj\u0105cego,<\/p>\n<p>6. Posiadasz prawo dost\u0119pu do tre\u015bci swoich danych oraz ich sprostowania, usuni\u0119cia, ograniczenia przetwarzania, przeniesienia, wniesienia sprzeciwu, skargi do organu nadzorczego.<\/p>\n<p>7. Wyra\u017cona przez Ciebie zgoda mo\u017ce zosta\u0107 wycofana w ka\u017cdej chwili. Wycofanie zgody nie wp\u0142ynie na zgodno\u015b\u0107 z prawem przetwarzania Twoich danych osobowych, kt\u00f3rego dokonano na podstawie wyra\u017conej przez Ciebie zgody, przed jej wycofaniem. O\u015bwiadczenie o wycofaniu zgody na przetwarzanie Twoich danych osobowych nale\u017cy kierowa\u0107 na adres mailowy\u00a0<span id=\"cloak8dee8b85c674b19aac43f186752a829e\"><a href=\"mailto:rejestracja@ptbrio.pl\">rejestracja@ptbrio.pl<\/a><\/span>\u00a0lub do naszego biura przy ul. Szarotki 11 w Warszawie.<\/p>\n<p>8. W ka\u017cdej chwili przys\u0142uguje Ci prawo do wniesienia sprzeciwu wobec przetwarzania Twoich danych na podstawie art. 6 ust. 1 lit. f w celach wskazanych powy\u017cej. Przestaniemy przetwarza\u0107 Twoje dane w tych celach, chyba \u017ce b\u0119dziemy w stanie wykaza\u0107, \u017ce istniej\u0105 wa\u017cne, prawnie uzasadnione podstawy, kt\u00f3re s\u0105 nadrz\u0119dne wobec Twoich interes\u00f3w, praw i wolno\u015bci lub Twoje dane b\u0119d\u0105 nam niezb\u0119dne do ewentualnego ustalenia, dochodzenia lub obrony roszcze\u0144.<\/p>\n<p>9. Masz prawo wniesienia skargi do Prezesa Urz\u0119du Ochrony Danych Osobowych gdy uznasz, i\u017c przetwarzanie danych osobowych Ciebie dotycz\u0105cych narusza przepisy og\u00f3lnego rozporz\u0105dzenia o ochronie danych osobowych.<\/p>\n<p>10. Twoje dane nie b\u0119d\u0105 przekazywane do pa\u0144stwa trzeciego\/organizacji mi\u0119dzynarodowej.<\/p>\n<p>11. Podanie przez Ciebie danych osobowych jest warunkiem zawarcia umowy (udzia\u0142u w wydarzeniu lub przes\u0142ania materia\u0142\u00f3w) oraz wymogiem umownym natomiast dla cel\u00f3w przetwarzania opartego na Twojej zgodzie podanie danych jest dobrowolne.<\/p>\n<\/div>\n","protected":false},"excerpt":{"rendered":"<p>Zasady przetwarzania danych osobowych przez Polskie Towarzystwo Badaczy Rynku i Opinii &nbsp; W ramach naszej statutowej dzia\u0142alno\u015bci niezb\u0119dne jest przetwarzanie podstawowych danych osobowych, przede wszystkim danych kontaktowych. Poni\u017cej przedstawiamy zbi\u00f3r zasad, dzi\u0119ki kt\u00f3rym Twoje dane (je\u015bli nam je przekaza\u0142e\u015b lub zrobisz to w przysz\u0142o\u015bci) s\u0105 bezpieczne: 1) Administratorem Twoich danych osobowych jest Polskie Towarzystwo Badaczy &hellip;<\/p>\n<p class=\"read-more\"> <a class=\"\" href=\"https:\/\/ptbrio.pl\/cyber\/polityka-prywatnosci\/\"> <span class=\"screen-reader-text\">Polityka prywatno\u015bci<\/span> Read More &raquo;<\/a><\/p>\n","protected":false},"author":3,"featured_media":0,"parent":0,"menu_order":0,"comment_status":"closed","ping_status":"closed","template":"elementor_header_footer","meta":{"footnotes":""},"class_list":["post-877","page","type-page","status-publish","hentry"],"aioseo_notices":[],"_links":{"self":[{"href":"https:\/\/ptbrio.pl\/cyber\/wp-json\/wp\/v2\/pages\/877","targetHints":{"allow":["GET"]}}],"collection":[{"href":"https:\/\/ptbrio.pl\/cyber\/wp-json\/wp\/v2\/pages"}],"about":[{"href":"https:\/\/ptbrio.pl\/cyber\/wp-json\/wp\/v2\/types\/page"}],"author":[{"embeddable":true,"href":"https:\/\/ptbrio.pl\/cyber\/wp-json\/wp\/v2\/users\/3"}],"replies":[{"embeddable":true,"href":"https:\/\/ptbrio.pl\/cyber\/wp-json\/wp\/v2\/comments?post=877"}],"version-history":[{"count":2,"href":"https:\/\/ptbrio.pl\/cyber\/wp-json\/wp\/v2\/pages\/877\/revisions"}],"predecessor-version":[{"id":879,"href":"https:\/\/ptbrio.pl\/cyber\/wp-json\/wp\/v2\/pages\/877\/revisions\/879"}],"wp:attachment":[{"href":"https:\/\/ptbrio.pl\/cyber\/wp-json\/wp\/v2\/media?parent=877"}],"curies":[{"name":"wp","href":"https:\/\/api.w.org\/{rel}","templated":true}]}}