{"id":880,"date":"2021-03-19T14:44:00","date_gmt":"2021-03-19T13:44:00","guid":{"rendered":"https:\/\/ptbrio.pl\/cyber\/?page_id=880"},"modified":"2021-08-02T15:06:03","modified_gmt":"2021-08-02T13:06:03","slug":"regulamin","status":"publish","type":"page","link":"https:\/\/ptbrio.pl\/cyber\/regulamin\/","title":{"rendered":"Regulamin"},"content":{"rendered":"<h1>REGULAMIN KONFERENCJI I SZKOLE\u0143<br \/>\norganizowanych przez ORA&amp;Funksters<\/h1>\n<p>1. Organizatorem konferencji, kurs\u00f3w, szkole\u0144, seminari\u00f3w otwartych i zamkni\u0119tych oraz warsztat\u00f3w praktycznych jest ORA&amp;Funksters Tomasz S\u0142awi\u0144ski, ul. Szarotki 11, 02-609<br \/>\nWarszawa, NIP: 951 180 52 41 wpisany do Centralnej Ewidencji Dzia\u0142alno\u015bci Gospodarczej, zwany dalej Organizatorem.<br \/>\n2. Organizator prowadzi konferencje, kursy, szkolenia, seminaria i warsztaty umo\u017cliwiaj\u0105ce uzyskiwanie i uzupe\u0142nianie wiedzy, umiej\u0119tno\u015bci i kwalifikacji zawodowych<br \/>\n3. Szkolenia i konferencje otwarte s\u0105 og\u00f3lnie dost\u0119pne zar\u00f3wno dla klient\u00f3w indywidualnych jak i przedsi\u0119biorc\u00f3w.<br \/>\n4. W przypadku Szkole\u0144 kursowych, osoby bior\u0105ce udzia\u0142 w Szkoleniu (Uczestnicy) musz\u0105 spe\u0142nia\u0107 wymogi podane w ofercie Szkolenia.<br \/>\n5. Konferencje i szkolenia zamkni\u0119te s\u0105 przygotowywane indywidualnie na zlecenie podmiotu\/osoby zamawiaj\u0105cej Szkolenie.<br \/>\n6. Program i harmonogram Konferencji i Szkole\u0144 zamkni\u0119tych ustalany jest indywidualnie i dopasowany do potrzeb podmiotu\/osoby zamawiaj\u0105cej Konferencj\u0119 b\u0105d\u017a Szkolenie.<br \/>\n7. Konferencje i Szkolenia odbywaj\u0105 si\u0119 w salach konferencyjnych i szkoleniowych zlokalizowanych w siedzibie Organizatora, a tak\u017ce w salach i obiektach wskazanych<br \/>\nprzez zleceniodawc\u0119 oraz wynajmowanych na cele konferencyjne b\u0105d\u017a szkoleniowe na terenie ca\u0142ej Polski.<br \/>\n8. Dok\u0142adna lokalizacja i termin ka\u017cdego szkolenia b\u0105d\u017a konferencji publikowane s\u0105 na bie\u017c\u0105co na stronie internetowej szkolenia b\u0105d\u017a konferencji.<br \/>\n9. Organizator zapewnia odpowiednie wyposa\u017cenie sal konferencyjnych i szkoleniowych w umeblowanie, urz\u0105dzenia i \u015brodki dydaktyczne dostosowane do rodzaju i tematyki<br \/>\nprowadzonego Szkolenia lub Konferencji.<br \/>\n10. Organizator prowadzi tak\u017ce Konferencje i Szkolenia online na platformach Microsoft Teams, zoom.us, ClickMeeting lub korzystaj\u0105c z dedykowanych serwis\u00f3w<br \/>\numo\u017cliwiaj\u0105cych ogl\u0105danie transmisji wideo i nagra\u0144.<br \/>\n11. Uczestnicy szkole\u0144 i konferencji online przed podj\u0119ciem decyzji o udziale w szkoleniu b\u0105d\u017a konferencji powinni sprawdzi\u0107 czy posiadane urz\u0105dzenia posiadaj\u0105 odpowiednie<br \/>\noprogramowanie do udzia\u0142u w wydarzeniu. Uczestnik powinien dysponowa\u0107 komputerem z zainstalowanym system operacyjnym Windows 7 albo nowszym lub<br \/>\nmacOS Sierra (10.12.6) albo nowszym lub urz\u0105dzeniem mobilnym z zainstalowanym systemem operacyjnym Android (Lollipop) wersja 5.0 albo nowszym lub iOS wersja 9.3.5,<br \/>\nalbo nowszym, wyposa\u017conym w ekran i g\u0142o\u015bniki pozwalaj\u0105cym na dost\u0119p do sieci Internet. Niezb\u0119dny jest tak\u017ce dost\u0119p do sieci Internet oraz aktualna wersj\u0105 przegl\u0105darki<br \/>\nFirefox, Opera, Microsoft Edge, Chrome lub Safari; adobe acrobat w najnowszej wersji.<br \/>\n12. Podmiot\/Osoba zamawiaj\u0105ca udzia\u0142 w szkoleniu lub Uczestnik odpowiadaj\u0105 za w\u0142a\u015bciwy dob\u00f3r sprz\u0119tu i oprogramowania umo\u017cliwiaj\u0105cy udzia\u0142 w szkoleniu lub konferencji online.<br \/>\n13. Oferta Szkolenia lub Konferencji zawieraj\u0105ca szczeg\u00f3\u0142owy opis programu i harmonogramu publikowana jest na stronie internetowej wydarzenia, konferencji lub<br \/>\nszkolenia.<br \/>\n14. Opis Szkolenia lub Konferencji okre\u015bla spos\u00f3b udzia\u0142u oraz, w przypadku Szkole\u0144 lub Konferencji stacjonarnych, co najmniej miejsce i termin zaj\u0119\u0107 szkoleniowych oraz czas ich<br \/>\ntrwania.<br \/>\n15. Cena Konferencji i Szkole\u0144 otwartych ustalana jest przez Organizatora w zale\u017cno\u015bci od rodzaju Konferencji i Szkolenia i umieszczona na stronie www wydarzenia, konferencji<br \/>\nlub szkolenia.<br \/>\n16. Cena szkole\u0144 i konferencji zamkni\u0119tych realizowanych na indywidualne zlecenie przedsi\u0119biorstw\/os\u00f3b zamawiaj\u0105cych jest ustalana ka\u017cdorazowo indywidualnie z osob\u0105<br \/>\nzamawiaj\u0105c\u0105 Szkolenie.<br \/>\n17. W celu uczestnictwa w Konferencji b\u0105d\u017a Szkoleniu osoba zamawiaj\u0105ca lub Uczestnik przesy\u0142aj\u0105 Organizatorowi kart\u0119 zg\u0142oszenia uczestnictwa zawieraj\u0105c\u0105 zgod\u0119<br \/>\nna przetwarzanie danych osobowych Uczestnik\u00f3w Szkolenia b\u0105d\u017a Konferencji.<br \/>\n18. Organizator przesy\u0142a potwierdzenie udzia\u0142u w konferencji b\u0105d\u017a szkoleniu dla zakwalifikowanych Uczestnik\u00f3w, kt\u00f3re stanowi potwierdzenie zawarcia umowy<br \/>\no przeprowadzenie Szkolenia b\u0105d\u017a Konferencji.<br \/>\n19. Zap\u0142ata wynagrodzenia Organizatora za Konferencj\u0119 b\u0105d\u017a Szkolenie dokonywana jest na podstawie faktury proforma wystawionej po z\u0142o\u017ceniu zam\u00f3wienia lub faktury VAT, je\u015bli<br \/>\nuczestnik otrzyma\u0142 dost\u0119p do materia\u0142\u00f3w edukacyjnych lub serwisu z takimi materia\u0142ami.<br \/>\n20. Warunkiem umo\u017cliwienia Uczestnikowi udzia\u0142u w Konferencji lub wydarzeniu jest uiszczenie wszystkich op\u0142at za udzia\u0142 w Konferencji lub wydarzeniu.<br \/>\n21. Wszystkie Szkolenia i Konferencje prowadzone s\u0105 wy\u0142\u0105cznie dla os\u00f3b pe\u0142noletnich; warunkiem udzia\u0142u jest uko\u0144czenie przez uczestnika 18 lat, najp\u00f3\u017aniej w dniu<br \/>\npoprzedzaj\u0105cym termin rozpocz\u0119cia danego Szkolenia b\u0105d\u017a Konferencji.<br \/>\n22. W przypadku zg\u0142oszenia si\u0119 na Szkolenie b\u0105d\u017a Konferencj\u0119 mniejszej liczby uczestnik\u00f3w ni\u017c przewidziana minimalna liczba dla danego rodzaju Szkolenia b\u0105d\u017a Konferencji,<br \/>\nOrganizator ma prawo wyznaczy\u0107 inny termin, powiadamiaj\u0105c o tym uczestnik\u00f3w.<br \/>\n23. W przypadku braku zgody uczestnika na udzia\u0142 w konferencji lub szkoleniu w innym terminie ma on prawo odst\u0105pi\u0107 od umowy w terminie 3 dni od otrzymania stosownej<br \/>\ninformacji.<br \/>\n24. Uczestnik nie ponosi koszt\u00f3w rezygnacji z udzia\u0142u w szkoleniu b\u0105d\u017a konferencji, w przypadku, gdy ma ona miejsce na co najmniej 15 dni roboczych przed terminem<br \/>\nSzkolenia b\u0105d\u017a Konferencji. Osoby, kt\u00f3re nie odwo\u0142aj\u0105 swojej rezerwacji w ww. terminie i nie wezm\u0105 udzia\u0142u w Szkoleniu lub Konferencji zostan\u0105 obci\u0105\u017cone pe\u0142nymi kosztami<br \/>\nuczestnictwa na podstawie wystawionej im faktury. W wydarzeniu mo\u017ce uczestniczy\u0107 inna osoba wskazana przez Zamawiaj\u0105cego.<br \/>\n25. Rezygnacja z udzia\u0142u w szkoleniu b\u0105d\u017a konferencji przyjmowana jest tylko w formie pisemnej b\u0105d\u017a w formie mailowej.<br \/>\n26. Termin i przebieg Szkolenia b\u0105d\u017a Konferencji wynika z harmonogramu umieszczonego na stronie www wydarzenia.<br \/>\n27. Zaj\u0119cia szkoleniowe ka\u017cdego Szkolenia lub Konferencji prowadzone s\u0105 przez kadr\u0119 posiadaj\u0105c\u0105 odpowiednie wykszta\u0142cenie, kwalifikacje i do\u015bwiadczenie zawodowe<br \/>\nodpowiednie do danego programu Szkolenia i Konferencji.<br \/>\n28. Uczestnicy Szkole\u0144 b\u0105d\u017a konferencji otrzymuj\u0105 opracowane przez Organizatora materia\u0142y szkoleniowo-dydaktyczne zgodnie z informacjami umieszczonymi na stronie<br \/>\nwww wydarzenia lub szkolenia. Wszystkie materia\u0142y dydaktyczne, u\u017cywane podczas zaj\u0119\u0107 oraz udost\u0119pniane Uczestnikom, w tym skrypty, prezentacje, a tak\u017ce inne tego<br \/>\nrodzaju materia\u0142y opracowane lub udost\u0119pniane Uczestnikom, obj\u0119te s\u0105 ochron\u0105 prawa autorskiego oraz prawa w\u0142asno\u015bci intelektualnej i z tego tytu\u0142u nie mog\u0105 by\u0107 kopiowane,<br \/>\nrozpowszechniane lub udost\u0119pniane przez Uczestnik\u00f3w osobom trzecim pod rygorem odpowiedzialno\u015bci prawnej.<br \/>\n29. W trakcie trwania Szkolenia lub Konferencji Uczestnicy nie mog\u0105 w \u017cadnej formie rejestrowa\u0107 ich przebiegu ani ich utrwala\u0107 w postaci obrazu lub d\u017awi\u0119ku.<br \/>\n30. Ka\u017cdy uczestnik zobowi\u0105zany jest zapozna\u0107 si\u0119 z tre\u015bci\u0105 Polityki prywatno\u015bci opublikowanej na stronie internetowej wydarzenia , kt\u00f3ry okre\u015bla w szczeg\u00f3lno\u015bci zakres,<br \/>\ncele i zasady przetwarzania danych osobowych uczestnik\u00f3w kurs\u00f3w i szkole\u0144 stosownie do wymog\u00f3w wynikaj\u0105cych z Rozporz\u0105dzenia Parlamentu Europejskiego i Rady (UE)<br \/>\n2016\/679 z dnia 27 kwietnia 2016 r. w sprawie ochrony os\u00f3b fizycznych w zwi\u0105zku z przetwarzaniem danych osobowych i w sprawie swobodnego przep\u0142ywu takich<br \/>\ndanych oraz uchylenia dyrektywy 95\/46\/WE (okre\u015blanego jako \u201eRODO\u201d).<br \/>\n31. Organizator zastrzega sobie prawo do zmiany programu Konferencji tj. m.in. os\u00f3b prelegent\u00f3w, temat\u00f3w i godzin prelekcji jak r\u00f3wnie\u017c terminu i miejsca przeprowadzenia<br \/>\nKonferencji, je\u017celi pomimo zachowania nale\u017cytej staranno\u015bci przez Organizatora pierwotny program Konferencji oka\u017ce si\u0119 niemo\u017cliwy lub istotnie utrudniony<br \/>\ndo zrealizowania np. na skutek choroby prelegenta lub innych zdarze\u0144 b\u0119d\u0105cych poza kontrol\u0105 Organizatora. Organizator poinformuje uczestnik\u00f3w o zmianach, najszybciej jak<br \/>\nb\u0119dzie to mo\u017cliwe.<br \/>\n32. Organizator zastrzega sobie, w przypadku zaistnienia okoliczno\u015bci wymienionych w pkt 31, prawo do odst\u0105pienia od umowy (odwo\u0142ania szkolenia, Konferencji) w terminie<br \/>\ndo dnia zako\u0144czenia Konferencji. Zwrot koszt\u00f3w Uczestnikom zostanie dokonany na podstawie podpisanej przez Podmiot\/Osob\u0119 zamawiaj\u0105c\u0105 faktury koryguj\u0105cej<br \/>\nw terminie 10 dni roboczych.<br \/>\n33. Przebieg wydarzenia mo\u017ce by\u0107 utrwalony wy\u0142\u0105cznie przez Organizatora za pomoc\u0105 urz\u0105dze\u0144 rejestruj\u0105cych obraz i d\u017awi\u0119k. Zg\u0142oszenie uczestnictwa jest r\u00f3wnoznaczne<br \/>\nz wyra\u017ceniem zgody na publikacj\u0119 wizerunku b\u0105d\u017a wypowiedzi utrwalonych podczas wydarzenia i na wykorzystanie ich w materia\u0142ach promuj\u0105cych wydarzenia, w tym<br \/>\npublikowanych w postaci zdj\u0119\u0107 lub film\u00f3w na stronach internetowych wydarzenia lub Organizatora, z poszanowaniem obowi\u0105zuj\u0105cych przepis\u00f3w i bez dodatkowego<br \/>\nwynagrodzenia<br \/>\n34. Ka\u017cdy uczestnik po zako\u0144czeniu Szkolenia b\u0105d\u017a Konferencji ma prawo do wype\u0142nienia ankiety oceniaj\u0105cej jako\u015b\u0107 Szkolenia lub Konferencji.<\/p>\n","protected":false},"excerpt":{"rendered":"<p>REGULAMIN KONFERENCJI I SZKOLE\u0143 organizowanych przez ORA&amp;Funksters 1. Organizatorem konferencji, kurs\u00f3w, szkole\u0144, seminari\u00f3w otwartych i zamkni\u0119tych oraz warsztat\u00f3w praktycznych jest ORA&amp;Funksters Tomasz S\u0142awi\u0144ski, ul. Szarotki 11, 02-609 Warszawa, NIP: 951 180 52 41 wpisany do Centralnej Ewidencji Dzia\u0142alno\u015bci Gospodarczej, zwany dalej Organizatorem. 2. Organizator prowadzi konferencje, kursy, szkolenia, seminaria i warsztaty umo\u017cliwiaj\u0105ce uzyskiwanie i uzupe\u0142nianie &hellip;<\/p>\n<p class=\"read-more\"> <a class=\"\" href=\"https:\/\/ptbrio.pl\/cyber\/regulamin\/\"> <span class=\"screen-reader-text\">Regulamin<\/span> Read More &raquo;<\/a><\/p>\n","protected":false},"author":3,"featured_media":0,"parent":0,"menu_order":0,"comment_status":"closed","ping_status":"closed","template":"elementor_header_footer","meta":{"footnotes":""},"class_list":["post-880","page","type-page","status-publish","hentry"],"aioseo_notices":[],"_links":{"self":[{"href":"https:\/\/ptbrio.pl\/cyber\/wp-json\/wp\/v2\/pages\/880","targetHints":{"allow":["GET"]}}],"collection":[{"href":"https:\/\/ptbrio.pl\/cyber\/wp-json\/wp\/v2\/pages"}],"about":[{"href":"https:\/\/ptbrio.pl\/cyber\/wp-json\/wp\/v2\/types\/page"}],"author":[{"embeddable":true,"href":"https:\/\/ptbrio.pl\/cyber\/wp-json\/wp\/v2\/users\/3"}],"replies":[{"embeddable":true,"href":"https:\/\/ptbrio.pl\/cyber\/wp-json\/wp\/v2\/comments?post=880"}],"version-history":[{"count":1,"href":"https:\/\/ptbrio.pl\/cyber\/wp-json\/wp\/v2\/pages\/880\/revisions"}],"predecessor-version":[{"id":881,"href":"https:\/\/ptbrio.pl\/cyber\/wp-json\/wp\/v2\/pages\/880\/revisions\/881"}],"wp:attachment":[{"href":"https:\/\/ptbrio.pl\/cyber\/wp-json\/wp\/v2\/media?parent=880"}],"curies":[{"name":"wp","href":"https:\/\/api.w.org\/{rel}","templated":true}]}}