{"id":973,"date":"2021-03-20T18:04:06","date_gmt":"2021-03-20T17:04:06","guid":{"rendered":"https:\/\/ptbrio.pl\/cyber\/?page_id=973"},"modified":"2021-03-22T13:52:22","modified_gmt":"2021-03-22T12:52:22","slug":"lockdown-ciala-i-psyche-nowe-napiecia-nowe-potrzeby-nowe-rozwiazania","status":"publish","type":"page","link":"https:\/\/ptbrio.pl\/cyber\/lockdown-ciala-i-psyche-nowe-napiecia-nowe-potrzeby-nowe-rozwiazania\/","title":{"rendered":"Lockdown cia\u0142a i psyche. Nowe napi\u0119cia, nowe potrzeby, nowe rozwi\u0105zania"},"content":{"rendered":"\t\t<div data-elementor-type=\"wp-page\" data-elementor-id=\"973\" class=\"elementor elementor-973\">\n\t\t\t\t\t\t<section class=\"elementor-section elementor-top-section elementor-element elementor-element-4d1a3d1 elementor-section-full_width elementor-section-height-default elementor-section-height-default\" data-id=\"4d1a3d1\" data-element_type=\"section\" data-settings=\"{&quot;background_background&quot;:&quot;gradient&quot;}\">\n\t\t\t\t\t\t<div class=\"elementor-container elementor-column-gap-default\">\n\t\t\t\t\t<div class=\"elementor-column elementor-col-100 elementor-top-column elementor-element elementor-element-ae0eb9e\" data-id=\"ae0eb9e\" data-element_type=\"column\">\n\t\t\t<div class=\"elementor-widget-wrap elementor-element-populated\">\n\t\t\t\t\t\t<section class=\"elementor-section elementor-inner-section elementor-element elementor-element-cbcc8a5 elementor-section-boxed elementor-section-height-default elementor-section-height-default\" data-id=\"cbcc8a5\" data-element_type=\"section\">\n\t\t\t\t\t\t<div class=\"elementor-container elementor-column-gap-default\">\n\t\t\t\t\t<div class=\"elementor-column elementor-col-100 elementor-inner-column elementor-element elementor-element-4e0f645\" data-id=\"4e0f645\" data-element_type=\"column\">\n\t\t\t<div class=\"elementor-widget-wrap elementor-element-populated\">\n\t\t\t\t\t\t<div class=\"elementor-element elementor-element-2ee2275 giz_abstrakt_title elementor-widget elementor-widget-text-editor\" data-id=\"2ee2275\" data-element_type=\"widget\" data-widget_type=\"text-editor.default\">\n\t\t\t\t<div class=\"elementor-widget-container\">\n\t\t\t\t\t\t\t\t\tLockdown cia\u0142a i psyche. Nowe napi\u0119cia, nowe potrzeby, nowe rozwi\u0105zania\t\t\t\t\t\t\t\t<\/div>\n\t\t\t\t<\/div>\n\t\t\t\t<div class=\"elementor-element elementor-element-7db6863 giz_abstrakt_sesja elementor-widget elementor-widget-text-editor\" data-id=\"7db6863\" data-element_type=\"widget\" data-widget_type=\"text-editor.default\">\n\t\t\t\t<div class=\"elementor-widget-container\">\n\t\t\t\t\t\t\t\t\tSesja <strong>Zdalno\u015b\u0107 w do\u015bwiadczaniu fizyczno\u015bci<\/strong>, godz.\u00a013:10\t\t\t\t\t\t\t\t<\/div>\n\t\t\t\t<\/div>\n\t\t\t\t<div class=\"elementor-element elementor-element-159e908 elementor-widget elementor-widget-text-editor\" data-id=\"159e908\" data-element_type=\"widget\" data-widget_type=\"text-editor.default\">\n\t\t\t\t<div class=\"elementor-widget-container\">\n\t\t\t\t\t\t\t\t\t#aktywno\u015b\u0107, #ruch, #sport, #esport, #dobrostan, #zmiana, #decyzje, #ograniczenia, #emocje \t\t\t\t\t\t\t\t<\/div>\n\t\t\t\t<\/div>\n\t\t\t\t\t<\/div>\n\t\t<\/div>\n\t\t\t\t\t<\/div>\n\t\t<\/section>\n\t\t\t\t\t<\/div>\n\t\t<\/div>\n\t\t\t\t\t<\/div>\n\t\t<\/section>\n\t\t\t\t<section class=\"elementor-section elementor-top-section elementor-element elementor-element-761ae02 elementor-section-boxed elementor-section-height-default elementor-section-height-default\" data-id=\"761ae02\" data-element_type=\"section\">\n\t\t\t\t\t\t<div class=\"elementor-container elementor-column-gap-default\">\n\t\t\t\t\t<div class=\"elementor-column elementor-col-100 elementor-top-column elementor-element elementor-element-cacde79\" data-id=\"cacde79\" data-element_type=\"column\">\n\t\t\t<div class=\"elementor-widget-wrap elementor-element-populated\">\n\t\t\t\t\t\t<section class=\"elementor-section elementor-inner-section elementor-element elementor-element-aa129a2 elementor-section-boxed elementor-section-height-default elementor-section-height-default\" data-id=\"aa129a2\" data-element_type=\"section\">\n\t\t\t\t\t\t<div class=\"elementor-container elementor-column-gap-default\">\n\t\t\t\t\t<div class=\"elementor-column elementor-col-50 elementor-inner-column elementor-element elementor-element-b06791a\" data-id=\"b06791a\" data-element_type=\"column\">\n\t\t\t<div class=\"elementor-widget-wrap elementor-element-populated\">\n\t\t\t\t\t\t<div class=\"elementor-element elementor-element-cc0f8da elementor-widget elementor-widget-text-editor\" data-id=\"cc0f8da\" data-element_type=\"widget\" data-widget_type=\"text-editor.default\">\n\t\t\t\t<div class=\"elementor-widget-container\">\n\t\t\t\t\t\t\t\t\tMy\u015bl przewodnia wyst\u0105pienia:\t\t\t\t\t\t\t\t<\/div>\n\t\t\t\t<\/div>\n\t\t\t\t<div class=\"elementor-element elementor-element-4239c67 elementor-widget elementor-widget-text-editor\" data-id=\"4239c67\" data-element_type=\"widget\" data-widget_type=\"text-editor.default\">\n\t\t\t\t<div class=\"elementor-widget-container\">\n\t\t\t\t\t\t\t\t\tPandemia mia\u0142a (i ma nadal) ogromny wp\u0142yw na nasze samopoczucie. Izolacja spo\u0142eczna, znacznie zmniejszenie aktywno\u015bci, praca zdalna, zamkni\u0119te si\u0142ownie\/ kluby fitness, studia ta\u0144ca i&nbsp;jogi, boiska itd., anulowane eventy e-sportowe &#8211; wszystko to wp\u0142ywa na zdrowie fizyczne i&nbsp;psychiczne Polek i&nbsp;Polak\u00f3w, ale tak\u017ce na stan psychofizyczny os\u00f3b stoj\u0105cych za bran\u017c\u0105 sportow\u0105 i&nbsp;e-sportow\u0105. \nJakie emocje towarzysz\u0105 nam \u2013 ludziom bardziej i&nbsp;mniej aktywnym w&nbsp;kontek\u015bcie ogranicze\u0144 pandemicznych zwi\u0105zanych z&nbsp;aktywno\u015bci\u0105? Co si\u0119 zmieni\u0142o? Jakie potrzeby i&nbsp;jak udaje si\u0119 zaspokaja\u0107? A jakie pozostaj\u0105 niezaspokojone i&nbsp;co z&nbsp;tego wynika dla nas samych? Jakie napi\u0119cia rodzi sytuacja, gdy fizyczna aktywno\u015b\u0107 i&nbsp;towarzysz\u0105ce jej emocje zostaj\u0105 zapo\u015bredniczone przez online\u2019owe platformy ? z&nbsp;jakimi nowymi do\u015bwiadczeniami i&nbsp;wyzwaniami si\u0119 mierzymy zar\u00f3wno w&nbsp;obszarze emocji jak i&nbsp;fizyczno\u015bci? Jak to wp\u0142ywa na nasz dobrostan? \nJak w&nbsp;\u201enowej rzeczywisto\u015bci\u201d radz\u0105 sobie niesieciowe kluby fitness, si\u0142ownie, trenerzy personalni? Jakie emocje im towarzysz\u0105? Oni przecie\u017c te\u017c mieli i&nbsp;maj\u0105 potrzeby, plany. Jakie zmiany wdro\u017cyli, a czego unikaj\u0105? Jak to wp\u0142ynie na bran\u017c\u0119 fitness\/ amatorskiego sportu w&nbsp;przysz\u0142o\u015bci? \nCo z&nbsp;e-sportem, kt\u00f3ry &#8211; mimo \u017ce jest \u201ee\u201d &#8211; w&nbsp;du\u017cej mierze online, to jednak maj\u0105cy ogromn\u0105 publiczno\u015b\u0107 offilne na r\u00f3\u017cnych wydarzeniach? Jak zmieni\u0142o si\u0119 funkcjonowanie zawodnik\u00f3w (na przyk\u0142adzie ligi LoL), jak pandemia wp\u0142yn\u0119\u0142a na ich wyniki w&nbsp;turniejach\/ rozgrywkach i&nbsp;w&nbsp;efekcie na stan psychofizyczny? Jak radz\u0105 sobie z&nbsp;sytuacj\u0105 kibice, kt\u00f3rzy nie maj\u0105 mo\u017cliwo\u015bci czerpa\u0107 energii z&nbsp;wielkich wydarze\u0144 e-sportowych, jak np. IEM, ale te\u017c nie daj\u0105 \u201ekopa\u201d zawodnikom na arenach? \nCo \u0142\u0105czy, a co r\u00f3\u017cni ludzi ze \u015bwiata aktywno\u015bci \u201erealnych\u201d i&nbsp;wirtualnych? Na ile pandemia zbli\u017cy\u0142a lub oddali\u0142a potrzeby tych dw\u00f3ch grup? \nNa te i&nbsp;inne pytania zwi\u0105zane z&nbsp;aktywno\u015bci\u0105, sportem i&nbsp;e-sportem w&nbsp;okresie pandemii opowiemy w&nbsp;trakcie naszego wyst\u0105pienia.\t\t\t\t\t\t\t\t<\/div>\n\t\t\t\t<\/div>\n\t\t\t\t<div class=\"elementor-element elementor-element-5f9b2da elementor-widget-divider--view-line elementor-widget elementor-widget-divider\" data-id=\"5f9b2da\" data-element_type=\"widget\" data-widget_type=\"divider.default\">\n\t\t\t\t<div class=\"elementor-widget-container\">\n\t\t\t\t\t\t\t<div class=\"elementor-divider\">\n\t\t\t<span class=\"elementor-divider-separator\">\n\t\t\t\t\t\t<\/span>\n\t\t<\/div>\n\t\t\t\t\t\t<\/div>\n\t\t\t\t<\/div>\n\t\t\t\t<div class=\"elementor-element elementor-element-e1c083f elementor-widget elementor-widget-text-editor\" data-id=\"e1c083f\" data-element_type=\"widget\" data-widget_type=\"text-editor.default\">\n\t\t\t\t<div class=\"elementor-widget-container\">\n\t\t\t\t\t\t\t\t\tKorzy\u015bci:\t\t\t\t\t\t\t\t<\/div>\n\t\t\t\t<\/div>\n\t\t\t\t<div class=\"elementor-element elementor-element-288b752 elementor-widget elementor-widget-text-editor\" data-id=\"288b752\" data-element_type=\"widget\" data-widget_type=\"text-editor.default\">\n\t\t\t\t<div class=\"elementor-widget-container\">\n\t\t\t\t\t\t\t\t\tPrzedstawimy, jak zmieni\u0142y si\u0119 napi\u0119cia, potrzeby, aspiracje Polek i&nbsp;Polak\u00f3w w&nbsp;kontek\u015bcie aktywno\u015bci, ruchu, sportu i&nbsp;e-sportu oraz w\u015br\u00f3d os\u00f3b zwi\u0105zanych ze sportem w&nbsp;spos\u00f3b profesjonalny. Informacje z&nbsp;wyst\u0105pienia b\u0119d\u0105 wskaz\u00f3wk\u0105 \u2013 nie tylko dla marek zwi\u0105zanych ze sportem i&nbsp;e-sportem, ale tak\u017ce z&nbsp;innych bran\u017c &#8211; na jakie potrzeby warto odpowiada\u0107, z&nbsp;kt\u00f3rymi si\u0119 zmierzy\u0107, aby zyska\u0107 przychylno\u015b\u0107 konsument\u00f3w w&nbsp;tych trudnych czasach.\nNasze wyst\u0105pienie mo\u017ce sta\u0107 si\u0119 inspiracj\u0105 do dalszych bada\u0144\/ analiz, dzia\u0142a\u0144 marketingowych marek w&nbsp;nadchodz\u0105cej, niepewnej przysz\u0142o\u015bci.\t\t\t\t\t\t\t\t<\/div>\n\t\t\t\t<\/div>\n\t\t\t\t<div class=\"elementor-element elementor-element-b61d00f elementor-widget-divider--view-line elementor-widget elementor-widget-divider\" data-id=\"b61d00f\" data-element_type=\"widget\" data-widget_type=\"divider.default\">\n\t\t\t\t<div class=\"elementor-widget-container\">\n\t\t\t\t\t\t\t<div class=\"elementor-divider\">\n\t\t\t<span class=\"elementor-divider-separator\">\n\t\t\t\t\t\t<\/span>\n\t\t<\/div>\n\t\t\t\t\t\t<\/div>\n\t\t\t\t<\/div>\n\t\t\t\t<div class=\"elementor-element elementor-element-0abb212 elementor-widget elementor-widget-text-editor\" data-id=\"0abb212\" data-element_type=\"widget\" data-widget_type=\"text-editor.default\">\n\t\t\t\t<div class=\"elementor-widget-container\">\n\t\t\t\t\t\t\t\t\tNowe oryginalne tre\u015bci wyst\u0105pienia:\t\t\t\t\t\t\t\t<\/div>\n\t\t\t\t<\/div>\n\t\t\t\t<div class=\"elementor-element elementor-element-0da4736 elementor-widget elementor-widget-text-editor\" data-id=\"0da4736\" data-element_type=\"widget\" data-widget_type=\"text-editor.default\">\n\t\t\t\t<div class=\"elementor-widget-container\">\n\t\t\t\t\t\t\t\t\tZmiany postaw w\u015br\u00f3d os\u00f3b prezentuj\u0105cych r\u00f3\u017cne stopnie aktywno\u015bci fizycznej i&nbsp;wp\u0142yw tych zmian na stan psychofizyczny, a w&nbsp;efekcie na postrzeganie bran\u017cy.\nOkre\u015blenie mikro trend\u00f3w w&nbsp;bran\u017cy sportowej i&nbsp;e-sportowej, kt\u00f3re mog\u0105 wp\u0142yn\u0105\u0107 na dalszy rozw\u00f3j bran\u017cy w&nbsp;kolejnych latach.\t\t\t\t\t\t\t\t<\/div>\n\t\t\t\t<\/div>\n\t\t\t\t<div class=\"elementor-element elementor-element-bdddf97 elementor-widget-divider--view-line elementor-widget elementor-widget-divider\" data-id=\"bdddf97\" data-element_type=\"widget\" data-widget_type=\"divider.default\">\n\t\t\t\t<div class=\"elementor-widget-container\">\n\t\t\t\t\t\t\t<div class=\"elementor-divider\">\n\t\t\t<span class=\"elementor-divider-separator\">\n\t\t\t\t\t\t<\/span>\n\t\t<\/div>\n\t\t\t\t\t\t<\/div>\n\t\t\t\t<\/div>\n\t\t\t\t<div class=\"elementor-element elementor-element-8df4c87 elementor-widget elementor-widget-text-editor\" data-id=\"8df4c87\" data-element_type=\"widget\" data-widget_type=\"text-editor.default\">\n\t\t\t\t<div class=\"elementor-widget-container\">\n\t\t\t\t\t\t\t\t\tBadania na kt\u00f3rych opiera si\u0119 wyst\u0105pienie:\t\t\t\t\t\t\t\t<\/div>\n\t\t\t\t<\/div>\n\t\t\t\t<div class=\"elementor-element elementor-element-63f54ca elementor-widget elementor-widget-text-editor\" data-id=\"63f54ca\" data-element_type=\"widget\" data-widget_type=\"text-editor.default\">\n\t\t\t\t<div class=\"elementor-widget-container\">\n\t\t\t\t\t\t\t\t\tNasze wyst\u0105pienie oparte b\u0119dzie na:\n<ol>\n\t<li>\n\tBadaniu jako\u015bciowym, przeprowadzonym w\u015br\u00f3d:\n\t<ul>\n\t\t<li>kobiet i\u00a0m\u0119\u017cczyzn prezentuj\u0105cych r\u00f3\u017cny stopie\u0144 aktywno\u015bci przed pandemi\u0105 i\u00a0w\u00a0czasie pandemii (r\u00f3\u017cne rodzaje aktywno\u015bci, dyscypliny sportowe)<\/li>\n\t\t<li>kobiet i\u00a0m\u0119\u017cczyzn reprezentuj\u0105cych bran\u017c\u0119 sportow\u0105 (trenerki i\u00a0trenerzy personalni, w\u0142a\u015bciciele klub\u00f3w fitness, si\u0142owni, innych miejsc aktywno\u015bci fizycznej, np. zwi\u0105zanych z\u00a0ta\u0144cem, jog\u0105 itp.)<\/li>\n\t\t<li>zawodnik\u00f3w i\u00a0zawodniczek e-sportowych i\u00a0kibic\u00f3w<\/li>\n\t<\/ul>\n\t<\/li>\n\t<li>Badaniu ilo\u015bciowym zrealizowanym na grupie os\u00f3b korzystaj\u0105cych z\u00a0r\u00f3\u017cnego typu aktywno\u015bci oraz w\u015br\u00f3d reprezentant\u00f3w bran\u017cy sportowej.<\/li>\n\t<li> Analizie dost\u0119pnych danych dotycz\u0105cych zmian w\u00a0obszarze e-sportu na przyk\u0142adzie LOL.<\/li>\n<\/ol>\t\t\t\t\t\t\t\t<\/div>\n\t\t\t\t<\/div>\n\t\t\t\t<div class=\"elementor-element elementor-element-a205149 elementor-widget-divider--view-line elementor-widget elementor-widget-divider\" data-id=\"a205149\" data-element_type=\"widget\" data-widget_type=\"divider.default\">\n\t\t\t\t<div class=\"elementor-widget-container\">\n\t\t\t\t\t\t\t<div class=\"elementor-divider\">\n\t\t\t<span class=\"elementor-divider-separator\">\n\t\t\t\t\t\t<\/span>\n\t\t<\/div>\n\t\t\t\t\t\t<\/div>\n\t\t\t\t<\/div>\n\t\t\t\t<div class=\"elementor-element elementor-element-7b50a37 elementor-widget elementor-widget-text-editor\" data-id=\"7b50a37\" data-element_type=\"widget\" data-widget_type=\"text-editor.default\">\n\t\t\t\t<div class=\"elementor-widget-container\">\n\t\t\t\t\t\t\t\t\tJaki charakter mia\u0142y badania ze wzgl\u0119du na metody\t\t\t\t\t\t\t\t<\/div>\n\t\t\t\t<\/div>\n\t\t\t\t<div class=\"elementor-element elementor-element-0ff7a5a elementor-widget elementor-widget-text-editor\" data-id=\"0ff7a5a\" data-element_type=\"widget\" data-widget_type=\"text-editor.default\">\n\t\t\t\t<div class=\"elementor-widget-container\">\n\t\t\t\t\t\t\t\t\t<ul>\n \t<li>jako\u015bciowe,<\/li>\n        <li>ilo\u015bciowe,<\/li>\n \t<li>analiza danych<\/li>\n<\/ul>\t\t\t\t\t\t\t\t<\/div>\n\t\t\t\t<\/div>\n\t\t\t\t\t<\/div>\n\t\t<\/div>\n\t\t\t\t<div class=\"elementor-column elementor-col-50 elementor-inner-column elementor-element elementor-element-c6e2c82\" data-id=\"c6e2c82\" data-element_type=\"column\" data-settings=\"{&quot;background_background&quot;:&quot;classic&quot;}\">\n\t\t\t<div class=\"elementor-widget-wrap elementor-element-populated\">\n\t\t\t\t\t<div class=\"elementor-background-overlay\"><\/div>\n\t\t\t\t\t\t<div class=\"elementor-element elementor-element-23d5857 elementor-hidden-desktop elementor-hidden-tablet elementor-widget-divider--view-line elementor-widget elementor-widget-divider\" data-id=\"23d5857\" data-element_type=\"widget\" data-widget_type=\"divider.default\">\n\t\t\t\t<div class=\"elementor-widget-container\">\n\t\t\t\t\t\t\t<div class=\"elementor-divider\">\n\t\t\t<span class=\"elementor-divider-separator\">\n\t\t\t\t\t\t<\/span>\n\t\t<\/div>\n\t\t\t\t\t\t<\/div>\n\t\t\t\t<\/div>\n\t\t\t\t<div class=\"elementor-element elementor-element-abfc97c elementor-widget elementor-widget-image\" data-id=\"abfc97c\" data-element_type=\"widget\" data-widget_type=\"image.default\">\n\t\t\t\t<div class=\"elementor-widget-container\">\n\t\t\t\t\t\t\t\t\t\t\t\t\t\t\t<img fetchpriority=\"high\" decoding=\"async\" width=\"300\" height=\"300\" src=\"https:\/\/ptbrio.pl\/cyber\/wp-content\/uploads\/2021\/03\/2_2_Haczewska_Kasia.jpg\" class=\"attachment-full size-full wp-image-892\" alt=\"\" srcset=\"https:\/\/ptbrio.pl\/cyber\/wp-content\/uploads\/2021\/03\/2_2_Haczewska_Kasia.jpg 300w, https:\/\/ptbrio.pl\/cyber\/wp-content\/uploads\/2021\/03\/2_2_Haczewska_Kasia-150x150.jpg 150w, https:\/\/ptbrio.pl\/cyber\/wp-content\/uploads\/2021\/03\/2_2_Haczewska_Kasia-100x100.jpg 100w\" sizes=\"(max-width: 300px) 100vw, 300px\" \/>\t\t\t\t\t\t\t\t\t\t\t\t\t\t\t<\/div>\n\t\t\t\t<\/div>\n\t\t\t\t<div class=\"elementor-element elementor-element-e9e2ebd animated-fast elementor-invisible elementor-widget elementor-widget-image\" data-id=\"e9e2ebd\" data-element_type=\"widget\" data-settings=\"{&quot;_animation&quot;:&quot;bounceIn&quot;,&quot;_animation_delay&quot;:1000}\" data-widget_type=\"image.default\">\n\t\t\t\t<div class=\"elementor-widget-container\">\n\t\t\t\t\t\t\t\t\t\t\t\t\t\t\t\t<a href=\"https:\/\/www.linkedin.com\/in\/katarzyna-haczewska-wierzbicka-re\/\" target=\"_blank\">\n\t\t\t\t\t\t\t<img decoding=\"async\" width=\"91\" height=\"30\" src=\"https:\/\/ptbrio.pl\/cyber\/wp-content\/uploads\/2021\/01\/linkedin2.png\" class=\"attachment-full size-full wp-image-232\" alt=\"\" \/>\t\t\t\t\t\t\t\t<\/a>\n\t\t\t\t\t\t\t\t\t\t\t\t\t\t\t<\/div>\n\t\t\t\t<\/div>\n\t\t\t\t<div class=\"elementor-element elementor-element-089c826 giz_abstrakt_name elementor-widget elementor-widget-text-editor\" data-id=\"089c826\" data-element_type=\"widget\" data-widget_type=\"text-editor.default\">\n\t\t\t\t<div class=\"elementor-widget-container\">\n\t\t\t\t\t\t\t\t\tKasia Haczewska-Wierzbicka\t\t\t\t\t\t\t\t<\/div>\n\t\t\t\t<\/div>\n\t\t\t\t<div class=\"elementor-element elementor-element-c88f505 giz_abstrakt_firma elementor-widget elementor-widget-text-editor\" data-id=\"c88f505\" data-element_type=\"widget\" data-widget_type=\"text-editor.default\">\n\t\t\t\t<div class=\"elementor-widget-container\">\n\t\t\t\t\t\t\t\t\tResearch Eye\t\t\t\t\t\t\t\t<\/div>\n\t\t\t\t<\/div>\n\t\t\t\t<div class=\"elementor-element elementor-element-bdc194f elementor-widget elementor-widget-text-editor\" data-id=\"bdc194f\" data-element_type=\"widget\" data-widget_type=\"text-editor.default\">\n\t\t\t\t<div class=\"elementor-widget-container\">\n\t\t\t\t\t\t\t\t\tBadaczka, facylitatorka, strate\u017cka i menad\u017cerka, wsp\u00f3\u0142w\u0142a\u015bcicielka butiku badawczo-strategicznego Research Eye.\nPomaga budowa\u0107 silne marki, wspiera instytucje publiczne w dzia\u0142aniach na rzecz spo\u0142ecze\u0144stwa. Specjalizuje si\u0119 w badaniach eksploracyjnych, badaniach komunikacji i marki (w tym marki pracodawcy) oraz w tworzeniu strategii i rozwi\u0105za\u0144 s\u0142u\u017c\u0105cych zwi\u0119kszaniu efektywno\u015bci dzia\u0142a\u0144 w obszarach biznesowych i spo\u0142ecznych.\nLubi wyzwania, trudne projekty i wsp\u00f3\u0142prac\u0119 warsztatow\u0105, kt\u00f3ra pozwala wsp\u00f3lnie z Klientem przekuwa\u0107 wiedz\u0119 z bada\u0144 w konkretne rozwi\u0105zania. \nOd zawsze bardzo aktywna, zaanga\u017cowana w r\u00f3\u017cne dyscypliny sportowe, nie wyobra\u017ca sobie codziennego funkcjonowania bez sportu.\t\t\t\t\t\t\t\t<\/div>\n\t\t\t\t<\/div>\n\t\t\t\t<div class=\"elementor-element elementor-element-f501eb0 elementor-widget-divider--view-line elementor-widget elementor-widget-divider\" data-id=\"f501eb0\" data-element_type=\"widget\" data-widget_type=\"divider.default\">\n\t\t\t\t<div class=\"elementor-widget-container\">\n\t\t\t\t\t\t\t<div class=\"elementor-divider\">\n\t\t\t<span class=\"elementor-divider-separator\">\n\t\t\t\t\t\t<\/span>\n\t\t<\/div>\n\t\t\t\t\t\t<\/div>\n\t\t\t\t<\/div>\n\t\t\t\t<div class=\"elementor-element elementor-element-0b30bc8 elementor-widget elementor-widget-image\" data-id=\"0b30bc8\" data-element_type=\"widget\" data-widget_type=\"image.default\">\n\t\t\t\t<div class=\"elementor-widget-container\">\n\t\t\t\t\t\t\t\t\t\t\t\t\t\t\t<img decoding=\"async\" width=\"300\" height=\"300\" src=\"https:\/\/ptbrio.pl\/cyber\/wp-content\/uploads\/2021\/03\/2_2_Tedziagolska_magda.jpg\" class=\"attachment-full size-full wp-image-893\" alt=\"\" srcset=\"https:\/\/ptbrio.pl\/cyber\/wp-content\/uploads\/2021\/03\/2_2_Tedziagolska_magda.jpg 300w, https:\/\/ptbrio.pl\/cyber\/wp-content\/uploads\/2021\/03\/2_2_Tedziagolska_magda-150x150.jpg 150w, https:\/\/ptbrio.pl\/cyber\/wp-content\/uploads\/2021\/03\/2_2_Tedziagolska_magda-100x100.jpg 100w\" sizes=\"(max-width: 300px) 100vw, 300px\" \/>\t\t\t\t\t\t\t\t\t\t\t\t\t\t\t<\/div>\n\t\t\t\t<\/div>\n\t\t\t\t<div class=\"elementor-element elementor-element-dc9caa4 animated-fast elementor-invisible elementor-widget elementor-widget-image\" data-id=\"dc9caa4\" data-element_type=\"widget\" data-settings=\"{&quot;_animation&quot;:&quot;bounceIn&quot;,&quot;_animation_delay&quot;:1000}\" data-widget_type=\"image.default\">\n\t\t\t\t<div class=\"elementor-widget-container\">\n\t\t\t\t\t\t\t\t\t\t\t\t\t\t\t\t<a href=\"https:\/\/www.linkedin.com\/in\/magdalena-t%C4%99dziagolska-9213231\/\" target=\"_blank\">\n\t\t\t\t\t\t\t<img decoding=\"async\" width=\"91\" height=\"30\" src=\"https:\/\/ptbrio.pl\/cyber\/wp-content\/uploads\/2021\/01\/linkedin2.png\" class=\"attachment-full size-full wp-image-232\" alt=\"\" \/>\t\t\t\t\t\t\t\t<\/a>\n\t\t\t\t\t\t\t\t\t\t\t\t\t\t\t<\/div>\n\t\t\t\t<\/div>\n\t\t\t\t<div class=\"elementor-element elementor-element-6aa3057 giz_abstrakt_name elementor-widget elementor-widget-text-editor\" data-id=\"6aa3057\" data-element_type=\"widget\" data-widget_type=\"text-editor.default\">\n\t\t\t\t<div class=\"elementor-widget-container\">\n\t\t\t\t\t\t\t\t\tMagda T\u0119dziagolska\t\t\t\t\t\t\t\t<\/div>\n\t\t\t\t<\/div>\n\t\t\t\t<div class=\"elementor-element elementor-element-fe90209 giz_abstrakt_firma elementor-widget elementor-widget-text-editor\" data-id=\"fe90209\" data-element_type=\"widget\" data-widget_type=\"text-editor.default\">\n\t\t\t\t<div class=\"elementor-widget-container\">\n\t\t\t\t\t\t\t\t\tResearch Eye\t\t\t\t\t\t\t\t<\/div>\n\t\t\t\t<\/div>\n\t\t\t\t<div class=\"elementor-element elementor-element-a8a3b47 elementor-widget elementor-widget-text-editor\" data-id=\"a8a3b47\" data-element_type=\"widget\" data-widget_type=\"text-editor.default\">\n\t\t\t\t<div class=\"elementor-widget-container\">\n\t\t\t\t\t\t\t\t\tBadaczka, facylitatorka, trenerka, mened\u017cerka. Wsp\u00f3\u0142w\u0142a\u015bcicielka butiku badawczo-strategicznego Research Eye. Od kilkunastu lat pracuje z klientami nad tworzeniem rozwi\u0105za\u0144 rozwijaj\u0105cych ich biznes, dzia\u0142alno\u015b\u0107 spo\u0142eczn\u0105 czy publiczn\u0105. Najbardziej lubi prowadzi\u0107 warsztaty, badania w dzia\u0142aniu (action research), eksploracj\u0119 i ewaluacj\u0119. Sp\u0119dzi\u0142a kilka tysi\u0119cy godzin na sali szkoleniowej\/warsztatowej i nieustaj\u0105co czerpie z tego mn\u00f3stwo energii do dzia\u0142ania.\nMi\u0142o\u015bniczka ta\u0144ca GAGA, z ciekawo\u015bci\u0105 odkrywaj\u0105ca jego online&#8217;owe oblicze.\t\t\t\t\t\t\t\t<\/div>\n\t\t\t\t<\/div>\n\t\t\t\t\t<\/div>\n\t\t<\/div>\n\t\t\t\t\t<\/div>\n\t\t<\/section>\n\t\t\t\t\t<\/div>\n\t\t<\/div>\n\t\t\t\t\t<\/div>\n\t\t<\/section>\n\t\t\t\t<\/div>\n\t\t","protected":false},"excerpt":{"rendered":"<p>Lockdown cia\u0142a i psyche. Nowe napi\u0119cia, nowe potrzeby, nowe rozwi\u0105zaniaSesja Zdalno\u015b\u0107 w do\u015bwiadczaniu fizyczno\u015bci, godz.\u00a013:10#aktywno\u015b\u0107, #ruch, #sport, #esport, #dobrostan, #zmiana, #decyzje, #ograniczenia, #emocje My\u015bl przewodnia wyst\u0105pienia:Pandemia mia\u0142a (i ma nadal) ogromny wp\u0142yw na nasze samopoczucie. Izolacja spo\u0142eczna, znacznie zmniejszenie aktywno\u015bci, praca zdalna, zamkni\u0119te si\u0142ownie\/ kluby fitness, studia ta\u0144ca i&nbsp;jogi, boiska itd., anulowane eventy e-sportowe &#8211; &hellip;<\/p>\n<p class=\"read-more\"> <a class=\"\" href=\"https:\/\/ptbrio.pl\/cyber\/lockdown-ciala-i-psyche-nowe-napiecia-nowe-potrzeby-nowe-rozwiazania\/\"> <span class=\"screen-reader-text\">Lockdown cia\u0142a i psyche. Nowe napi\u0119cia, nowe potrzeby, nowe rozwi\u0105zania<\/span> Read More &raquo;<\/a><\/p>\n","protected":false},"author":1,"featured_media":0,"parent":0,"menu_order":0,"comment_status":"closed","ping_status":"closed","template":"","meta":{"footnotes":""},"class_list":["post-973","page","type-page","status-publish","hentry"],"aioseo_notices":[],"_links":{"self":[{"href":"https:\/\/ptbrio.pl\/cyber\/wp-json\/wp\/v2\/pages\/973","targetHints":{"allow":["GET"]}}],"collection":[{"href":"https:\/\/ptbrio.pl\/cyber\/wp-json\/wp\/v2\/pages"}],"about":[{"href":"https:\/\/ptbrio.pl\/cyber\/wp-json\/wp\/v2\/types\/page"}],"author":[{"embeddable":true,"href":"https:\/\/ptbrio.pl\/cyber\/wp-json\/wp\/v2\/users\/1"}],"replies":[{"embeddable":true,"href":"https:\/\/ptbrio.pl\/cyber\/wp-json\/wp\/v2\/comments?post=973"}],"version-history":[{"count":9,"href":"https:\/\/ptbrio.pl\/cyber\/wp-json\/wp\/v2\/pages\/973\/revisions"}],"predecessor-version":[{"id":1603,"href":"https:\/\/ptbrio.pl\/cyber\/wp-json\/wp\/v2\/pages\/973\/revisions\/1603"}],"wp:attachment":[{"href":"https:\/\/ptbrio.pl\/cyber\/wp-json\/wp\/v2\/media?parent=973"}],"curies":[{"name":"wp","href":"https:\/\/api.w.org\/{rel}","templated":true}]}}