{"id":988,"date":"2021-03-20T18:37:57","date_gmt":"2021-03-20T17:37:57","guid":{"rendered":"https:\/\/ptbrio.pl\/cyber\/?page_id=988"},"modified":"2021-03-22T13:53:16","modified_gmt":"2021-03-22T12:53:16","slug":"parahome-pictures-czyli-jak-wykorzystalismy-internetowe-narzedzia-video-do-prowadzenia-biznesu-z-domu","status":"publish","type":"page","link":"https:\/\/ptbrio.pl\/cyber\/parahome-pictures-czyli-jak-wykorzystalismy-internetowe-narzedzia-video-do-prowadzenia-biznesu-z-domu\/","title":{"rendered":"Parahome Pictures, czyli jak wykorzystali\u015bmy internetowe narz\u0119dzia video do prowadzenia biznesu z domu"},"content":{"rendered":"\t\t<div data-elementor-type=\"wp-page\" data-elementor-id=\"988\" class=\"elementor elementor-988\">\n\t\t\t\t\t\t<section class=\"elementor-section elementor-top-section elementor-element elementor-element-4d1a3d1 elementor-section-full_width elementor-section-height-default elementor-section-height-default\" data-id=\"4d1a3d1\" data-element_type=\"section\" data-settings=\"{&quot;background_background&quot;:&quot;gradient&quot;}\">\n\t\t\t\t\t\t<div class=\"elementor-container elementor-column-gap-default\">\n\t\t\t\t\t<div class=\"elementor-column elementor-col-100 elementor-top-column elementor-element elementor-element-ae0eb9e\" data-id=\"ae0eb9e\" data-element_type=\"column\">\n\t\t\t<div class=\"elementor-widget-wrap elementor-element-populated\">\n\t\t\t\t\t\t<section class=\"elementor-section elementor-inner-section elementor-element elementor-element-cbcc8a5 elementor-section-boxed elementor-section-height-default elementor-section-height-default\" data-id=\"cbcc8a5\" data-element_type=\"section\">\n\t\t\t\t\t\t<div class=\"elementor-container elementor-column-gap-default\">\n\t\t\t\t\t<div class=\"elementor-column elementor-col-100 elementor-inner-column elementor-element elementor-element-4e0f645\" data-id=\"4e0f645\" data-element_type=\"column\">\n\t\t\t<div class=\"elementor-widget-wrap elementor-element-populated\">\n\t\t\t\t\t\t<div class=\"elementor-element elementor-element-2ee2275 giz_abstrakt_title elementor-widget elementor-widget-text-editor\" data-id=\"2ee2275\" data-element_type=\"widget\" data-widget_type=\"text-editor.default\">\n\t\t\t\t<div class=\"elementor-widget-container\">\n\t\t\t\t\t\t\t\t\tParahome Pictures, czyli jak wykorzystali\u015bmy internetowe narz\u0119dzia video do prowadzenia biznesu z domu\t\t\t\t\t\t\t\t<\/div>\n\t\t\t\t<\/div>\n\t\t\t\t<div class=\"elementor-element elementor-element-7db6863 giz_abstrakt_sesja elementor-widget elementor-widget-text-editor\" data-id=\"7db6863\" data-element_type=\"widget\" data-widget_type=\"text-editor.default\">\n\t\t\t\t<div class=\"elementor-widget-container\">\n\t\t\t\t\t\t\t\t\tSesja <strong>Zdalno\u015b\u0107 w komunikacji<\/strong>, godz. 11:50\t\t\t\t\t\t\t\t<\/div>\n\t\t\t\t<\/div>\n\t\t\t\t<div class=\"elementor-element elementor-element-159e908 elementor-widget elementor-widget-text-editor\" data-id=\"159e908\" data-element_type=\"widget\" data-widget_type=\"text-editor.default\">\n\t\t\t\t<div class=\"elementor-widget-container\">\n\t\t\t\t\t\t\t\t\t#personal video pitch, #zoom, #home office, #internet camera\t\t\t\t\t\t\t\t<\/div>\n\t\t\t\t<\/div>\n\t\t\t\t\t<\/div>\n\t\t<\/div>\n\t\t\t\t\t<\/div>\n\t\t<\/section>\n\t\t\t\t\t<\/div>\n\t\t<\/div>\n\t\t\t\t\t<\/div>\n\t\t<\/section>\n\t\t\t\t<section class=\"elementor-section elementor-top-section elementor-element elementor-element-761ae02 elementor-section-boxed elementor-section-height-default elementor-section-height-default\" data-id=\"761ae02\" data-element_type=\"section\">\n\t\t\t\t\t\t<div class=\"elementor-container elementor-column-gap-default\">\n\t\t\t\t\t<div class=\"elementor-column elementor-col-100 elementor-top-column elementor-element elementor-element-cacde79\" data-id=\"cacde79\" data-element_type=\"column\">\n\t\t\t<div class=\"elementor-widget-wrap elementor-element-populated\">\n\t\t\t\t\t\t<section class=\"elementor-section elementor-inner-section elementor-element elementor-element-aa129a2 elementor-section-boxed elementor-section-height-default elementor-section-height-default\" data-id=\"aa129a2\" data-element_type=\"section\">\n\t\t\t\t\t\t<div class=\"elementor-container elementor-column-gap-default\">\n\t\t\t\t\t<div class=\"elementor-column elementor-col-50 elementor-inner-column elementor-element elementor-element-b06791a\" data-id=\"b06791a\" data-element_type=\"column\">\n\t\t\t<div class=\"elementor-widget-wrap elementor-element-populated\">\n\t\t\t\t\t\t<div class=\"elementor-element elementor-element-cc0f8da elementor-widget elementor-widget-text-editor\" data-id=\"cc0f8da\" data-element_type=\"widget\" data-widget_type=\"text-editor.default\">\n\t\t\t\t<div class=\"elementor-widget-container\">\n\t\t\t\t\t\t\t\t\tMy\u015bl przewodnia wyst\u0105pienia:\t\t\t\t\t\t\t\t<\/div>\n\t\t\t\t<\/div>\n\t\t\t\t<div class=\"elementor-element elementor-element-4239c67 elementor-widget elementor-widget-text-editor\" data-id=\"4239c67\" data-element_type=\"widget\" data-widget_type=\"text-editor.default\">\n\t\t\t\t<div class=\"elementor-widget-container\">\n\t\t\t\t\t\t\t\t\tPrzed rokiem 2020 oko kamery nigdy nie zajrza\u0142o na tak\u0105 skal\u0119 do naszych mieszka\u0144. Wykorzystali\u015bmy video do pracy, kontaktu z&nbsp;klientami i&nbsp;sprzeda\u017cy. Stali\u015bmy si\u0119 domowymi wytw\u00f3rniami film\u00f3w transmitowanych na \u017cywo. Chcemy pokaza\u0107 jakie gatunki filmowe uzyska\u0142y najwi\u0119ksz\u0105 popularno\u015b\u0107 w\u015br\u00f3d widz\u00f3w i&nbsp;krytyk\u00f3w, co najcz\u0119\u015bciej widzia\u0142y kamery i&nbsp;jakie role najlepiej nam wychodzi\u0142y\t\t\t\t\t\t\t\t<\/div>\n\t\t\t\t<\/div>\n\t\t\t\t<div class=\"elementor-element elementor-element-5f9b2da elementor-widget-divider--view-line elementor-widget elementor-widget-divider\" data-id=\"5f9b2da\" data-element_type=\"widget\" data-widget_type=\"divider.default\">\n\t\t\t\t<div class=\"elementor-widget-container\">\n\t\t\t\t\t\t\t<div class=\"elementor-divider\">\n\t\t\t<span class=\"elementor-divider-separator\">\n\t\t\t\t\t\t<\/span>\n\t\t<\/div>\n\t\t\t\t\t\t<\/div>\n\t\t\t\t<\/div>\n\t\t\t\t<div class=\"elementor-element elementor-element-e1c083f elementor-widget elementor-widget-text-editor\" data-id=\"e1c083f\" data-element_type=\"widget\" data-widget_type=\"text-editor.default\">\n\t\t\t\t<div class=\"elementor-widget-container\">\n\t\t\t\t\t\t\t\t\tKorzy\u015bci:\t\t\t\t\t\t\t\t<\/div>\n\t\t\t\t<\/div>\n\t\t\t\t<div class=\"elementor-element elementor-element-288b752 elementor-widget elementor-widget-text-editor\" data-id=\"288b752\" data-element_type=\"widget\" data-widget_type=\"text-editor.default\">\n\t\t\t\t<div class=\"elementor-widget-container\">\n\t\t\t\t\t\t\t\t\tW roku 2020 nast\u0105pi\u0142 prze\u0142om w&nbsp;wykorzystaniu narz\u0119dzi video do pracy z&nbsp;domu. Nie tylko pracownicy du\u017cych organizacji, ale r\u00f3wnie\u017c ma\u0142e firmy, butiki, fryzjerzy, agenci ubezpieczeniowi kontaktowali si\u0119 ze swoimi klientami za pomoc\u0105 Zooma i&nbsp;innych narz\u0119dzi. Osobiste prezentacje produkt\u00f3w i&nbsp;us\u0142ug, rozmowy z&nbsp;klientami mia\u0142y kluczowe znaczenie dla powodzenia mniejszych i&nbsp;wi\u0119kszych biznes\u00f3w. Chcemy podj\u0105\u0107 pr\u00f3b\u0119 przeanalizowania w&nbsp;jaki spos\u00f3b to, jak pokazujemy nasze mieszkania oraz siebie podczas pracy z&nbsp;domu, wp\u0142ywa na budowanie naszego wizerunku i&nbsp;dobrego wra\u017cenia u odbiorc\u00f3w, wskazuj\u0105c przede wszystkim dobre praktyki, z&nbsp;lekkim dodatkiem materia\u0142\u00f3w o&nbsp;znacznym potencjale memicznym.\t\t\t\t\t\t\t\t<\/div>\n\t\t\t\t<\/div>\n\t\t\t\t<div class=\"elementor-element elementor-element-b61d00f elementor-widget-divider--view-line elementor-widget elementor-widget-divider\" data-id=\"b61d00f\" data-element_type=\"widget\" data-widget_type=\"divider.default\">\n\t\t\t\t<div class=\"elementor-widget-container\">\n\t\t\t\t\t\t\t<div class=\"elementor-divider\">\n\t\t\t<span class=\"elementor-divider-separator\">\n\t\t\t\t\t\t<\/span>\n\t\t<\/div>\n\t\t\t\t\t\t<\/div>\n\t\t\t\t<\/div>\n\t\t\t\t<div class=\"elementor-element elementor-element-0abb212 elementor-widget elementor-widget-text-editor\" data-id=\"0abb212\" data-element_type=\"widget\" data-widget_type=\"text-editor.default\">\n\t\t\t\t<div class=\"elementor-widget-container\">\n\t\t\t\t\t\t\t\t\tNowe oryginalne tre\u015bci wyst\u0105pienia:\t\t\t\t\t\t\t\t<\/div>\n\t\t\t\t<\/div>\n\t\t\t\t<div class=\"elementor-element elementor-element-0da4736 elementor-widget elementor-widget-text-editor\" data-id=\"0da4736\" data-element_type=\"widget\" data-widget_type=\"text-editor.default\">\n\t\t\t\t<div class=\"elementor-widget-container\">\n\t\t\t\t\t\t\t\t\t<ul><li>kategoryzacja typ\u00f3w video z\u00a0Home-Office i\u00a0Home-Business<\/li><li>dobre praktyki osobistych prezentacji video w\u00a0internecie<\/li><li>analiza jak spos\u00f3b prezentacji nas samych i\u00a0naszego mieszkania wp\u0142ywa na budow\u0119 dobrego wra\u017cenia i\u00a0naszego wizerunku u odbiorc\u00f3w \u2013 klient\u00f3w partner\u00f3w biznesowych, czy wsp\u00f3\u0142pracownik\u00f3w<\/li><li>wskazanie cz\u0119stych problem\u00f3w i\u00a0wyzwa\u0144 zwi\u0105zanych z\u00a0osobistymi wyst\u0105pieniami video<\/li><\/ul>\t\t\t\t\t\t\t\t<\/div>\n\t\t\t\t<\/div>\n\t\t\t\t<div class=\"elementor-element elementor-element-d1a0cf4 elementor-widget-divider--view-line elementor-widget elementor-widget-divider\" data-id=\"d1a0cf4\" data-element_type=\"widget\" data-widget_type=\"divider.default\">\n\t\t\t\t<div class=\"elementor-widget-container\">\n\t\t\t\t\t\t\t<div class=\"elementor-divider\">\n\t\t\t<span class=\"elementor-divider-separator\">\n\t\t\t\t\t\t<\/span>\n\t\t<\/div>\n\t\t\t\t\t\t<\/div>\n\t\t\t\t<\/div>\n\t\t\t\t<div class=\"elementor-element elementor-element-59b3af0 elementor-widget elementor-widget-text-editor\" data-id=\"59b3af0\" data-element_type=\"widget\" data-widget_type=\"text-editor.default\">\n\t\t\t\t<div class=\"elementor-widget-container\">\n\t\t\t\t\t\t\t\t\tDodatkowe informacje:\t\t\t\t\t\t\t\t<\/div>\n\t\t\t\t<\/div>\n\t\t\t\t<div class=\"elementor-element elementor-element-887d9e0 elementor-widget elementor-widget-text-editor\" data-id=\"887d9e0\" data-element_type=\"widget\" data-widget_type=\"text-editor.default\">\n\t\t\t\t<div class=\"elementor-widget-container\">\n\t\t\t\t\t\t\t\t\twyst\u0105pienie zostanie oparte na:\n<ul>\n \t<li>videoetnografii<\/li>\n<li>analizie materia\u0142\u00f3w video<\/li>\n<li>wywiadach pog\u0142\u0119bionych (online i\u00a0f2f) z\u00a0osobami, kt\u00f3re wyst\u0119puj\u0105 w\u00a0biznesowych rolach za pomoc\u0105 internetowego video, jak i\u00a0odbiorcami tych materia\u0142\u00f3w video (planowane 20 IDI). Wi\u0119kszo\u015b\u0107 z\u00a0badanych skorzysta\u0142a w\u00a02020 roku z\u00a0pomocy specjalistycznych firm z\u00a0zakresu wyst\u0105pie\u0144 publicznych lub produkcji video w\u00a0internecie.\nWywiadach eksperckich z\u00a0ekspertami z\u00a0zakresu wyst\u0105pie\u0144 publicznych i\u00a0realizacji wyst\u0105pie\u0144 video w\u00a0internecie<\/li>\n<\/ul>\t\t\t\t\t\t\t\t<\/div>\n\t\t\t\t<\/div>\n\t\t\t\t\t<\/div>\n\t\t<\/div>\n\t\t\t\t<div class=\"elementor-column elementor-col-50 elementor-inner-column elementor-element elementor-element-c6e2c82\" data-id=\"c6e2c82\" data-element_type=\"column\" data-settings=\"{&quot;background_background&quot;:&quot;classic&quot;}\">\n\t\t\t<div class=\"elementor-widget-wrap elementor-element-populated\">\n\t\t\t\t\t<div class=\"elementor-background-overlay\"><\/div>\n\t\t\t\t\t\t<div class=\"elementor-element elementor-element-23d5857 elementor-hidden-desktop elementor-hidden-tablet elementor-widget-divider--view-line elementor-widget elementor-widget-divider\" data-id=\"23d5857\" data-element_type=\"widget\" data-widget_type=\"divider.default\">\n\t\t\t\t<div class=\"elementor-widget-container\">\n\t\t\t\t\t\t\t<div class=\"elementor-divider\">\n\t\t\t<span class=\"elementor-divider-separator\">\n\t\t\t\t\t\t<\/span>\n\t\t<\/div>\n\t\t\t\t\t\t<\/div>\n\t\t\t\t<\/div>\n\t\t\t\t<div class=\"elementor-element elementor-element-abfc97c elementor-widget elementor-widget-image\" data-id=\"abfc97c\" data-element_type=\"widget\" data-widget_type=\"image.default\">\n\t\t\t\t<div class=\"elementor-widget-container\">\n\t\t\t\t\t\t\t\t\t\t\t\t\t\t\t<img fetchpriority=\"high\" decoding=\"async\" width=\"300\" height=\"300\" src=\"https:\/\/ptbrio.pl\/cyber\/wp-content\/uploads\/2021\/03\/3_2_Bujko_janusz.jpg\" class=\"attachment-full size-full wp-image-898\" alt=\"\" srcset=\"https:\/\/ptbrio.pl\/cyber\/wp-content\/uploads\/2021\/03\/3_2_Bujko_janusz.jpg 300w, https:\/\/ptbrio.pl\/cyber\/wp-content\/uploads\/2021\/03\/3_2_Bujko_janusz-150x150.jpg 150w, https:\/\/ptbrio.pl\/cyber\/wp-content\/uploads\/2021\/03\/3_2_Bujko_janusz-100x100.jpg 100w\" sizes=\"(max-width: 300px) 100vw, 300px\" \/>\t\t\t\t\t\t\t\t\t\t\t\t\t\t\t<\/div>\n\t\t\t\t<\/div>\n\t\t\t\t<div class=\"elementor-element elementor-element-e9e2ebd animated-fast elementor-invisible elementor-widget elementor-widget-image\" data-id=\"e9e2ebd\" data-element_type=\"widget\" data-settings=\"{&quot;_animation&quot;:&quot;bounceIn&quot;,&quot;_animation_delay&quot;:1000}\" data-widget_type=\"image.default\">\n\t\t\t\t<div class=\"elementor-widget-container\">\n\t\t\t\t\t\t\t\t\t\t\t\t\t\t\t\t<a href=\"https:\/\/www.linkedin.com\/in\/janusz-bujko\/\" target=\"_blank\">\n\t\t\t\t\t\t\t<img decoding=\"async\" width=\"91\" height=\"30\" src=\"https:\/\/ptbrio.pl\/cyber\/wp-content\/uploads\/2021\/01\/linkedin2.png\" class=\"attachment-full size-full wp-image-232\" alt=\"\" \/>\t\t\t\t\t\t\t\t<\/a>\n\t\t\t\t\t\t\t\t\t\t\t\t\t\t\t<\/div>\n\t\t\t\t<\/div>\n\t\t\t\t<div class=\"elementor-element elementor-element-089c826 giz_abstrakt_name elementor-widget elementor-widget-text-editor\" data-id=\"089c826\" data-element_type=\"widget\" data-widget_type=\"text-editor.default\">\n\t\t\t\t<div class=\"elementor-widget-container\">\n\t\t\t\t\t\t\t\t\tJanusz Bujko\t\t\t\t\t\t\t\t<\/div>\n\t\t\t\t<\/div>\n\t\t\t\t<div class=\"elementor-element elementor-element-c88f505 giz_abstrakt_firma elementor-widget elementor-widget-text-editor\" data-id=\"c88f505\" data-element_type=\"widget\" data-widget_type=\"text-editor.default\">\n\t\t\t\t<div class=\"elementor-widget-container\">\n\t\t\t\t\t\t\t\t\tBeeline Research&#038;Consulting\t\t\t\t\t\t\t\t<\/div>\n\t\t\t\t<\/div>\n\t\t\t\t<div class=\"elementor-element elementor-element-bdc194f elementor-widget elementor-widget-text-editor\" data-id=\"bdc194f\" data-element_type=\"widget\" data-widget_type=\"text-editor.default\">\n\t\t\t\t<div class=\"elementor-widget-container\">\n\t\t\t\t\t\t\t\t\tBadacz, socjolog, wsp\u00f3\u0142w\u0142a\u015bciciel butiku badawczego Beeline Research&#038;Consulting. w&nbsp;bran\u017cy badawczej od 1998 roku, przez 11 lat by\u0142 dyrektorem oddzia\u0142u TNS Polska we Wroc\u0142awiu (wcze\u015bniej Instytutu Pentor). Po latach fascynacji nowymi technologiami z&nbsp;uwag\u0105 obserwuje jak ludzie zmieniaj\u0105 si\u0119 pod wp\u0142ywem tych\u017ce technologii.\t\t\t\t\t\t\t\t<\/div>\n\t\t\t\t<\/div>\n\t\t\t\t<div class=\"elementor-element elementor-element-f501eb0 elementor-widget-divider--view-line elementor-widget elementor-widget-divider\" data-id=\"f501eb0\" data-element_type=\"widget\" data-widget_type=\"divider.default\">\n\t\t\t\t<div class=\"elementor-widget-container\">\n\t\t\t\t\t\t\t<div class=\"elementor-divider\">\n\t\t\t<span class=\"elementor-divider-separator\">\n\t\t\t\t\t\t<\/span>\n\t\t<\/div>\n\t\t\t\t\t\t<\/div>\n\t\t\t\t<\/div>\n\t\t\t\t<div class=\"elementor-element elementor-element-0b30bc8 elementor-widget elementor-widget-image\" data-id=\"0b30bc8\" data-element_type=\"widget\" data-widget_type=\"image.default\">\n\t\t\t\t<div class=\"elementor-widget-container\">\n\t\t\t\t\t\t\t\t\t\t\t\t\t\t\t<img decoding=\"async\" width=\"300\" height=\"300\" src=\"https:\/\/ptbrio.pl\/cyber\/wp-content\/uploads\/2021\/03\/3_2_Bujko_ania.jpg\" class=\"attachment-full size-full wp-image-897\" alt=\"\" srcset=\"https:\/\/ptbrio.pl\/cyber\/wp-content\/uploads\/2021\/03\/3_2_Bujko_ania.jpg 300w, https:\/\/ptbrio.pl\/cyber\/wp-content\/uploads\/2021\/03\/3_2_Bujko_ania-150x150.jpg 150w, https:\/\/ptbrio.pl\/cyber\/wp-content\/uploads\/2021\/03\/3_2_Bujko_ania-100x100.jpg 100w\" sizes=\"(max-width: 300px) 100vw, 300px\" \/>\t\t\t\t\t\t\t\t\t\t\t\t\t\t\t<\/div>\n\t\t\t\t<\/div>\n\t\t\t\t<div class=\"elementor-element elementor-element-dc9caa4 animated-fast elementor-invisible elementor-widget elementor-widget-image\" data-id=\"dc9caa4\" data-element_type=\"widget\" data-settings=\"{&quot;_animation&quot;:&quot;bounceIn&quot;,&quot;_animation_delay&quot;:1000}\" data-widget_type=\"image.default\">\n\t\t\t\t<div class=\"elementor-widget-container\">\n\t\t\t\t\t\t\t\t\t\t\t\t\t\t\t\t<a href=\"https:\/\/www.linkedin.com\/in\/anna-maria-bujko-93bb4ab4\/\" target=\"_blank\">\n\t\t\t\t\t\t\t<img decoding=\"async\" width=\"91\" height=\"30\" src=\"https:\/\/ptbrio.pl\/cyber\/wp-content\/uploads\/2021\/01\/linkedin2.png\" class=\"attachment-full size-full wp-image-232\" alt=\"\" \/>\t\t\t\t\t\t\t\t<\/a>\n\t\t\t\t\t\t\t\t\t\t\t\t\t\t\t<\/div>\n\t\t\t\t<\/div>\n\t\t\t\t<div class=\"elementor-element elementor-element-6aa3057 giz_abstrakt_name elementor-widget elementor-widget-text-editor\" data-id=\"6aa3057\" data-element_type=\"widget\" data-widget_type=\"text-editor.default\">\n\t\t\t\t<div class=\"elementor-widget-container\">\n\t\t\t\t\t\t\t\t\tAnna Bujko\t\t\t\t\t\t\t\t<\/div>\n\t\t\t\t<\/div>\n\t\t\t\t<div class=\"elementor-element elementor-element-fe90209 giz_abstrakt_firma elementor-widget elementor-widget-text-editor\" data-id=\"fe90209\" data-element_type=\"widget\" data-widget_type=\"text-editor.default\">\n\t\t\t\t<div class=\"elementor-widget-container\">\n\t\t\t\t\t\t\t\t\tN-Voice\t\t\t\t\t\t\t\t<\/div>\n\t\t\t\t<\/div>\n\t\t\t\t<div class=\"elementor-element elementor-element-a8a3b47 elementor-widget elementor-widget-text-editor\" data-id=\"a8a3b47\" data-element_type=\"widget\" data-widget_type=\"text-editor.default\">\n\t\t\t\t<div class=\"elementor-widget-container\">\n\t\t\t\t\t\t\t\t\tSpecjalista kreowania wizerunku osobistego i&nbsp;emisji g\u0142osu, logopeda medialny, trenerka prezentacji biznesowych i&nbsp;wyst\u0105pie\u0144 publicznych. Od 2004 przygotowuje osoby prywatne, publiczne i&nbsp;manager\u00f3w do wyst\u0105pie\u0144 publicznych, prezentacji biznesowych i&nbsp;sytuacji medialnych (np. konferencji prasowych lub wywiad\u00f3w). Prowadzi szkolenia i&nbsp;treningi rozwijaj\u0105ce umiej\u0119tno\u015bci autoprezentacji: emisji g\u0142osu, prezentacji biznesowych, wypowiedzi przed kamer\u0105\t\t\t\t\t\t\t\t<\/div>\n\t\t\t\t<\/div>\n\t\t\t\t\t<\/div>\n\t\t<\/div>\n\t\t\t\t\t<\/div>\n\t\t<\/section>\n\t\t\t\t\t<\/div>\n\t\t<\/div>\n\t\t\t\t\t<\/div>\n\t\t<\/section>\n\t\t\t\t<\/div>\n\t\t","protected":false},"excerpt":{"rendered":"<p>Parahome Pictures, czyli jak wykorzystali\u015bmy internetowe narz\u0119dzia video do prowadzenia biznesu z domuSesja Zdalno\u015b\u0107 w komunikacji, godz. 11:50#personal video pitch, #zoom, #home office, #internet cameraMy\u015bl przewodnia wyst\u0105pienia:Przed rokiem 2020 oko kamery nigdy nie zajrza\u0142o na tak\u0105 skal\u0119 do naszych mieszka\u0144. Wykorzystali\u015bmy video do pracy, kontaktu z&nbsp;klientami i&nbsp;sprzeda\u017cy. Stali\u015bmy si\u0119 domowymi wytw\u00f3rniami film\u00f3w transmitowanych na \u017cywo. &hellip;<\/p>\n<p class=\"read-more\"> <a class=\"\" href=\"https:\/\/ptbrio.pl\/cyber\/parahome-pictures-czyli-jak-wykorzystalismy-internetowe-narzedzia-video-do-prowadzenia-biznesu-z-domu\/\"> <span class=\"screen-reader-text\">Parahome Pictures, czyli jak wykorzystali\u015bmy internetowe narz\u0119dzia video do prowadzenia biznesu z domu<\/span> Read More &raquo;<\/a><\/p>\n","protected":false},"author":1,"featured_media":0,"parent":0,"menu_order":0,"comment_status":"closed","ping_status":"closed","template":"","meta":{"footnotes":""},"class_list":["post-988","page","type-page","status-publish","hentry"],"aioseo_notices":[],"_links":{"self":[{"href":"https:\/\/ptbrio.pl\/cyber\/wp-json\/wp\/v2\/pages\/988","targetHints":{"allow":["GET"]}}],"collection":[{"href":"https:\/\/ptbrio.pl\/cyber\/wp-json\/wp\/v2\/pages"}],"about":[{"href":"https:\/\/ptbrio.pl\/cyber\/wp-json\/wp\/v2\/types\/page"}],"author":[{"embeddable":true,"href":"https:\/\/ptbrio.pl\/cyber\/wp-json\/wp\/v2\/users\/1"}],"replies":[{"embeddable":true,"href":"https:\/\/ptbrio.pl\/cyber\/wp-json\/wp\/v2\/comments?post=988"}],"version-history":[{"count":9,"href":"https:\/\/ptbrio.pl\/cyber\/wp-json\/wp\/v2\/pages\/988\/revisions"}],"predecessor-version":[{"id":1609,"href":"https:\/\/ptbrio.pl\/cyber\/wp-json\/wp\/v2\/pages\/988\/revisions\/1609"}],"wp:attachment":[{"href":"https:\/\/ptbrio.pl\/cyber\/wp-json\/wp\/v2\/media?parent=988"}],"curies":[{"name":"wp","href":"https:\/\/api.w.org\/{rel}","templated":true}]}}