{"id":996,"date":"2021-03-20T18:56:04","date_gmt":"2021-03-20T17:56:04","guid":{"rendered":"https:\/\/ptbrio.pl\/cyber\/?page_id=996"},"modified":"2021-03-22T13:46:39","modified_gmt":"2021-03-22T12:46:39","slug":"dla-jednych-tsunami-dla-innych-katalizator-zmian-o-wplywie-pandemii-na-rozwoj-wybranych-kategorii-uslugowych","status":"publish","type":"page","link":"https:\/\/ptbrio.pl\/cyber\/dla-jednych-tsunami-dla-innych-katalizator-zmian-o-wplywie-pandemii-na-rozwoj-wybranych-kategorii-uslugowych\/","title":{"rendered":"Dla jednych tsunami, dla innych katalizator zmian. o wp\u0142ywie pandemii na rozw\u00f3j wybranych kategorii us\u0142ugowych"},"content":{"rendered":"\t\t<div data-elementor-type=\"wp-page\" data-elementor-id=\"996\" class=\"elementor elementor-996\">\n\t\t\t\t\t\t<section class=\"elementor-section elementor-top-section elementor-element elementor-element-4d1a3d1 elementor-section-full_width elementor-section-height-default elementor-section-height-default\" data-id=\"4d1a3d1\" data-element_type=\"section\" data-settings=\"{&quot;background_background&quot;:&quot;gradient&quot;}\">\n\t\t\t\t\t\t<div class=\"elementor-container elementor-column-gap-default\">\n\t\t\t\t\t<div class=\"elementor-column elementor-col-100 elementor-top-column elementor-element elementor-element-ae0eb9e\" data-id=\"ae0eb9e\" data-element_type=\"column\">\n\t\t\t<div class=\"elementor-widget-wrap elementor-element-populated\">\n\t\t\t\t\t\t<section class=\"elementor-section elementor-inner-section elementor-element elementor-element-cbcc8a5 elementor-section-boxed elementor-section-height-default elementor-section-height-default\" data-id=\"cbcc8a5\" data-element_type=\"section\">\n\t\t\t\t\t\t<div class=\"elementor-container elementor-column-gap-default\">\n\t\t\t\t\t<div class=\"elementor-column elementor-col-100 elementor-inner-column elementor-element elementor-element-4e0f645\" data-id=\"4e0f645\" data-element_type=\"column\">\n\t\t\t<div class=\"elementor-widget-wrap elementor-element-populated\">\n\t\t\t\t\t\t<div class=\"elementor-element elementor-element-2ee2275 giz_abstrakt_title elementor-widget elementor-widget-text-editor\" data-id=\"2ee2275\" data-element_type=\"widget\" data-widget_type=\"text-editor.default\">\n\t\t\t\t<div class=\"elementor-widget-container\">\n\t\t\t\t\t\t\t\t\tDla jednych tsunami, dla innych katalizator zmian. o wp\u0142ywie pandemii na rozw\u00f3j wybranych kategorii us\u0142ugowych\t\t\t\t\t\t\t\t<\/div>\n\t\t\t\t<\/div>\n\t\t\t\t<div class=\"elementor-element elementor-element-7db6863 giz_abstrakt_sesja elementor-widget elementor-widget-text-editor\" data-id=\"7db6863\" data-element_type=\"widget\" data-widget_type=\"text-editor.default\">\n\t\t\t\t<div class=\"elementor-widget-container\">\n\t\t\t\t\t\t\t\t\tSesja <strong>Zdalno\u015b\u0107 w zachowaniach konsumpcyjnych<\/strong>, godz.\u00a012:50\t\t\t\t\t\t\t\t<\/div>\n\t\t\t\t<\/div>\n\t\t\t\t<div class=\"elementor-element elementor-element-159e908 elementor-widget elementor-widget-text-editor\" data-id=\"159e908\" data-element_type=\"widget\" data-widget_type=\"text-editor.default\">\n\t\t\t\t<div class=\"elementor-widget-container\">\n\t\t\t\t\t\t\t\t\t#strategiakomunikacji, #popytnaus\u0142ugi, #efektywno\u015b\u0107komunikacji, #strategiamarki, #socialmedia \t\t\t\t\t\t\t\t<\/div>\n\t\t\t\t<\/div>\n\t\t\t\t\t<\/div>\n\t\t<\/div>\n\t\t\t\t\t<\/div>\n\t\t<\/section>\n\t\t\t\t\t<\/div>\n\t\t<\/div>\n\t\t\t\t\t<\/div>\n\t\t<\/section>\n\t\t\t\t<section class=\"elementor-section elementor-top-section elementor-element elementor-element-761ae02 elementor-section-boxed elementor-section-height-default elementor-section-height-default\" data-id=\"761ae02\" data-element_type=\"section\">\n\t\t\t\t\t\t<div class=\"elementor-container elementor-column-gap-default\">\n\t\t\t\t\t<div class=\"elementor-column elementor-col-100 elementor-top-column elementor-element elementor-element-cacde79\" data-id=\"cacde79\" data-element_type=\"column\">\n\t\t\t<div class=\"elementor-widget-wrap elementor-element-populated\">\n\t\t\t\t\t\t<section class=\"elementor-section elementor-inner-section elementor-element elementor-element-aa129a2 elementor-section-boxed elementor-section-height-default elementor-section-height-default\" data-id=\"aa129a2\" data-element_type=\"section\">\n\t\t\t\t\t\t<div class=\"elementor-container elementor-column-gap-default\">\n\t\t\t\t\t<div class=\"elementor-column elementor-col-50 elementor-inner-column elementor-element elementor-element-b06791a\" data-id=\"b06791a\" data-element_type=\"column\">\n\t\t\t<div class=\"elementor-widget-wrap elementor-element-populated\">\n\t\t\t\t\t\t<div class=\"elementor-element elementor-element-cc0f8da elementor-widget elementor-widget-text-editor\" data-id=\"cc0f8da\" data-element_type=\"widget\" data-widget_type=\"text-editor.default\">\n\t\t\t\t<div class=\"elementor-widget-container\">\n\t\t\t\t\t\t\t\t\tMy\u015bl przewodnia wyst\u0105pienia:\t\t\t\t\t\t\t\t<\/div>\n\t\t\t\t<\/div>\n\t\t\t\t<div class=\"elementor-element elementor-element-4239c67 elementor-widget elementor-widget-text-editor\" data-id=\"4239c67\" data-element_type=\"widget\" data-widget_type=\"text-editor.default\">\n\t\t\t\t<div class=\"elementor-widget-container\">\n\t\t\t\t\t\t\t\t\tPrzez wiele lat penetracja korzystania z&nbsp;Internetu i&nbsp;jego wykorzystanie do robienia zakup\u00f3w w&nbsp;sieci rozwija\u0142y si\u0119 w&nbsp;Polsce stabilnie &#8211; kategorie te notowa\u0142y wzrosty yoy, ale zmianom tym daleko im by\u0142o do spektakularnych. Wzrosty te  by\u0142y poniek\u0105d niezale\u017cne od stara\u0144 najwi\u0119kszych Graczy cyfrowych: sta\u0142e obni\u017cki cen dost\u0119pu do Internetu (przez operator\u00f3w telekomunikacyjnych) lub bardzo atrakcyjne oferty dost\u0119pne w&nbsp;sieci (czy to na Allegro, czy te\u017c przez Frisco \/ Zalando) mia\u0142y bardzo ograniczony wp\u0142yw na wzrost penetracji. A\u017c pojawi\u0142a si\u0119 pandemia, kt\u00f3ra dramatycznie zmieni\u0142a sytuacj\u0119\u2026. \u201eNaturalnie\u201d powsta\u0142a potrzeba spowodowa\u0142a, \u017ce nawet grupy demograficzne oporne wobec przestrzeni cyfrowej zacz\u0119\u0142y z&nbsp;niej korzysta\u0107, cz\u0119sto bardzo aktywnie.\n<p>Wzrost korzystania z&nbsp;Internetu do robienia zakup\u00f3w z&nbsp;powodu pandemii jak w&nbsp;soczewce pokazuje wi\u0119c jak dzia\u0142ania marketer\u00f3w maj\u0105 ograniczony wp\u0142yw na budowanie kategorii, bo kluczowe drivery s\u0105 cz\u0119sto poza ich mo\u017cliwo\u015bciami wp\u0142ywu. Jedyne co marketerzy mog\u0105 robi\u0107, to czeka\u0107 na fal\u0119, a gdy si\u0119 pojawi: \u0142apa\u0107 j\u0105 i&nbsp;wykorzystywa\u0107, do szybkiego poszerzania swojej kategorii produktowej.\n<\/p>\t\t\t\t\t\t\t\t<\/div>\n\t\t\t\t<\/div>\n\t\t\t\t<div class=\"elementor-element elementor-element-5f9b2da elementor-widget-divider--view-line elementor-widget elementor-widget-divider\" data-id=\"5f9b2da\" data-element_type=\"widget\" data-widget_type=\"divider.default\">\n\t\t\t\t<div class=\"elementor-widget-container\">\n\t\t\t\t\t\t\t<div class=\"elementor-divider\">\n\t\t\t<span class=\"elementor-divider-separator\">\n\t\t\t\t\t\t<\/span>\n\t\t<\/div>\n\t\t\t\t\t\t<\/div>\n\t\t\t\t<\/div>\n\t\t\t\t<div class=\"elementor-element elementor-element-e1c083f elementor-widget elementor-widget-text-editor\" data-id=\"e1c083f\" data-element_type=\"widget\" data-widget_type=\"text-editor.default\">\n\t\t\t\t<div class=\"elementor-widget-container\">\n\t\t\t\t\t\t\t\t\tKorzy\u015bci:\t\t\t\t\t\t\t\t<\/div>\n\t\t\t\t<\/div>\n\t\t\t\t<div class=\"elementor-element elementor-element-288b752 elementor-widget elementor-widget-text-editor\" data-id=\"288b752\" data-element_type=\"widget\" data-widget_type=\"text-editor.default\">\n\t\t\t\t<div class=\"elementor-widget-container\">\n\t\t\t\t\t\t\t\t\tZaprezentowane przez nas dane z&nbsp;bada\u0144, analiz efektywno\u015bci aktywno\u015bci komunikacyjnej (w social mediach) oraz popytu na poszczeg\u00f3lne us\u0142ug (darmowy SMART) poka\u017c\u0105 jak ograniczony wp\u0142yw na poszerzanie kategorii (nawet tych rosn\u0105cych) maj\u0105 dzia\u0142ania marketingowe. Jednocze\u015bnie przyk\u0142ady z&nbsp;okresu pandemii pokazuj\u0105, jak efektywno\u015b\u0107 tych samych dzia\u0142a\u0144 znacz\u0105co ro\u015bnie, gdy pojawia si\u0119 zewn\u0119trzny czynnik \u201cboostuj\u0105cy\u201d popyt (Covid). \nWnioski z&nbsp;prezentacji stanowi\u0107 wi\u0119c b\u0119d\u0119 istotn\u0105 wskaz\u00f3wk\u0119 jak planowa\u0107 rozw\u00f3j kategorii produktowej i&nbsp;dostosowywa\u0107 swoje dzia\u0142ania komunikacyjne do jej aktualnej dynamiki.\t\t\t\t\t\t\t\t<\/div>\n\t\t\t\t<\/div>\n\t\t\t\t<div class=\"elementor-element elementor-element-b61d00f elementor-widget-divider--view-line elementor-widget elementor-widget-divider\" data-id=\"b61d00f\" data-element_type=\"widget\" data-widget_type=\"divider.default\">\n\t\t\t\t<div class=\"elementor-widget-container\">\n\t\t\t\t\t\t\t<div class=\"elementor-divider\">\n\t\t\t<span class=\"elementor-divider-separator\">\n\t\t\t\t\t\t<\/span>\n\t\t<\/div>\n\t\t\t\t\t\t<\/div>\n\t\t\t\t<\/div>\n\t\t\t\t<div class=\"elementor-element elementor-element-0abb212 elementor-widget elementor-widget-text-editor\" data-id=\"0abb212\" data-element_type=\"widget\" data-widget_type=\"text-editor.default\">\n\t\t\t\t<div class=\"elementor-widget-container\">\n\t\t\t\t\t\t\t\t\tNowe oryginalne tre\u015bci wyst\u0105pienia:\t\t\t\t\t\t\t\t<\/div>\n\t\t\t\t<\/div>\n\t\t\t\t<div class=\"elementor-element elementor-element-0da4736 elementor-widget elementor-widget-text-editor\" data-id=\"0da4736\" data-element_type=\"widget\" data-widget_type=\"text-editor.default\">\n\t\t\t\t<div class=\"elementor-widget-container\">\n\t\t\t\t\t\t\t\t\t<ol>\n \t<li>zilustrowanie ograniczonej efektywno\u015bci dzia\u0142a\u0144 marketingowych <\/li>\n \t<li>benchmarki efektywno\u015bci komunikacyjnej dzia\u0142a\u0144 w&nbsp;okresie przed pandemi\u0105 oraz w&nbsp;jej trakcie<\/li>\n \t<li>skala i&nbsp;przyk\u0142ady zachowa\u0144 nowych kupuj\u0105cych (analizy social media)<\/li>\n\n<\/ol>\t\t\t\t\t\t\t\t<\/div>\n\t\t\t\t<\/div>\n\t\t\t\t<div class=\"elementor-element elementor-element-bdddf97 elementor-widget-divider--view-line elementor-widget elementor-widget-divider\" data-id=\"bdddf97\" data-element_type=\"widget\" data-widget_type=\"divider.default\">\n\t\t\t\t<div class=\"elementor-widget-container\">\n\t\t\t\t\t\t\t<div class=\"elementor-divider\">\n\t\t\t<span class=\"elementor-divider-separator\">\n\t\t\t\t\t\t<\/span>\n\t\t<\/div>\n\t\t\t\t\t\t<\/div>\n\t\t\t\t<\/div>\n\t\t\t\t<div class=\"elementor-element elementor-element-8df4c87 elementor-widget elementor-widget-text-editor\" data-id=\"8df4c87\" data-element_type=\"widget\" data-widget_type=\"text-editor.default\">\n\t\t\t\t<div class=\"elementor-widget-container\">\n\t\t\t\t\t\t\t\t\tBadania na kt\u00f3rych opiera si\u0119 wyst\u0105pienie:\t\t\t\t\t\t\t\t<\/div>\n\t\t\t\t<\/div>\n\t\t\t\t<div class=\"elementor-element elementor-element-63f54ca elementor-widget elementor-widget-text-editor\" data-id=\"63f54ca\" data-element_type=\"widget\" data-widget_type=\"text-editor.default\">\n\t\t\t\t<div class=\"elementor-widget-container\">\n\t\t\t\t\t\t\t\t\t<ol>\n \t<li>Wyniki badania telefonicznego realizowanego przez agencj\u0119 badawcz\u0105 DANAE, 2 fale: 2019 i&nbsp;2020; (odpowiednio) N=5000 i&nbsp;N=4000.<\/li>\n \t<li>Wewn\u0119trzne dane Allegro o&nbsp;kampaniach w&nbsp;social mediach.<\/li>\n \t<li>Wewn\u0119trzne dane Allegro o&nbsp;zainteresowaniu darmow\u0105 ofert\u0105 SMART.<\/li>\n<\/ol>\t\t\t\t\t\t\t\t<\/div>\n\t\t\t\t<\/div>\n\t\t\t\t<div class=\"elementor-element elementor-element-a205149 elementor-widget-divider--view-line elementor-widget elementor-widget-divider\" data-id=\"a205149\" data-element_type=\"widget\" data-widget_type=\"divider.default\">\n\t\t\t\t<div class=\"elementor-widget-container\">\n\t\t\t\t\t\t\t<div class=\"elementor-divider\">\n\t\t\t<span class=\"elementor-divider-separator\">\n\t\t\t\t\t\t<\/span>\n\t\t<\/div>\n\t\t\t\t\t\t<\/div>\n\t\t\t\t<\/div>\n\t\t\t\t<div class=\"elementor-element elementor-element-7b50a37 elementor-widget elementor-widget-text-editor\" data-id=\"7b50a37\" data-element_type=\"widget\" data-widget_type=\"text-editor.default\">\n\t\t\t\t<div class=\"elementor-widget-container\">\n\t\t\t\t\t\t\t\t\tJaki charakter mia\u0142y badania ze wzgl\u0119du na metody\t\t\t\t\t\t\t\t<\/div>\n\t\t\t\t<\/div>\n\t\t\t\t<div class=\"elementor-element elementor-element-0ff7a5a elementor-widget elementor-widget-text-editor\" data-id=\"0ff7a5a\" data-element_type=\"widget\" data-widget_type=\"text-editor.default\">\n\t\t\t\t<div class=\"elementor-widget-container\">\n\t\t\t\t\t\t\t\t\t<ul>\n \t<li>ilo\u015bciowe,<\/li>\n \t<li>analiza danych<\/li>\n<\/ul>\t\t\t\t\t\t\t\t<\/div>\n\t\t\t\t<\/div>\n\t\t\t\t<div class=\"elementor-element elementor-element-d1a0cf4 elementor-widget-divider--view-line elementor-widget elementor-widget-divider\" data-id=\"d1a0cf4\" data-element_type=\"widget\" data-widget_type=\"divider.default\">\n\t\t\t\t<div class=\"elementor-widget-container\">\n\t\t\t\t\t\t\t<div class=\"elementor-divider\">\n\t\t\t<span class=\"elementor-divider-separator\">\n\t\t\t\t\t\t<\/span>\n\t\t<\/div>\n\t\t\t\t\t\t<\/div>\n\t\t\t\t<\/div>\n\t\t\t\t<div class=\"elementor-element elementor-element-59b3af0 elementor-widget elementor-widget-text-editor\" data-id=\"59b3af0\" data-element_type=\"widget\" data-widget_type=\"text-editor.default\">\n\t\t\t\t<div class=\"elementor-widget-container\">\n\t\t\t\t\t\t\t\t\tDodatkowe informacje:\t\t\t\t\t\t\t\t<\/div>\n\t\t\t\t<\/div>\n\t\t\t\t<div class=\"elementor-element elementor-element-887d9e0 elementor-widget elementor-widget-text-editor\" data-id=\"887d9e0\" data-element_type=\"widget\" data-widget_type=\"text-editor.default\">\n\t\t\t\t<div class=\"elementor-widget-container\">\n\t\t\t\t\t\t\t\t\tWyst\u0105pienie \u0142\u0105czy w&nbsp;sobie wyniki bada\u0144 marketingowych z&nbsp;analiz\u0105 danych o&nbsp;aktywno\u015bci reklamowej Allegro oraz o&nbsp;sprzeda\u017cy pakiet\u00f3w SMART by pokaza\u0107 jak du\u017cy wp\u0142yw na efektywno\u015b\u0107 dzia\u0142a\u0144 marketingowych ma dynamika kategorii.\t\t\t\t\t\t\t\t<\/div>\n\t\t\t\t<\/div>\n\t\t\t\t\t<\/div>\n\t\t<\/div>\n\t\t\t\t<div class=\"elementor-column elementor-col-50 elementor-inner-column elementor-element elementor-element-c6e2c82\" data-id=\"c6e2c82\" data-element_type=\"column\" data-settings=\"{&quot;background_background&quot;:&quot;classic&quot;}\">\n\t\t\t<div class=\"elementor-widget-wrap elementor-element-populated\">\n\t\t\t\t\t<div class=\"elementor-background-overlay\"><\/div>\n\t\t\t\t\t\t<div class=\"elementor-element elementor-element-23d5857 elementor-hidden-desktop elementor-hidden-tablet elementor-widget-divider--view-line elementor-widget elementor-widget-divider\" data-id=\"23d5857\" data-element_type=\"widget\" data-widget_type=\"divider.default\">\n\t\t\t\t<div class=\"elementor-widget-container\">\n\t\t\t\t\t\t\t<div class=\"elementor-divider\">\n\t\t\t<span class=\"elementor-divider-separator\">\n\t\t\t\t\t\t<\/span>\n\t\t<\/div>\n\t\t\t\t\t\t<\/div>\n\t\t\t\t<\/div>\n\t\t\t\t<div class=\"elementor-element elementor-element-abfc97c elementor-widget elementor-widget-image\" data-id=\"abfc97c\" data-element_type=\"widget\" data-widget_type=\"image.default\">\n\t\t\t\t<div class=\"elementor-widget-container\">\n\t\t\t\t\t\t\t\t\t\t\t\t\t\t\t<img fetchpriority=\"high\" decoding=\"async\" width=\"300\" height=\"300\" src=\"https:\/\/ptbrio.pl\/cyber\/wp-content\/uploads\/2021\/03\/4_1_Bielewicz_lukasz.jpg\" class=\"attachment-full size-full wp-image-900\" alt=\"\" srcset=\"https:\/\/ptbrio.pl\/cyber\/wp-content\/uploads\/2021\/03\/4_1_Bielewicz_lukasz.jpg 300w, https:\/\/ptbrio.pl\/cyber\/wp-content\/uploads\/2021\/03\/4_1_Bielewicz_lukasz-150x150.jpg 150w, https:\/\/ptbrio.pl\/cyber\/wp-content\/uploads\/2021\/03\/4_1_Bielewicz_lukasz-100x100.jpg 100w\" sizes=\"(max-width: 300px) 100vw, 300px\" \/>\t\t\t\t\t\t\t\t\t\t\t\t\t\t\t<\/div>\n\t\t\t\t<\/div>\n\t\t\t\t<div class=\"elementor-element elementor-element-e9e2ebd animated-fast elementor-invisible elementor-widget elementor-widget-image\" data-id=\"e9e2ebd\" data-element_type=\"widget\" data-settings=\"{&quot;_animation&quot;:&quot;bounceIn&quot;,&quot;_animation_delay&quot;:1000}\" data-widget_type=\"image.default\">\n\t\t\t\t<div class=\"elementor-widget-container\">\n\t\t\t\t\t\t\t\t\t\t\t\t\t\t\t\t<a href=\"https:\/\/www.linkedin.com\/in\/%C5%82ukasz-bielewicz\/\" target=\"_blank\">\n\t\t\t\t\t\t\t<img decoding=\"async\" width=\"91\" height=\"30\" src=\"https:\/\/ptbrio.pl\/cyber\/wp-content\/uploads\/2021\/01\/linkedin2.png\" class=\"attachment-full size-full wp-image-232\" alt=\"\" \/>\t\t\t\t\t\t\t\t<\/a>\n\t\t\t\t\t\t\t\t\t\t\t\t\t\t\t<\/div>\n\t\t\t\t<\/div>\n\t\t\t\t<div class=\"elementor-element elementor-element-089c826 giz_abstrakt_name elementor-widget elementor-widget-text-editor\" data-id=\"089c826\" data-element_type=\"widget\" data-widget_type=\"text-editor.default\">\n\t\t\t\t<div class=\"elementor-widget-container\">\n\t\t\t\t\t\t\t\t\t\u0141ukasz Bielewicz\t\t\t\t\t\t\t\t<\/div>\n\t\t\t\t<\/div>\n\t\t\t\t<div class=\"elementor-element elementor-element-c88f505 giz_abstrakt_firma elementor-widget elementor-widget-text-editor\" data-id=\"c88f505\" data-element_type=\"widget\" data-widget_type=\"text-editor.default\">\n\t\t\t\t<div class=\"elementor-widget-container\">\n\t\t\t\t\t\t\t\t\tAllegro\t\t\t\t\t\t\t\t<\/div>\n\t\t\t\t<\/div>\n\t\t\t\t<div class=\"elementor-element elementor-element-bdc194f elementor-widget elementor-widget-text-editor\" data-id=\"bdc194f\" data-element_type=\"widget\" data-widget_type=\"text-editor.default\">\n\t\t\t\t<div class=\"elementor-widget-container\">\n\t\t\t\t\t\t\t\t\tSocjolog z&nbsp;ponad 17 letnim do\u015bwiadczeniem w&nbsp;badaniach rynkowych, cz\u0142onek PTBRiO. Przez wiele lat zdobywa\u0142 do\u015bwiadczenia w&nbsp;r\u00f3\u017cnych agencjach badawczych, m.in. jako szef zespo\u0142u badawczego w&nbsp;Kantar Millward Brown. Specjalizuje si\u0119 w&nbsp;badaniach komunikacji i&nbsp;strategii marki. Przez 2 lata wspiera\u0142 rozw\u00f3j marek Plusa (Polkomtela) jako cz\u0142onek zespo\u0142u badawczego, obecnie wspiera rozw\u00f3j marki Allegro.\t\t\t\t\t\t\t\t<\/div>\n\t\t\t\t<\/div>\n\t\t\t\t<div class=\"elementor-element elementor-element-f501eb0 elementor-widget-divider--view-line elementor-widget elementor-widget-divider\" data-id=\"f501eb0\" data-element_type=\"widget\" data-widget_type=\"divider.default\">\n\t\t\t\t<div class=\"elementor-widget-container\">\n\t\t\t\t\t\t\t<div class=\"elementor-divider\">\n\t\t\t<span class=\"elementor-divider-separator\">\n\t\t\t\t\t\t<\/span>\n\t\t<\/div>\n\t\t\t\t\t\t<\/div>\n\t\t\t\t<\/div>\n\t\t\t\t<div class=\"elementor-element elementor-element-0b30bc8 elementor-widget elementor-widget-image\" data-id=\"0b30bc8\" data-element_type=\"widget\" data-widget_type=\"image.default\">\n\t\t\t\t<div class=\"elementor-widget-container\">\n\t\t\t\t\t\t\t\t\t\t\t\t\t\t\t<img decoding=\"async\" width=\"300\" height=\"300\" src=\"https:\/\/ptbrio.pl\/cyber\/wp-content\/uploads\/2021\/03\/4_1_Strzelczyk_kasia.jpg\" class=\"attachment-full size-full wp-image-901\" alt=\"\" srcset=\"https:\/\/ptbrio.pl\/cyber\/wp-content\/uploads\/2021\/03\/4_1_Strzelczyk_kasia.jpg 300w, https:\/\/ptbrio.pl\/cyber\/wp-content\/uploads\/2021\/03\/4_1_Strzelczyk_kasia-150x150.jpg 150w, https:\/\/ptbrio.pl\/cyber\/wp-content\/uploads\/2021\/03\/4_1_Strzelczyk_kasia-100x100.jpg 100w\" sizes=\"(max-width: 300px) 100vw, 300px\" \/>\t\t\t\t\t\t\t\t\t\t\t\t\t\t\t<\/div>\n\t\t\t\t<\/div>\n\t\t\t\t<div class=\"elementor-element elementor-element-dc9caa4 animated-fast elementor-invisible elementor-widget elementor-widget-image\" data-id=\"dc9caa4\" data-element_type=\"widget\" data-settings=\"{&quot;_animation&quot;:&quot;bounceIn&quot;,&quot;_animation_delay&quot;:1000}\" data-widget_type=\"image.default\">\n\t\t\t\t<div class=\"elementor-widget-container\">\n\t\t\t\t\t\t\t\t\t\t\t\t\t\t\t\t<a href=\"https:\/\/www.linkedin.com\/in\/kasiastrzelczyk\" target=\"_blank\">\n\t\t\t\t\t\t\t<img decoding=\"async\" width=\"91\" height=\"30\" src=\"https:\/\/ptbrio.pl\/cyber\/wp-content\/uploads\/2021\/01\/linkedin2.png\" class=\"attachment-full size-full wp-image-232\" alt=\"\" \/>\t\t\t\t\t\t\t\t<\/a>\n\t\t\t\t\t\t\t\t\t\t\t\t\t\t\t<\/div>\n\t\t\t\t<\/div>\n\t\t\t\t<div class=\"elementor-element elementor-element-6aa3057 giz_abstrakt_name elementor-widget elementor-widget-text-editor\" data-id=\"6aa3057\" data-element_type=\"widget\" data-widget_type=\"text-editor.default\">\n\t\t\t\t<div class=\"elementor-widget-container\">\n\t\t\t\t\t\t\t\t\tKatarzyna Strzelczyk\t\t\t\t\t\t\t\t<\/div>\n\t\t\t\t<\/div>\n\t\t\t\t<div class=\"elementor-element elementor-element-fe90209 giz_abstrakt_firma elementor-widget elementor-widget-text-editor\" data-id=\"fe90209\" data-element_type=\"widget\" data-widget_type=\"text-editor.default\">\n\t\t\t\t<div class=\"elementor-widget-container\">\n\t\t\t\t\t\t\t\t\tAllegro\t\t\t\t\t\t\t\t<\/div>\n\t\t\t\t<\/div>\n\t\t\t\t<div class=\"elementor-element elementor-element-a8a3b47 elementor-widget elementor-widget-text-editor\" data-id=\"a8a3b47\" data-element_type=\"widget\" data-widget_type=\"text-editor.default\">\n\t\t\t\t<div class=\"elementor-widget-container\">\n\t\t\t\t\t\t\t\t\tPonad 10 lat do\u015bwiadczenia w&nbsp;zarz\u0105dzaniu social media, zar\u00f3wno produkcji jak i&nbsp;zakupie medi\u00f3w. Wybitne osi\u0105gni\u0119cia w&nbsp;zwi\u0119kszaniu efektywno\u015bci dzia\u0142a\u0144 social media na wszystkich poziomach marketing funnela (g\u0142\u00f3wnie w&nbsp;ecommerce, tak\u017ce FMCG). Od trzech lat w&nbsp;Allegro odpowiada za zarz\u0105dzanie obszarem Brand Social Media.\t\t\t\t\t\t\t\t<\/div>\n\t\t\t\t<\/div>\n\t\t\t\t\t<\/div>\n\t\t<\/div>\n\t\t\t\t\t<\/div>\n\t\t<\/section>\n\t\t\t\t\t<\/div>\n\t\t<\/div>\n\t\t\t\t\t<\/div>\n\t\t<\/section>\n\t\t\t\t<\/div>\n\t\t","protected":false},"excerpt":{"rendered":"<p>Dla jednych tsunami, dla innych katalizator zmian. o wp\u0142ywie pandemii na rozw\u00f3j wybranych kategorii us\u0142ugowychSesja Zdalno\u015b\u0107 w zachowaniach konsumpcyjnych, godz.\u00a012:50#strategiakomunikacji, #popytnaus\u0142ugi, #efektywno\u015b\u0107komunikacji, #strategiamarki, #socialmedia My\u015bl przewodnia wyst\u0105pienia:Przez wiele lat penetracja korzystania z&nbsp;Internetu i&nbsp;jego wykorzystanie do robienia zakup\u00f3w w&nbsp;sieci rozwija\u0142y si\u0119 w&nbsp;Polsce stabilnie &#8211; kategorie te notowa\u0142y wzrosty yoy, ale zmianom tym daleko im by\u0142o do &hellip;<\/p>\n<p class=\"read-more\"> <a class=\"\" href=\"https:\/\/ptbrio.pl\/cyber\/dla-jednych-tsunami-dla-innych-katalizator-zmian-o-wplywie-pandemii-na-rozwoj-wybranych-kategorii-uslugowych\/\"> <span class=\"screen-reader-text\">Dla jednych tsunami, dla innych katalizator zmian. o wp\u0142ywie pandemii na rozw\u00f3j wybranych kategorii us\u0142ugowych<\/span> Read More &raquo;<\/a><\/p>\n","protected":false},"author":1,"featured_media":0,"parent":0,"menu_order":0,"comment_status":"closed","ping_status":"closed","template":"","meta":{"footnotes":""},"class_list":["post-996","page","type-page","status-publish","hentry"],"aioseo_notices":[],"_links":{"self":[{"href":"https:\/\/ptbrio.pl\/cyber\/wp-json\/wp\/v2\/pages\/996","targetHints":{"allow":["GET"]}}],"collection":[{"href":"https:\/\/ptbrio.pl\/cyber\/wp-json\/wp\/v2\/pages"}],"about":[{"href":"https:\/\/ptbrio.pl\/cyber\/wp-json\/wp\/v2\/types\/page"}],"author":[{"embeddable":true,"href":"https:\/\/ptbrio.pl\/cyber\/wp-json\/wp\/v2\/users\/1"}],"replies":[{"embeddable":true,"href":"https:\/\/ptbrio.pl\/cyber\/wp-json\/wp\/v2\/comments?post=996"}],"version-history":[{"count":6,"href":"https:\/\/ptbrio.pl\/cyber\/wp-json\/wp\/v2\/pages\/996\/revisions"}],"predecessor-version":[{"id":1582,"href":"https:\/\/ptbrio.pl\/cyber\/wp-json\/wp\/v2\/pages\/996\/revisions\/1582"}],"wp:attachment":[{"href":"https:\/\/ptbrio.pl\/cyber\/wp-json\/wp\/v2\/media?parent=996"}],"curies":[{"name":"wp","href":"https:\/\/api.w.org\/{rel}","templated":true}]}}