{"id":2487,"date":"2024-01-31T15:26:59","date_gmt":"2024-01-31T14:26:59","guid":{"rendered":"https:\/\/ptbrio.pl\/szkola\/?page_id=2487"},"modified":"2025-01-29T16:45:48","modified_gmt":"2025-01-29T15:45:48","slug":"badania-shopperowe-customer-journey","status":"publish","type":"page","link":"https:\/\/ptbrio.pl\/szkola\/badania-shopperowe-customer-journey\/","title":{"rendered":"BADANIA SHOPPEROWE \/ CUSTOMER JOURNEY"},"content":{"rendered":"\t\t<div data-elementor-type=\"wp-page\" data-elementor-id=\"2487\" class=\"elementor elementor-2487\" data-elementor-post-type=\"page\">\n\t\t\t\t\t\t<section class=\"elementor-section elementor-top-section elementor-element elementor-element-5584959 elementor-section-boxed elementor-section-height-default elementor-section-height-default\" data-id=\"5584959\" data-element_type=\"section\">\n\t\t\t\t\t\t<div class=\"elementor-container elementor-column-gap-default\">\n\t\t\t\t\t<div class=\"elementor-column elementor-col-100 elementor-top-column elementor-element elementor-element-51e54ae\" data-id=\"51e54ae\" data-element_type=\"column\">\n\t\t\t<div class=\"elementor-widget-wrap elementor-element-populated\">\n\t\t\t\t\t\t<div class=\"elementor-element elementor-element-d151d07 elementor-widget elementor-widget-text-editor\" data-id=\"d151d07\" data-element_type=\"widget\" data-widget_type=\"text-editor.default\">\n\t\t\t\t<div class=\"elementor-widget-container\">\n\t\t\t\t\t\t\t\t\t<img decoding=\"async\" style=\"height: 40px; width: auto; margin-right: 20px;\" src=\"https:\/\/ptbrio.pl\/szkola\/wp-content\/uploads\/2024\/01\/retail.jpg\" \/>BLOK: RETAIL\t\t\t\t\t\t\t\t<\/div>\n\t\t\t\t<\/div>\n\t\t\t\t\t<\/div>\n\t\t<\/div>\n\t\t\t\t\t<\/div>\n\t\t<\/section>\n\t\t\t\t<section class=\"elementor-section elementor-top-section elementor-element elementor-element-36f3096 elementor-section-boxed elementor-section-height-default elementor-section-height-default\" data-id=\"36f3096\" data-element_type=\"section\">\n\t\t\t\t\t\t<div class=\"elementor-container elementor-column-gap-default\">\n\t\t\t\t\t<div class=\"elementor-column elementor-col-50 elementor-top-column elementor-element elementor-element-c3e11fc\" data-id=\"c3e11fc\" data-element_type=\"column\">\n\t\t\t<div class=\"elementor-widget-wrap elementor-element-populated\">\n\t\t\t\t\t\t<section class=\"elementor-section elementor-inner-section elementor-element elementor-element-2777103 elementor-section-boxed elementor-section-height-default elementor-section-height-default\" data-id=\"2777103\" data-element_type=\"section\">\n\t\t\t\t\t\t<div class=\"elementor-container elementor-column-gap-default\">\n\t\t\t\t\t<div class=\"elementor-column elementor-col-50 elementor-inner-column elementor-element elementor-element-0f5375a\" data-id=\"0f5375a\" data-element_type=\"column\" data-settings=\"{&quot;background_background&quot;:&quot;classic&quot;}\">\n\t\t\t<div class=\"elementor-widget-wrap elementor-element-populated\">\n\t\t\t\t\t\t<div class=\"elementor-element elementor-element-e7c2988 elementor-widget__width-initial elementor-widget elementor-widget-text-editor\" data-id=\"e7c2988\" data-element_type=\"widget\" data-widget_type=\"text-editor.default\">\n\t\t\t\t<div class=\"elementor-widget-container\">\n\t\t\t\t\t\t\t\t\t15-16.05\t\t\t\t\t\t\t\t<\/div>\n\t\t\t\t<\/div>\n\t\t\t\t<div class=\"elementor-element elementor-element-dcc1385 elementor-hidden-mobile elementor-widget elementor-widget-text-editor\" data-id=\"dcc1385\" data-element_type=\"widget\" data-widget_type=\"text-editor.default\">\n\t\t\t\t<div class=\"elementor-widget-container\">\n\t\t\t\t\t\t\t\t\t2025\t\t\t\t\t\t\t\t<\/div>\n\t\t\t\t<\/div>\n\t\t\t\t\t<\/div>\n\t\t<\/div>\n\t\t\t\t<div class=\"elementor-column elementor-col-50 elementor-inner-column elementor-element elementor-element-d38d685\" data-id=\"d38d685\" data-element_type=\"column\">\n\t\t\t<div class=\"elementor-widget-wrap elementor-element-populated\">\n\t\t\t\t\t\t<div class=\"elementor-element elementor-element-b594671 elementor-widget elementor-widget-heading\" data-id=\"b594671\" data-element_type=\"widget\" data-widget_type=\"heading.default\">\n\t\t\t\t<div class=\"elementor-widget-container\">\n\t\t\t\t\t<h2 class=\"elementor-heading-title elementor-size-default\">BADANIA SHOPPEROWE \/ CUSTOMER JOURNEY  <span class=\"giz_godzin\">8h<\/span> <\/h2>\t\t\t\t<\/div>\n\t\t\t\t<\/div>\n\t\t\t\t<div class=\"elementor-element elementor-element-b96c357 elementor-widget elementor-widget-text-editor\" data-id=\"b96c357\" data-element_type=\"widget\" data-widget_type=\"text-editor.default\">\n\t\t\t\t<div class=\"elementor-widget-container\">\n\t\t\t\t\t\t\t\t\t09:00-13:00, zaj\u0119cia ON-LINE (Zoom)\t\t\t\t\t\t\t\t<\/div>\n\t\t\t\t<\/div>\n\t\t\t\t\t<\/div>\n\t\t<\/div>\n\t\t\t\t\t<\/div>\n\t\t<\/section>\n\t\t\t\t<div class=\"elementor-element elementor-element-2156af4 elementor-widget elementor-widget-heading\" data-id=\"2156af4\" data-element_type=\"widget\" data-widget_type=\"heading.default\">\n\t\t\t\t<div class=\"elementor-widget-container\">\n\t\t\t\t\t<h4 class=\"elementor-heading-title elementor-size-default\">Opis zaj\u0119\u0107 <\/h4>\t\t\t\t<\/div>\n\t\t\t\t<\/div>\n\t\t\t\t<div class=\"elementor-element elementor-element-6ea13b4 elementor-widget elementor-widget-text-editor\" data-id=\"6ea13b4\" data-element_type=\"widget\" data-widget_type=\"text-editor.default\">\n\t\t\t\t<div class=\"elementor-widget-container\">\n\t\t\t\t\t\t\t\t\tCelem zaj\u0119\u0107 jest pokazanie specyfiki bada\u0144 shopperowych oraz zaznajomienie z podstawowymi poj\u0119ciami oraz metodami bada\u0144 shopperowych\t\t\t\t\t\t\t\t<\/div>\n\t\t\t\t<\/div>\n\t\t\t\t<div class=\"elementor-element elementor-element-8abeae4 elementor-widget elementor-widget-heading\" data-id=\"8abeae4\" data-element_type=\"widget\" data-widget_type=\"heading.default\">\n\t\t\t\t<div class=\"elementor-widget-container\">\n\t\t\t\t\t<h4 class=\"elementor-heading-title elementor-size-default\">Kluczowe poj\u0119cia i zagadnienia <\/h4>\t\t\t\t<\/div>\n\t\t\t\t<\/div>\n\t\t\t\t<div class=\"elementor-element elementor-element-7f036ee elementor-widget elementor-widget-text-editor\" data-id=\"7f036ee\" data-element_type=\"widget\" data-widget_type=\"text-editor.default\">\n\t\t\t\t<div class=\"elementor-widget-container\">\n\t\t\t\t\t\t\t\t\tShopper, category management, drzewo decyzyjne, badanie \u015bcie\u017cki decyzyjnej, POS, planogam \t\t\t\t\t\t\t\t<\/div>\n\t\t\t\t<\/div>\n\t\t\t\t<div class=\"elementor-element elementor-element-7dcc478 elementor-widget elementor-widget-heading\" data-id=\"7dcc478\" data-element_type=\"widget\" data-widget_type=\"heading.default\">\n\t\t\t\t<div class=\"elementor-widget-container\">\n\t\t\t\t\t<h4 class=\"elementor-heading-title elementor-size-default\">Umiej\u0119tno\u015bci, jakie wynios\u0105 z zaj\u0119\u0107 uczestnicy: <\/h4>\t\t\t\t<\/div>\n\t\t\t\t<\/div>\n\t\t\t\t<div class=\"elementor-element elementor-element-6887bcf elementor-widget elementor-widget-text-editor\" data-id=\"6887bcf\" data-element_type=\"widget\" data-widget_type=\"text-editor.default\">\n\t\t\t\t<div class=\"elementor-widget-container\">\n\t\t\t\t\t\t\t\t\t<ul>\n \t<li>Rozr\u00f3\u017cnienie kiedy potrzebne s\u0105 nam badania konsumenckie, a kiedy shopperowe<\/li>\n \t<li>Rozumienie podstawowych poj\u0119\u0107 shopperowych<\/li>\n \t<li>Rozumienie jakich insight\u00f3w oczekuj\u0105 od agencji marketingowych osoby zajmuj\u0105ce si\u0119 shopperem po stronie producent\u00f3w czy detalist\u00f3w<\/li>\n<\/ul>\t\t\t\t\t\t\t\t<\/div>\n\t\t\t\t<\/div>\n\t\t\t\t<div class=\"elementor-element elementor-element-25018f4 elementor-widget elementor-widget-heading\" data-id=\"25018f4\" data-element_type=\"widget\" data-widget_type=\"heading.default\">\n\t\t\t\t<div class=\"elementor-widget-container\">\n\t\t\t\t\t<h4 class=\"elementor-heading-title elementor-size-default\">Program: <\/h4>\t\t\t\t<\/div>\n\t\t\t\t<\/div>\n\t\t\t\t<div class=\"elementor-element elementor-element-baa3717 elementor-widget elementor-widget-text-editor\" data-id=\"baa3717\" data-element_type=\"widget\" data-widget_type=\"text-editor.default\">\n\t\t\t\t<div class=\"elementor-widget-container\">\n\t\t\t\t\t\t\t\t\t<ol>\n \t<li>Dlaczego shopper? <\/li>\n \t<li>Kto jest odbiorc\u0105 bada\u0144 shopperowych?<\/li>\n \t<li>Category management <\/li>\n \t<li>Spotkanie potrzeb producenta i potrzeb detalisty <\/li>\n<li>Badanie \u015bcie\u017cki decyzyjnej (path to purchase) <\/li>\n<li>Drzewo decyzyjne i planogramy<\/li>\n<li>Badanie materia\u0142\u00f3w POS <\/li>\n<\/ol>\t\t\t\t\t\t\t\t<\/div>\n\t\t\t\t<\/div>\n\t\t\t\t\t<\/div>\n\t\t<\/div>\n\t\t\t\t<div class=\"elementor-column elementor-col-50 elementor-top-column elementor-element elementor-element-8c81f04\" data-id=\"8c81f04\" data-element_type=\"column\" data-settings=\"{&quot;background_background&quot;:&quot;classic&quot;}\">\n\t\t\t<div class=\"elementor-widget-wrap elementor-element-populated\">\n\t\t\t\t\t\t<div class=\"elementor-element elementor-element-257a3b4 elementor-widget elementor-widget-image\" data-id=\"257a3b4\" data-element_type=\"widget\" data-widget_type=\"image.default\">\n\t\t\t\t<div class=\"elementor-widget-container\">\n\t\t\t\t\t\t\t\t\t\t\t\t\t\t\t<img fetchpriority=\"high\" decoding=\"async\" width=\"250\" height=\"250\" src=\"https:\/\/ptbrio.pl\/szkola\/wp-content\/uploads\/2023\/12\/t_stawiska.jpg\" class=\"attachment-large size-large wp-image-1449\" alt=\"\" srcset=\"https:\/\/ptbrio.pl\/szkola\/wp-content\/uploads\/2023\/12\/t_stawiska.jpg 250w, https:\/\/ptbrio.pl\/szkola\/wp-content\/uploads\/2023\/12\/t_stawiska-150x150.jpg 150w\" sizes=\"(max-width: 250px) 100vw, 250px\" \/>\t\t\t\t\t\t\t\t\t\t\t\t\t\t\t<\/div>\n\t\t\t\t<\/div>\n\t\t\t\t<div class=\"elementor-element elementor-element-ada1a39 elementor-widget elementor-widget-heading\" data-id=\"ada1a39\" data-element_type=\"widget\" data-widget_type=\"heading.default\">\n\t\t\t\t<div class=\"elementor-widget-container\">\n\t\t\t\t\t<h2 class=\"elementor-heading-title elementor-size-default\">Anna Maria Stawiska<\/h2>\t\t\t\t<\/div>\n\t\t\t\t<\/div>\n\t\t\t\t<div class=\"elementor-element elementor-element-ec1752e elementor-widget elementor-widget-heading\" data-id=\"ec1752e\" data-element_type=\"widget\" data-widget_type=\"heading.default\">\n\t\t\t\t<div class=\"elementor-widget-container\">\n\t\t\t\t\t<h2 class=\"elementor-heading-title elementor-size-default\"> Ipsos Polska<\/h2>\t\t\t\t<\/div>\n\t\t\t\t<\/div>\n\t\t\t\t<div class=\"elementor-element elementor-element-90ab105 elementor-widget elementor-widget-html\" data-id=\"90ab105\" data-element_type=\"widget\" data-widget_type=\"html.default\">\n\t\t\t\t<div class=\"elementor-widget-container\">\n\t\t\t\t\tDo\u015bwiadczenie badawcze zdobywa\u0142a mi\u0119dzy innymi w IQS, Millward Brown, Nielsenie, a obecnie w Ipsos. Specjalizuje si\u0119 w badaniach drzew decyzyjnych, badaniach path to purchase, badaniach U&A. Pracuje g\u0142\u00f3wnie z Klientami z bran\u017cy FMCG oraz retail. Przez 7 lat prowadzi\u0142a zaj\u0119cia dydaktyczne w Szkole Wy\u017cszej Psychologii Spo\u0142ecznej. Cz\u0142onkini Polskiego Towarzystwa Badaczy Rynku i Opinii. \t\t\t\t<\/div>\n\t\t\t\t<\/div>\n\t\t\t\t\t<\/div>\n\t\t<\/div>\n\t\t\t\t\t<\/div>\n\t\t<\/section>\n\t\t\t\t<section class=\"elementor-section elementor-top-section elementor-element elementor-element-6d019ad elementor-section-boxed elementor-section-height-default elementor-section-height-default\" data-id=\"6d019ad\" data-element_type=\"section\">\n\t\t\t\t\t\t<div class=\"elementor-container elementor-column-gap-default\">\n\t\t\t\t\t<div class=\"elementor-column elementor-col-100 elementor-top-column elementor-element elementor-element-7507d9d\" data-id=\"7507d9d\" data-element_type=\"column\">\n\t\t\t<div class=\"elementor-widget-wrap elementor-element-populated\">\n\t\t\t\t\t\t<section class=\"elementor-section elementor-inner-section elementor-element elementor-element-64c6750 elementor-section-boxed elementor-section-height-default elementor-section-height-default\" data-id=\"64c6750\" data-element_type=\"section\">\n\t\t\t\t\t\t<div class=\"elementor-container elementor-column-gap-default\">\n\t\t\t\t\t<div class=\"elementor-column elementor-col-33 elementor-inner-column elementor-element elementor-element-4a45adc\" data-id=\"4a45adc\" data-element_type=\"column\">\n\t\t\t<div class=\"elementor-widget-wrap elementor-element-populated\">\n\t\t\t\t\t\t<div class=\"elementor-element elementor-element-469321b elementor-widget elementor-widget-text-editor\" data-id=\"469321b\" data-element_type=\"widget\" data-widget_type=\"text-editor.default\">\n\t\t\t\t<div class=\"elementor-widget-container\">\n\t\t\t\t\t\t\t\t\t<p>CENA EARLY BIRD do 01.05.2025 r.:<\/p>\t\t\t\t\t\t\t\t<\/div>\n\t\t\t\t<\/div>\n\t\t\t\t<div class=\"elementor-element elementor-element-103d61e elementor-widget elementor-widget-image\" data-id=\"103d61e\" data-element_type=\"widget\" data-widget_type=\"image.default\">\n\t\t\t\t<div class=\"elementor-widget-container\">\n\t\t\t\t\t\t\t\t\t\t\t\t\t\t\t<img decoding=\"async\" width=\"279\" height=\"190\" src=\"https:\/\/ptbrio.pl\/szkola\/wp-content\/uploads\/2024\/01\/cena_double.jpg\" class=\"attachment-large size-large wp-image-2543\" alt=\"\" \/>\t\t\t\t\t\t\t\t\t\t\t\t\t\t\t<\/div>\n\t\t\t\t<\/div>\n\t\t\t\t<div class=\"elementor-element elementor-element-c956e67 elementor-widget elementor-widget-text-editor\" data-id=\"c956e67\" data-element_type=\"widget\" data-widget_type=\"text-editor.default\">\n\t\t\t\t<div class=\"elementor-widget-container\">\n\t\t\t\t\t\t\t\t\tceny netto\t\t\t\t\t\t\t\t<\/div>\n\t\t\t\t<\/div>\n\t\t\t\t\t<\/div>\n\t\t<\/div>\n\t\t\t\t<div class=\"elementor-column elementor-col-33 elementor-inner-column elementor-element elementor-element-1157075\" data-id=\"1157075\" data-element_type=\"column\">\n\t\t\t<div class=\"elementor-widget-wrap elementor-element-populated\">\n\t\t\t\t\t\t<div class=\"elementor-element elementor-element-cb6a20a elementor-align-center elementor-mobile-align-justify elementor-widget elementor-widget-button\" data-id=\"cb6a20a\" data-element_type=\"widget\" data-widget_type=\"button.default\">\n\t\t\t\t<div class=\"elementor-widget-container\">\n\t\t\t\t\t\t\t\t\t<div class=\"elementor-button-wrapper\">\n\t\t\t\t\t<a class=\"elementor-button elementor-button-link elementor-size-sm\" href=\"https:\/\/zgloszenia.ora.pl\/event\/szkolenie-ptbrio-online-badania-shopperowe\/\">\n\t\t\t\t\t\t<span class=\"elementor-button-content-wrapper\">\n\t\t\t\t\t\t\t\t\t<span class=\"elementor-button-text\">ZG\u0141O\u015a SI\u0118<\/span>\n\t\t\t\t\t<\/span>\n\t\t\t\t\t<\/a>\n\t\t\t\t<\/div>\n\t\t\t\t\t\t\t\t<\/div>\n\t\t\t\t<\/div>\n\t\t\t\t\t<\/div>\n\t\t<\/div>\n\t\t\t\t<div class=\"elementor-column elementor-col-33 elementor-inner-column elementor-element elementor-element-ee1b466\" data-id=\"ee1b466\" data-element_type=\"column\">\n\t\t\t<div class=\"elementor-widget-wrap elementor-element-populated\">\n\t\t\t\t\t\t<div class=\"elementor-element elementor-element-2ad154e elementor-widget elementor-widget-text-editor\" data-id=\"2ad154e\" data-element_type=\"widget\" data-widget_type=\"text-editor.default\">\n\t\t\t\t<div class=\"elementor-widget-container\">\n\t\t\t\t\t\t\t\t\t<p>W CENIE: udzia\u0142 w szkoleniu, materia\u0142y elektroniczne, certyfikat elektroniczny<\/p>\t\t\t\t\t\t\t\t<\/div>\n\t\t\t\t<\/div>\n\t\t\t\t\t<\/div>\n\t\t<\/div>\n\t\t\t\t\t<\/div>\n\t\t<\/section>\n\t\t\t\t\t<\/div>\n\t\t<\/div>\n\t\t\t\t\t<\/div>\n\t\t<\/section>\n\t\t\t\t<\/div>\n\t\t","protected":false},"excerpt":{"rendered":"<p>BLOK: RETAIL15-16.052025 BADANIA SHOPPEROWE \/ CUSTOMER JOURNEY 8h 09:00-13:00, zaj\u0119cia ON-LINE (Zoom) Opis zaj\u0119\u0107 Celem zaj\u0119\u0107 jest pokazanie specyfiki bada\u0144 shopperowych oraz zaznajomienie z podstawowymi poj\u0119ciami oraz metodami bada\u0144 shopperowych Kluczowe poj\u0119cia i zagadnienia Shopper, category management, drzewo decyzyjne, badanie \u015bcie\u017cki decyzyjnej, POS, planogam Umiej\u0119tno\u015bci, jakie wynios\u0105 z zaj\u0119\u0107 uczestnicy: Rozr\u00f3\u017cnienie kiedy potrzebne s\u0105 nam [&hellip;]<\/p>\n","protected":false},"author":1,"featured_media":0,"parent":0,"menu_order":0,"comment_status":"closed","ping_status":"closed","template":"","meta":{"site-sidebar-layout":"no-sidebar","site-content-layout":"page-builder","ast-site-content-layout":"full-width-container","site-content-style":"default","site-sidebar-style":"default","ast-global-header-display":"","ast-banner-title-visibility":"","ast-main-header-display":"","ast-hfb-above-header-display":"","ast-hfb-below-header-display":"","ast-hfb-mobile-header-display":"","site-post-title":"disabled","ast-breadcrumbs-content":"","ast-featured-img":"disabled","footer-sml-layout":"","theme-transparent-header-meta":"default","adv-header-id-meta":"","stick-header-meta":"","header-above-stick-meta":"","header-main-stick-meta":"","header-below-stick-meta":"","astra-migrate-meta-layouts":"set","ast-page-background-enabled":"default","ast-page-background-meta":{"desktop":{"background-color":"","background-image":"","background-repeat":"repeat","background-position":"center center","background-size":"auto","background-attachment":"scroll","background-type":"","background-media":"","overlay-type":"","overlay-color":"","overlay-opacity":"","overlay-gradient":""},"tablet":{"background-color":"","background-image":"","background-repeat":"repeat","background-position":"center center","background-size":"auto","background-attachment":"scroll","background-type":"","background-media":"","overlay-type":"","overlay-color":"","overlay-opacity":"","overlay-gradient":""},"mobile":{"background-color":"","background-image":"","background-repeat":"repeat","background-position":"center center","background-size":"auto","background-attachment":"scroll","background-type":"","background-media":"","overlay-type":"","overlay-color":"","overlay-opacity":"","overlay-gradient":""}},"ast-content-background-meta":{"desktop":{"background-color":"var(--ast-global-color-5)","background-image":"","background-repeat":"repeat","background-position":"center center","background-size":"auto","background-attachment":"scroll","background-type":"","background-media":"","overlay-type":"","overlay-color":"","overlay-opacity":"","overlay-gradient":""},"tablet":{"background-color":"var(--ast-global-color-5)","background-image":"","background-repeat":"repeat","background-position":"center center","background-size":"auto","background-attachment":"scroll","background-type":"","background-media":"","overlay-type":"","overlay-color":"","overlay-opacity":"","overlay-gradient":""},"mobile":{"background-color":"var(--ast-global-color-5)","background-image":"","background-repeat":"repeat","background-position":"center center","background-size":"auto","background-attachment":"scroll","background-type":"","background-media":"","overlay-type":"","overlay-color":"","overlay-opacity":"","overlay-gradient":""}},"footnotes":""},"class_list":["post-2487","page","type-page","status-publish","hentry"],"aioseo_notices":[],"_links":{"self":[{"href":"https:\/\/ptbrio.pl\/szkola\/wp-json\/wp\/v2\/pages\/2487","targetHints":{"allow":["GET"]}}],"collection":[{"href":"https:\/\/ptbrio.pl\/szkola\/wp-json\/wp\/v2\/pages"}],"about":[{"href":"https:\/\/ptbrio.pl\/szkola\/wp-json\/wp\/v2\/types\/page"}],"author":[{"embeddable":true,"href":"https:\/\/ptbrio.pl\/szkola\/wp-json\/wp\/v2\/users\/1"}],"replies":[{"embeddable":true,"href":"https:\/\/ptbrio.pl\/szkola\/wp-json\/wp\/v2\/comments?post=2487"}],"version-history":[{"count":29,"href":"https:\/\/ptbrio.pl\/szkola\/wp-json\/wp\/v2\/pages\/2487\/revisions"}],"predecessor-version":[{"id":2853,"href":"https:\/\/ptbrio.pl\/szkola\/wp-json\/wp\/v2\/pages\/2487\/revisions\/2853"}],"wp:attachment":[{"href":"https:\/\/ptbrio.pl\/szkola\/wp-json\/wp\/v2\/media?parent=2487"}],"curies":[{"name":"wp","href":"https:\/\/api.w.org\/{rel}","templated":true}]}}