{"id":2568,"date":"2024-02-06T16:30:21","date_gmt":"2024-02-06T15:30:21","guid":{"rendered":"https:\/\/ptbrio.pl\/szkola\/?page_id=2568"},"modified":"2026-04-09T16:52:29","modified_gmt":"2026-04-09T14:52:29","slug":"badania-jakosciowe","status":"publish","type":"page","link":"https:\/\/ptbrio.pl\/szkola\/badania-jakosciowe\/","title":{"rendered":"BADANIA JAKO\u015aCIOWE"},"content":{"rendered":"\t\t<div data-elementor-type=\"wp-page\" data-elementor-id=\"2568\" class=\"elementor elementor-2568\" data-elementor-post-type=\"page\">\n\t\t\t\t\t\t<section class=\"elementor-section elementor-top-section elementor-element elementor-element-5584959 elementor-section-boxed elementor-section-height-default elementor-section-height-default\" data-id=\"5584959\" data-element_type=\"section\">\n\t\t\t\t\t\t<div class=\"elementor-container elementor-column-gap-default\">\n\t\t\t\t\t<div class=\"elementor-column elementor-col-100 elementor-top-column elementor-element elementor-element-51e54ae\" data-id=\"51e54ae\" data-element_type=\"column\">\n\t\t\t<div class=\"elementor-widget-wrap elementor-element-populated\">\n\t\t\t\t\t\t<div class=\"elementor-element elementor-element-d151d07 elementor-widget elementor-widget-text-editor\" data-id=\"d151d07\" data-element_type=\"widget\" data-widget_type=\"text-editor.default\">\n\t\t\t\t<div class=\"elementor-widget-container\">\n\t\t\t\t\t\t\t\t\t<img decoding=\"async\" src=\"https:\/\/ptbrio.pl\/szkola\/wp-content\/uploads\/2024\/01\/bulb1.jpg\" style=\"height:40px; width:auto; margin-right: 20px\">BLOK: PODSTAWY INSIGHT\u00d3W\t\t\t\t\t\t\t\t<\/div>\n\t\t\t\t<\/div>\n\t\t\t\t\t<\/div>\n\t\t<\/div>\n\t\t\t\t\t<\/div>\n\t\t<\/section>\n\t\t\t\t<section class=\"elementor-section elementor-top-section elementor-element elementor-element-36f3096 elementor-section-boxed elementor-section-height-default elementor-section-height-default\" data-id=\"36f3096\" data-element_type=\"section\">\n\t\t\t\t\t\t<div class=\"elementor-container elementor-column-gap-default\">\n\t\t\t\t\t<div class=\"elementor-column elementor-col-50 elementor-top-column elementor-element elementor-element-c3e11fc\" data-id=\"c3e11fc\" data-element_type=\"column\">\n\t\t\t<div class=\"elementor-widget-wrap elementor-element-populated\">\n\t\t\t\t\t\t<section class=\"elementor-section elementor-inner-section elementor-element elementor-element-2777103 elementor-section-boxed elementor-section-height-default elementor-section-height-default\" data-id=\"2777103\" data-element_type=\"section\">\n\t\t\t\t\t\t<div class=\"elementor-container elementor-column-gap-default\">\n\t\t\t\t\t<div class=\"elementor-column elementor-col-50 elementor-inner-column elementor-element elementor-element-0f5375a\" data-id=\"0f5375a\" data-element_type=\"column\" data-settings=\"{&quot;background_background&quot;:&quot;classic&quot;}\">\n\t\t\t<div class=\"elementor-widget-wrap elementor-element-populated\">\n\t\t\t\t\t\t<div class=\"elementor-element elementor-element-e7c2988 elementor-widget__width-initial elementor-widget elementor-widget-text-editor\" data-id=\"e7c2988\" data-element_type=\"widget\" data-widget_type=\"text-editor.default\">\n\t\t\t\t<div class=\"elementor-widget-container\">\n\t\t\t\t\t\t\t\t\t24-25\n06.2026\t\t\t\t\t\t\t\t<\/div>\n\t\t\t\t<\/div>\n\t\t\t\t\t<\/div>\n\t\t<\/div>\n\t\t\t\t<div class=\"elementor-column elementor-col-50 elementor-inner-column elementor-element elementor-element-d38d685\" data-id=\"d38d685\" data-element_type=\"column\">\n\t\t\t<div class=\"elementor-widget-wrap elementor-element-populated\">\n\t\t\t\t\t\t<div class=\"elementor-element elementor-element-b594671 elementor-widget elementor-widget-heading\" data-id=\"b594671\" data-element_type=\"widget\" data-widget_type=\"heading.default\">\n\t\t\t\t<div class=\"elementor-widget-container\">\n\t\t\t\t\t<h2 class=\"elementor-heading-title elementor-size-default\">BADANIA JAKO\u015aCIOWE <span class=\"giz_godzin\">8h<\/span> <\/h2>\t\t\t\t<\/div>\n\t\t\t\t<\/div>\n\t\t\t\t<div class=\"elementor-element elementor-element-b96c357 elementor-widget elementor-widget-text-editor\" data-id=\"b96c357\" data-element_type=\"widget\" data-widget_type=\"text-editor.default\">\n\t\t\t\t<div class=\"elementor-widget-container\">\n\t\t\t\t\t\t\t\t\t09:00-13:00, zaj\u0119cia ON-LINE (Zoom)\t\t\t\t\t\t\t\t<\/div>\n\t\t\t\t<\/div>\n\t\t\t\t\t<\/div>\n\t\t<\/div>\n\t\t\t\t\t<\/div>\n\t\t<\/section>\n\t\t\t\t<div class=\"elementor-element elementor-element-2156af4 elementor-widget elementor-widget-heading\" data-id=\"2156af4\" data-element_type=\"widget\" data-widget_type=\"heading.default\">\n\t\t\t\t<div class=\"elementor-widget-container\">\n\t\t\t\t\t<h4 class=\"elementor-heading-title elementor-size-default\">Opis zaj\u0119\u0107 <\/h4>\t\t\t\t<\/div>\n\t\t\t\t<\/div>\n\t\t\t\t<div class=\"elementor-element elementor-element-6ea13b4 elementor-widget elementor-widget-text-editor\" data-id=\"6ea13b4\" data-element_type=\"widget\" data-widget_type=\"text-editor.default\">\n\t\t\t\t<div class=\"elementor-widget-container\">\n\t\t\t\t\t\t\t\t\t\u201eBadania jako\u015bciowe s\u0105 bez sensu, bo to g\u0142\u00f3wnie deklaracje zebrane od ludzi w studio na fokusach\u201d. \u201eNadchodzi zmierzch bada\u0144 jako\u015bciowych, bo mamy tyle danych i AI, \u017ce nie ma sensu dalej pyta\u0107 ludzi o pewne rzeczy\u201d. \u201eJakie wnioski mo\u017cna wyci\u0105ga\u0107 na pr\u00f3bach N= 24, to nie jest reprezentatywna pr\u00f3ba\u201d. \u201eAnaliza jako\u015bciowa to wr\u00f3\u017cenie z fus\u00f3w i ka\u017cdy badacz wywr\u00f3\u017cy co\u015b innego\u201d. \t\t\t\t\t\t\t\t<\/div>\n\t\t\t\t<\/div>\n\t\t\t\t<div class=\"elementor-element elementor-element-ed0b18f elementor-widget elementor-widget-text-editor\" data-id=\"ed0b18f\" data-element_type=\"widget\" data-widget_type=\"text-editor.default\">\n\t\t\t\t<div class=\"elementor-widget-container\">\n\t\t\t\t\t\t\t\t\tJe\u015bli kiedykolwiek spotkali\u015bcie si\u0119 z takimi wypowiedziami i zastanawiacie si\u0119 czy jest w nich jaka\u015b prawda, to zapraszam na zaj\u0119cia o tym jak dobrze planowa\u0107 i robi\u0107 badania jako\u015bciowe i jak m\u0105drze z nich korzysta\u0107 aby mie\u0107 pewno\u015b\u0107, \u017ce wszystkie powy\u017csze to wypowiedzi \u015bwiadcz\u0105ce o braku zrozumienia czym s\u0105 badania jako\u015bciowe lub o tym, \u017ce autor\/ka nie spotkali si\u0119 z osobami znaj\u0105cymi si\u0119 dobrze na swojej jako\u015bciowej robocie \t\t\t\t\t\t\t\t<\/div>\n\t\t\t\t<\/div>\n\t\t\t\t<div class=\"elementor-element elementor-element-8dc0d8e elementor-widget elementor-widget-text-editor\" data-id=\"8dc0d8e\" data-element_type=\"widget\" data-widget_type=\"text-editor.default\">\n\t\t\t\t<div class=\"elementor-widget-container\">\n\t\t\t\t\t\t\t\t\tW mojej ocenie, osoby praktykuj\u0105cej badania jako\u015bciowe od ponad 20 lat, badania jako\u015bciowe s\u0105 nieodzowne we wszystkich procesach, gdzie ostatecznie podj\u0119te dzia\u0142ania maj\u0105 dotyczy\u0107 konsument\u00f3w lub shopper\u00f3w, czyli ludzi po prostu. Dobre rozumienie cz\u0142owieka, kontekstu w jakim podejmuje swoje decyzje, jego problem\u00f3w i napi\u0119\u0107, jego potrzeb i motywacji jest kluczowe dla podejmowania w\u0142a\u015bciwych decyzji biznesowych. Ta nieodzowno\u015b\u0107 bada\u0144 jako\u015bciowych w ostatnich latach si\u0119 moim zdaniem jeszcze zwi\u0119kszy\u0142a, bo mamy mn\u00f3stwo danych, tylko czy zawsze  dobrze rozumiemy cz\u0142owieka, kt\u00f3ry stoi za tymi danymi? \t\t\t\t\t\t\t\t<\/div>\n\t\t\t\t<\/div>\n\t\t\t\t<div class=\"elementor-element elementor-element-c9bf438 elementor-widget elementor-widget-text-editor\" data-id=\"c9bf438\" data-element_type=\"widget\" data-widget_type=\"text-editor.default\">\n\t\t\t\t<div class=\"elementor-widget-container\">\n\t\t\t\t\t\t\t\t\tO tym b\u0119d\u0105 zatem te zaj\u0119cia, czyli o tym jak dobrze projektowa\u0107 badania jako\u015bciowe, na co zwraca\u0107 uwag\u0119 przy wyborze odpowiednich narz\u0119dzi, metod, kryteri\u00f3w rekrutacyjnych, moderatorek\/ moderator\u00f3w, wreszcie o tym jak oceni\u0107 czy przedstawiona analiza i raport s\u0105 naprawd\u0119 warto\u015bciowe. \t\t\t\t\t\t\t\t<\/div>\n\t\t\t\t<\/div>\n\t\t\t\t<div class=\"elementor-element elementor-element-8abeae4 elementor-widget elementor-widget-heading\" data-id=\"8abeae4\" data-element_type=\"widget\" data-widget_type=\"heading.default\">\n\t\t\t\t<div class=\"elementor-widget-container\">\n\t\t\t\t\t<h4 class=\"elementor-heading-title elementor-size-default\">Kluczowe poj\u0119cia i zagadnienia <\/h4>\t\t\t\t<\/div>\n\t\t\t\t<\/div>\n\t\t\t\t<div class=\"elementor-element elementor-element-7f036ee elementor-widget elementor-widget-text-editor\" data-id=\"7f036ee\" data-element_type=\"widget\" data-widget_type=\"text-editor.default\">\n\t\t\t\t<div class=\"elementor-widget-container\">\n\t\t\t\t\t\t\t\t\t#rola i miejsce bada\u0144 jako\u015bciowych, #jak odpowiada\u0107 na cele badawcze i biznesowe, #jak rozmawia\u0107, \u017ceby ludzie m\u00f3wili, #fokusy i wywiady to nie wszystko, #dobre badawcze rzemios\u0142o, #kryteria oceny\t\t\t\t\t\t\t\t<\/div>\n\t\t\t\t<\/div>\n\t\t\t\t<div class=\"elementor-element elementor-element-7dcc478 elementor-widget elementor-widget-heading\" data-id=\"7dcc478\" data-element_type=\"widget\" data-widget_type=\"heading.default\">\n\t\t\t\t<div class=\"elementor-widget-container\">\n\t\t\t\t\t<h4 class=\"elementor-heading-title elementor-size-default\">Umiej\u0119tno\u015bci, jakie wynios\u0105 z zaj\u0119\u0107 uczestnicy: <\/h4>\t\t\t\t<\/div>\n\t\t\t\t<\/div>\n\t\t\t\t<div class=\"elementor-element elementor-element-6887bcf elementor-widget elementor-widget-text-editor\" data-id=\"6887bcf\" data-element_type=\"widget\" data-widget_type=\"text-editor.default\">\n\t\t\t\t<div class=\"elementor-widget-container\">\n\t\t\t\t\t\t\t\t\tUczestnicy po zaj\u0119ciach b\u0119d\u0105: \t\t\t\t\t\t\t\t<\/div>\n\t\t\t\t<\/div>\n\t\t\t\t<div class=\"elementor-element elementor-element-eae0103 elementor-widget elementor-widget-text-editor\" data-id=\"eae0103\" data-element_type=\"widget\" data-widget_type=\"text-editor.default\">\n\t\t\t\t<div class=\"elementor-widget-container\">\n\t\t\t\t\t\t\t\t\t<ul>\n<li>wiedzieli kiedy badania jako\u015bciowe s\u0105 nieodzowne, kiedy pomocne a kiedy nie maj\u0105 sensu  w procesach badawczych,<\/li> \n<li>rozumieli wag\u0119 r\u00f3\u017cnych element\u00f3w procesu badawczego i wiedzieli jaki maj\u0105 one wp\u0142yw na sukces lub pora\u017ck\u0119 ca\u0142ego badania,<\/li>  \n<li>wiedzieli, \u017ce badania jako\u015bciowe to nie tylko focusy, czyli b\u0119d\u0105 znali r\u00f3\u017cne metody bada\u0144 jako\u015bciowych i wiedzieli kiedy je mo\u017cna zastosowa\u0107,<\/li>  \n<li>czuli po czym pozna\u0107 dobr\u0105 robot\u0119 badaczki jako\u015bciowej\/ badacza jako\u015bciowego i wiedzieli dlaczego nie ka\u017cdy mo\u017ce by\u0107 dobr\u0105 moderatork\u0105\/ moderatorem.<\/li>   \n<\/ul>\t\t\t\t\t\t\t\t<\/div>\n\t\t\t\t<\/div>\n\t\t\t\t<div class=\"elementor-element elementor-element-25018f4 elementor-widget elementor-widget-heading\" data-id=\"25018f4\" data-element_type=\"widget\" data-widget_type=\"heading.default\">\n\t\t\t\t<div class=\"elementor-widget-container\">\n\t\t\t\t\t<h4 class=\"elementor-heading-title elementor-size-default\">Program: <\/h4>\t\t\t\t<\/div>\n\t\t\t\t<\/div>\n\t\t\t\t<div class=\"elementor-element elementor-element-baa3717 elementor-widget elementor-widget-text-editor\" data-id=\"baa3717\" data-element_type=\"widget\" data-widget_type=\"text-editor.default\">\n\t\t\t\t<div class=\"elementor-widget-container\">\n\t\t\t\t\t\t\t\t\t<ol><li>Definicja- czym s\u0105 badania jako\u015bciowe, jak ewoluowa\u0142y i jaka przysz\u0142o\u015b\u0107 jest im wr\u00f3\u017cona.<\/li><li>Kiedy jest miejsce i czas na badania jako\u015bciowe, kiedy na ilo\u015bciowe i jak s\u0105 one ze sob\u0105 komplementarne?<\/li><li>Jakie metody bada\u0144 jako\u015bciowych s\u0105 najcz\u0119\u015bciej u\u017cywane w badaniach marketingowych i kiedy je stosowa\u0107 i w jakim celu?<\/li><li>Przepis na sukces lub na pora\u017ck\u0119, czyli jakie s\u0105 podstawowe elementy procesu badawczego w badaniach jako\u015bciowych?<ol type=\"a\"><li>Dlaczego brief i kick off procesu badawczego jest bardzo wa\u017cny?<\/li><li>Piekarski na m\u0119kach, czyli dlaczego kryteria rekrutacyjne (i kwestionariusz rekrutacyjny) to niebanalna cz\u0119\u015b\u0107 procesu badawczego?<\/li><li>Z pustego i Salomon nie naleje, czyli dlaczego scenariusz dyskusji i obserwacji ma znaczenie i kiedy nale\u017cy go porzuci\u0107?<\/li><li>Techniki projekcyjne, czyli dlaczego ludzie nie zawsze m\u00f3wi\u0105 to co my\u015bl\u0105 i my\u015bl\u0105, \u017ce czuj\u0105 co\u015b innego?<\/li><li>Jak \u0142atwo zosta\u0107 moderatorem i dlaczego nie ka\u017cda rozmowa to badanie jako\u015bciowe?<\/li><li>Szukanie w g\u0105szczu wypowiedzi, czyli co jest wa\u017cne w analizie i raportowaniu bada\u0144 jako\u015bciowych i troch\u0119 o tym jak szuka\u0107 insight\u00f3w<\/li><\/ol><\/li><\/ol>\t\t\t\t\t\t\t\t<\/div>\n\t\t\t\t<\/div>\n\t\t\t\t\t<\/div>\n\t\t<\/div>\n\t\t\t\t<div class=\"elementor-column elementor-col-50 elementor-top-column elementor-element elementor-element-8c81f04\" data-id=\"8c81f04\" data-element_type=\"column\" data-settings=\"{&quot;background_background&quot;:&quot;classic&quot;}\">\n\t\t\t<div class=\"elementor-widget-wrap elementor-element-populated\">\n\t\t\t\t\t\t<div class=\"elementor-element elementor-element-257a3b4 elementor-widget elementor-widget-image\" data-id=\"257a3b4\" data-element_type=\"widget\" data-widget_type=\"image.default\">\n\t\t\t\t<div class=\"elementor-widget-container\">\n\t\t\t\t\t\t\t\t\t\t\t\t\t\t\t<img fetchpriority=\"high\" decoding=\"async\" width=\"250\" height=\"250\" src=\"https:\/\/ptbrio.pl\/szkola\/wp-content\/uploads\/2020\/11\/szymanska2.jpg\" class=\"attachment-large size-large wp-image-588\" alt=\"\" srcset=\"https:\/\/ptbrio.pl\/szkola\/wp-content\/uploads\/2020\/11\/szymanska2.jpg 250w, https:\/\/ptbrio.pl\/szkola\/wp-content\/uploads\/2020\/11\/szymanska2-150x150.jpg 150w\" sizes=\"(max-width: 250px) 100vw, 250px\" \/>\t\t\t\t\t\t\t\t\t\t\t\t\t\t\t<\/div>\n\t\t\t\t<\/div>\n\t\t\t\t<div class=\"elementor-element elementor-element-ada1a39 elementor-widget elementor-widget-heading\" data-id=\"ada1a39\" data-element_type=\"widget\" data-widget_type=\"heading.default\">\n\t\t\t\t<div class=\"elementor-widget-container\">\n\t\t\t\t\t<h2 class=\"elementor-heading-title elementor-size-default\">Patrycja\nSzyma\u0144ska<\/h2>\t\t\t\t<\/div>\n\t\t\t\t<\/div>\n\t\t\t\t<div class=\"elementor-element elementor-element-40e7d3f elementor-widget elementor-widget-text-editor\" data-id=\"40e7d3f\" data-element_type=\"widget\" data-widget_type=\"text-editor.default\">\n\t\t\t\t<div class=\"elementor-widget-container\">\n\t\t\t\t\t\t\t\t\tZ badaniami rynku jestem zwi\u0105zana od ponad 20 lat, zawsze po stronie agencji badawczej. Specjalizuj\u0119 si\u0119 w badaniach jako\u015bciowych, cho\u0107 najbardziej wierz\u0119 w synergi\u0119 metod i g\u0142\u00f3w badawczych. Najch\u0119tniej bior\u0119 udzia\u0142 w procesach gdzie \u0142\u0105czy si\u0119 bardzo r\u00f3\u017cne metody, aby dostarczy\u0107 jak najbardziej warto\u015bciowych odpowiedzi na pytania biznesowe klienta. Interesuje mnie to co z bada\u0144 wynika, jakie mo\u017cna i powinno si\u0119 wyci\u0105gn\u0105\u0107 na ich podstawie wnioski, jak budowa\u0107 rekomendacje i jak pom\u00f3c przek\u0142ada\u0107 klientom wyniki bada\u0144 na dzia\u0142ania. Lubi\u0119 te\u017c pracowa\u0107 metodami warsztatowymi. \t\t\t\t\t\t\t\t<\/div>\n\t\t\t\t<\/div>\n\t\t\t\t<div class=\"elementor-element elementor-element-efc2b01 elementor-widget elementor-widget-text-editor\" data-id=\"efc2b01\" data-element_type=\"widget\" data-widget_type=\"text-editor.default\">\n\t\t\t\t<div class=\"elementor-widget-container\">\n\t\t\t\t\t\t\t\t\tDzi\u015b zarz\u0105dzam (najprawdopodobniej\u00a0 \ud83d\ude0a) najwi\u0119kszym zespo\u0142em badaczek i badaczy jako\u015bciowych w Polsce, czyli m.in. mam mo\u017cliwo\u015b\u0107 uczy\u0107 si\u0119 od i wspiera\u0107 w rozwoju ponad 20 os\u00f3b na co dzie\u0144 zajmuj\u0105cych si\u0119 badaniami jako\u015bciowymi. Zesp\u00f3\u0142 jest nie tylko du\u017cy, ale te\u017c doceniany za jako\u015b\u0107 swojej pracy (\u015brednia ocena naszych klient\u00f3w na prac\u0119 z nami w 2023 to 9.81 na skali 10 stopniowej \ud83d\ude0a). \t\t\t\t\t\t\t\t<\/div>\n\t\t\t\t<\/div>\n\t\t\t\t<div class=\"elementor-element elementor-element-0f2a6a4 elementor-widget elementor-widget-text-editor\" data-id=\"0f2a6a4\" data-element_type=\"widget\" data-widget_type=\"text-editor.default\">\n\t\t\t\t<div class=\"elementor-widget-container\">\n\t\t\t\t\t\t\t\t\tNieskromnie dodam, \u017ce uwa\u017cam, \u017ce ja osobi\u015bcie znam si\u0119 na robocie jako\u015bciowej \ud83d\ude0a \t\t\t\t\t\t\t\t<\/div>\n\t\t\t\t<\/div>\n\t\t\t\t<div class=\"elementor-element elementor-element-f6ccd27 elementor-widget elementor-widget-text-editor\" data-id=\"f6ccd27\" data-element_type=\"widget\" data-widget_type=\"text-editor.default\">\n\t\t\t\t<div class=\"elementor-widget-container\">\n\t\t\t\t\t\t\t\t\tDo\u015bwiadczenie z uczenia innych tego co w badaniach jako\u015bciowych najwa\u017cniejsze mam spore, a w ostatnim roku razem z Seniorkami pracuj\u0105cymi w Ipsos powo\u0142a\u0142am do \u017cycia Szko\u0142\u0119 Bada\u0144 Jako\u015bciowych, w kt\u00f3rych szkoli\u0142y\u015bmy adeptki i adept\u00f3w tej sztuki. \t\t\t\t\t\t\t\t<\/div>\n\t\t\t\t<\/div>\n\t\t\t\t<div class=\"elementor-element elementor-element-823423e elementor-widget elementor-widget-text-editor\" data-id=\"823423e\" data-element_type=\"widget\" data-widget_type=\"text-editor.default\">\n\t\t\t\t<div class=\"elementor-widget-container\">\n\t\t\t\t\t\t\t\t\tW przesz\u0142o\u015bci mia\u0142am te\u017c przyjemno\u015b\u0107 dba\u0107 o rozw\u00f3j i szkolenia badaczy w innych krajach CEE. By\u0142am nominowana do nagrody Archetypy 25-lecia PTBRIO w kategorii Mentorka. Jestem trenerk\u0105 PTBRIO i SAR, oraz dwukrotnie mia\u0142am przyjemno\u015b\u0107 zasiada\u0107 w jury Effie. \t\t\t\t\t\t\t\t<\/div>\n\t\t\t\t<\/div>\n\t\t\t\t<div class=\"elementor-element elementor-element-99ee076 elementor-widget elementor-widget-text-editor\" data-id=\"99ee076\" data-element_type=\"widget\" data-widget_type=\"text-editor.default\">\n\t\t\t\t<div class=\"elementor-widget-container\">\n\t\t\t\t\t\t\t\t\tWierz\u0119 w ci\u0105g\u0142y rozw\u00f3j i niestanie w miejscu, wi\u0119c co roku znajduj\u0119 sobie jaki\u015b nowy temat, zagadnie, technik\u0119 w kt\u00f3r\u0105 si\u0119 zag\u0142\u0119biam, do\u015bwiadczam i u\u017cywam coraz bardziej \u015bwiadomie. \t\t\t\t\t\t\t\t<\/div>\n\t\t\t\t<\/div>\n\t\t\t\t\t<\/div>\n\t\t<\/div>\n\t\t\t\t\t<\/div>\n\t\t<\/section>\n\t\t\t\t<section class=\"elementor-section elementor-top-section elementor-element elementor-element-b9b9074 elementor-section-boxed elementor-section-height-default elementor-section-height-default\" data-id=\"b9b9074\" data-element_type=\"section\">\n\t\t\t\t\t\t<div class=\"elementor-container elementor-column-gap-default\">\n\t\t\t\t\t<div class=\"elementor-column elementor-col-100 elementor-top-column elementor-element elementor-element-678e899\" data-id=\"678e899\" data-element_type=\"column\">\n\t\t\t<div class=\"elementor-widget-wrap elementor-element-populated\">\n\t\t\t\t\t\t<section class=\"elementor-section elementor-inner-section elementor-element elementor-element-c739fe3 elementor-section-boxed elementor-section-height-default elementor-section-height-default\" data-id=\"c739fe3\" data-element_type=\"section\">\n\t\t\t\t\t\t<div class=\"elementor-container elementor-column-gap-default\">\n\t\t\t\t\t<div class=\"elementor-column elementor-col-33 elementor-inner-column elementor-element elementor-element-b7dbfe2\" data-id=\"b7dbfe2\" data-element_type=\"column\">\n\t\t\t<div class=\"elementor-widget-wrap elementor-element-populated\">\n\t\t\t\t\t\t<div class=\"elementor-element elementor-element-b365918 elementor-widget elementor-widget-text-editor\" data-id=\"b365918\" data-element_type=\"widget\" data-widget_type=\"text-editor.default\">\n\t\t\t\t<div class=\"elementor-widget-container\">\n\t\t\t\t\t\t\t\t\t<p>CENA EARLY BIRD do 3.06.2026 r.:<\/p>\t\t\t\t\t\t\t\t<\/div>\n\t\t\t\t<\/div>\n\t\t\t\t<div class=\"elementor-element elementor-element-a087d94 elementor-widget elementor-widget-image\" data-id=\"a087d94\" data-element_type=\"widget\" data-widget_type=\"image.default\">\n\t\t\t\t<div class=\"elementor-widget-container\">\n\t\t\t\t\t\t\t\t\t\t\t\t\t\t\t<img decoding=\"async\" width=\"279\" height=\"190\" src=\"https:\/\/ptbrio.pl\/szkola\/wp-content\/uploads\/2024\/01\/cena_double.jpg\" class=\"attachment-large size-large wp-image-2543\" alt=\"\" \/>\t\t\t\t\t\t\t\t\t\t\t\t\t\t\t<\/div>\n\t\t\t\t<\/div>\n\t\t\t\t<div class=\"elementor-element elementor-element-694622f elementor-widget elementor-widget-text-editor\" data-id=\"694622f\" data-element_type=\"widget\" data-widget_type=\"text-editor.default\">\n\t\t\t\t<div class=\"elementor-widget-container\">\n\t\t\t\t\t\t\t\t\tceny netto\t\t\t\t\t\t\t\t<\/div>\n\t\t\t\t<\/div>\n\t\t\t\t\t<\/div>\n\t\t<\/div>\n\t\t\t\t<div class=\"elementor-column elementor-col-33 elementor-inner-column elementor-element elementor-element-09489d8\" data-id=\"09489d8\" data-element_type=\"column\">\n\t\t\t<div class=\"elementor-widget-wrap elementor-element-populated\">\n\t\t\t\t\t\t<div class=\"elementor-element elementor-element-bb92a1b elementor-align-center elementor-mobile-align-justify elementor-widget elementor-widget-button\" data-id=\"bb92a1b\" data-element_type=\"widget\" data-widget_type=\"button.default\">\n\t\t\t\t<div class=\"elementor-widget-container\">\n\t\t\t\t\t\t\t\t\t<div class=\"elementor-button-wrapper\">\n\t\t\t\t\t<a class=\"elementor-button elementor-button-link elementor-size-sm\" href=\"https:\/\/zgloszenia.ora.pl\/event\/szkolenie-ptbrio-online-badania-jakosciowe\/\">\n\t\t\t\t\t\t<span class=\"elementor-button-content-wrapper\">\n\t\t\t\t\t\t\t\t\t<span class=\"elementor-button-text\">ZG\u0141O\u015a SI\u0118<\/span>\n\t\t\t\t\t<\/span>\n\t\t\t\t\t<\/a>\n\t\t\t\t<\/div>\n\t\t\t\t\t\t\t\t<\/div>\n\t\t\t\t<\/div>\n\t\t\t\t\t<\/div>\n\t\t<\/div>\n\t\t\t\t<div class=\"elementor-column elementor-col-33 elementor-inner-column elementor-element elementor-element-acbec03\" data-id=\"acbec03\" data-element_type=\"column\">\n\t\t\t<div class=\"elementor-widget-wrap elementor-element-populated\">\n\t\t\t\t\t\t<div class=\"elementor-element elementor-element-1543b40 elementor-widget elementor-widget-text-editor\" data-id=\"1543b40\" data-element_type=\"widget\" data-widget_type=\"text-editor.default\">\n\t\t\t\t<div class=\"elementor-widget-container\">\n\t\t\t\t\t\t\t\t\t<p>W CENIE: udzia\u0142 w szkoleniu, materia\u0142y elektroniczne, certyfikat elektroniczny<\/p>\t\t\t\t\t\t\t\t<\/div>\n\t\t\t\t<\/div>\n\t\t\t\t\t<\/div>\n\t\t<\/div>\n\t\t\t\t\t<\/div>\n\t\t<\/section>\n\t\t\t\t\t<\/div>\n\t\t<\/div>\n\t\t\t\t\t<\/div>\n\t\t<\/section>\n\t\t\t\t<\/div>\n\t\t","protected":false},"excerpt":{"rendered":"<p>BLOK: PODSTAWY INSIGHT\u00d3W24-25 06.2026 BADANIA JAKO\u015aCIOWE 8h 09:00-13:00, zaj\u0119cia ON-LINE (Zoom) Opis zaj\u0119\u0107 \u201eBadania jako\u015bciowe s\u0105 bez sensu, bo to g\u0142\u00f3wnie deklaracje zebrane od ludzi w studio na fokusach\u201d. \u201eNadchodzi zmierzch bada\u0144 jako\u015bciowych, bo mamy tyle danych i AI, \u017ce nie ma sensu dalej pyta\u0107 ludzi o pewne rzeczy\u201d. \u201eJakie wnioski mo\u017cna wyci\u0105ga\u0107 na pr\u00f3bach [&hellip;]<\/p>\n","protected":false},"author":1,"featured_media":0,"parent":0,"menu_order":0,"comment_status":"closed","ping_status":"closed","template":"","meta":{"site-sidebar-layout":"no-sidebar","site-content-layout":"page-builder","ast-site-content-layout":"full-width-container","site-content-style":"default","site-sidebar-style":"default","ast-global-header-display":"","ast-banner-title-visibility":"","ast-main-header-display":"","ast-hfb-above-header-display":"","ast-hfb-below-header-display":"","ast-hfb-mobile-header-display":"","site-post-title":"disabled","ast-breadcrumbs-content":"","ast-featured-img":"disabled","footer-sml-layout":"","theme-transparent-header-meta":"default","adv-header-id-meta":"","stick-header-meta":"","header-above-stick-meta":"","header-main-stick-meta":"","header-below-stick-meta":"","astra-migrate-meta-layouts":"set","ast-page-background-enabled":"default","ast-page-background-meta":{"desktop":{"background-color":"","background-image":"","background-repeat":"repeat","background-position":"center center","background-size":"auto","background-attachment":"scroll","background-type":"","background-media":"","overlay-type":"","overlay-color":"","overlay-opacity":"","overlay-gradient":""},"tablet":{"background-color":"","background-image":"","background-repeat":"repeat","background-position":"center center","background-size":"auto","background-attachment":"scroll","background-type":"","background-media":"","overlay-type":"","overlay-color":"","overlay-opacity":"","overlay-gradient":""},"mobile":{"background-color":"","background-image":"","background-repeat":"repeat","background-position":"center center","background-size":"auto","background-attachment":"scroll","background-type":"","background-media":"","overlay-type":"","overlay-color":"","overlay-opacity":"","overlay-gradient":""}},"ast-content-background-meta":{"desktop":{"background-color":"var(--ast-global-color-5)","background-image":"","background-repeat":"repeat","background-position":"center center","background-size":"auto","background-attachment":"scroll","background-type":"","background-media":"","overlay-type":"","overlay-color":"","overlay-opacity":"","overlay-gradient":""},"tablet":{"background-color":"var(--ast-global-color-5)","background-image":"","background-repeat":"repeat","background-position":"center center","background-size":"auto","background-attachment":"scroll","background-type":"","background-media":"","overlay-type":"","overlay-color":"","overlay-opacity":"","overlay-gradient":""},"mobile":{"background-color":"var(--ast-global-color-5)","background-image":"","background-repeat":"repeat","background-position":"center center","background-size":"auto","background-attachment":"scroll","background-type":"","background-media":"","overlay-type":"","overlay-color":"","overlay-opacity":"","overlay-gradient":""}},"footnotes":""},"class_list":["post-2568","page","type-page","status-publish","hentry"],"aioseo_notices":[],"_links":{"self":[{"href":"https:\/\/ptbrio.pl\/szkola\/wp-json\/wp\/v2\/pages\/2568","targetHints":{"allow":["GET"]}}],"collection":[{"href":"https:\/\/ptbrio.pl\/szkola\/wp-json\/wp\/v2\/pages"}],"about":[{"href":"https:\/\/ptbrio.pl\/szkola\/wp-json\/wp\/v2\/types\/page"}],"author":[{"embeddable":true,"href":"https:\/\/ptbrio.pl\/szkola\/wp-json\/wp\/v2\/users\/1"}],"replies":[{"embeddable":true,"href":"https:\/\/ptbrio.pl\/szkola\/wp-json\/wp\/v2\/comments?post=2568"}],"version-history":[{"count":50,"href":"https:\/\/ptbrio.pl\/szkola\/wp-json\/wp\/v2\/pages\/2568\/revisions"}],"predecessor-version":[{"id":3547,"href":"https:\/\/ptbrio.pl\/szkola\/wp-json\/wp\/v2\/pages\/2568\/revisions\/3547"}],"wp:attachment":[{"href":"https:\/\/ptbrio.pl\/szkola\/wp-json\/wp\/v2\/media?parent=2568"}],"curies":[{"name":"wp","href":"https:\/\/api.w.org\/{rel}","templated":true}]}}