{"id":170,"date":"2021-02-01T09:43:00","date_gmt":"2021-02-01T08:43:00","guid":{"rendered":"https:\/\/ptbrio.pl\/zbuntowanemarki\/?page_id=170"},"modified":"2021-02-05T09:19:24","modified_gmt":"2021-02-05T08:19:24","slug":"polityka-prywatnosci","status":"publish","type":"page","link":"https:\/\/ptbrio.pl\/zbuntowanemarki\/polityka-prywatnosci\/","title":{"rendered":"Polityka prywatno\u015bci"},"content":{"rendered":"\t\t<div data-elementor-type=\"wp-page\" data-elementor-id=\"170\" class=\"elementor elementor-170\">\n\t\t\t\t\t\t<section class=\"elementor-section elementor-top-section elementor-element elementor-element-2beb7026 elementor-section-boxed elementor-section-height-default elementor-section-height-default\" data-id=\"2beb7026\" data-element_type=\"section\" data-settings=\"{&quot;background_background&quot;:&quot;classic&quot;}\">\n\t\t\t\t\t\t<div class=\"elementor-container elementor-column-gap-default\">\n\t\t\t\t\t<div class=\"elementor-column elementor-col-100 elementor-top-column elementor-element elementor-element-3f90f529\" data-id=\"3f90f529\" data-element_type=\"column\">\n\t\t\t<div class=\"elementor-widget-wrap elementor-element-populated\">\n\t\t\t\t\t\t<div class=\"elementor-element elementor-element-5c351cc2 elementor-widget elementor-widget-text-editor\" data-id=\"5c351cc2\" data-element_type=\"widget\" data-widget_type=\"text-editor.default\">\n\t\t\t\t<div class=\"elementor-widget-container\">\n\t\t\t\t\t\t\t\t\t\r\n<h1 class=\"wp-block-heading\">Zasady przetwarzania danych osobowych przez Polskie Towarzystwo Badaczy Rynku i Opinii<\/h1>\r\n<div class=\"art_tresc\">W ramach naszej statutowej dzia\u0142alno\u015bci niezb\u0119dne jest przetwarzanie podstawowych danych osobowych, przede wszystkim danych kontaktowych. Poni\u017cej przedstawiamy zbi\u00f3r zasad, dzi\u0119ki kt\u00f3rym<br \/>Twoje dane (je\u015bli nam je przekaza\u0142e\u015b lub zrobisz to w przysz\u0142o\u015bci) s\u0105 bezpieczne:<br \/><br \/>1) Administratorem Twoich danych osobowych jest Polskie Towarzystwo Badaczy Rynku i Opinii z siedzib\u0105 przy ul. Szarotki 11 w Warszawie.<br \/><br \/>2) W sprawach dotycz\u0105cych ochrony danych osobowych mo\u017cna si\u0119 skontaktowa\u0107 z administratorem pod adresem e \u2013 mail:\u00a0<span id=\"cloakb08749bbe131f40c3e9fe7cc2b0ae0c7\"><a href=\"mailto:sekretariat@ptbrio.pl\">sekretariat@ptbrio.pl<\/a><\/span>, a tak\u017ce w formie papierowej lub osobi\u015bcie pod adresem: ul.<br \/>Szarotki 11, 02 &#8211; 609 Warszawa.<br \/><br \/>3) Przetwarzanie danych osobowych odbywa si\u0119:<br \/>a) na podstawie art. 6 ust. 1. lit. b Rozporz\u0105dzenia Og\u00f3lnego o Ochronie Danych Osobowych (dalej RODO) (niezb\u0119dno\u015bci do wykonania umowy lub podj\u0119cia dzia\u0142a\u0144 przed jej zawarciem), czyli<br \/>kiedy uczestniczysz w organizowanym przez nas wydarzeniu lub przesy\u0142amy Ci zam\u00f3wione publikacje w wersji elektronicznej lub papierowej<br \/>b) na podstawie art. 6 ust. 1 lit. a RODO (zgody osoby, kt\u00f3rej dane dotycz\u0105) w celu przysz\u0142ych kontakt\u00f3w, o ile wyrazisz na to zgod\u0119,<br \/>c) na podstawie art. 6 ust. 1 lit. f RODO (prawnie uzasadnionych interes\u00f3w administratora danych):<br \/>i) w celach archiwalnych (dowodowych) dla zabezpieczenia informacji na wypadek prawnej potrzeby wykazania fakt\u00f3w,<br \/>ii) w celu ewentualnego ustalenia, dochodzenia lub obrony przed roszczeniami,<br \/>d) na podstawie art. 6 ust. 1 lit. c RODO (obowi\u0105zek na\u0142o\u017cony prawem na administratora):<br \/>i. w celu realizacji \u017c\u0105da\u0144 organ\u00f3w \u015bcigania i na potrzeby post\u0119powa\u0144 s\u0105dowych,<br \/>ii. w celu dope\u0142nianie wymaganych prawem obowi\u0105zk\u00f3w: ksi\u0119gowych, podatkowych.<br \/><br \/>4. Odbiorc\u0105 Twoich danych:<br \/>a) mog\u0105 by\u0107 instytucje pa\u0144stwowe uprawnione na podstawie przepis\u00f3w prawa,<br \/>b) mog\u0105 by\u0107 podmioty zewn\u0119trzne dzia\u0142aj\u0105ce w imieniu i na zlecenie PTBRiO, w szczeg\u00f3lno\u015bci w<br \/>celu prowadzenia bie\u017c\u0105cej dzia\u0142alno\u015bci oraz realizacji cel\u00f3w statutowych; powierzone dane<br \/>wykorzystywane b\u0119d\u0105 tylko w zakresie i celu wskazanym przez PTBRiO<br \/><br \/>5. Przechowujemy Twoje dane:<br \/>a) przetwarzane na podstawie zgody, do czasu wycofania przez Ciebie zgody,<br \/>b) przetwarzane w celu wykonania umowy, do czasu przedawnienia roszcze\u0144 powsta\u0142ych na jej podstawie przez czas niezb\u0119dny do ich dochodzenia lub obrony,<br \/>c) przetwarzane na podstawie prawnie usprawiedliwionego interesu administratora przez czas niezb\u0119dny do osi\u0105gni\u0119cia celu lub zg\u0142oszenia przez Ciebie skutecznego sprzeciwu,<br \/>d) przetwarzane na podstawie przepisu prawa przez okres wynikaj\u0105cy z akt\u00f3w prawa powszechnie\u00a0obowi\u0105zuj\u0105cego,<br \/><br \/>6. Posiadasz prawo dost\u0119pu do tre\u015bci swoich danych oraz ich sprostowania, usuni\u0119cia, ograniczenia przetwarzania, przeniesienia, wniesienia sprzeciwu, skargi do organu nadzorczego.<br \/><br \/>7. Wyra\u017cona przez Ciebie zgoda mo\u017ce zosta\u0107 wycofana w ka\u017cdej chwili. Wycofanie zgody nie wp\u0142ynie na zgodno\u015b\u0107 z prawem przetwarzania Twoich danych osobowych, kt\u00f3rego dokonano na podstawie<br \/>wyra\u017conej przez Ciebie zgody, przed jej wycofaniem. O\u015bwiadczenie o wycofaniu zgody na przetwarzanie Twoich danych osobowych nale\u017cy kierowa\u0107 na adres mailowy\u00a0<span id=\"cloak8dee8b85c674b19aac43f186752a829e\"><a href=\"mailto:rejestracja@ptbrio.pl\">rejestracja@ptbrio.pl<\/a><\/span>\u00a0lub do naszego biura przy ul. Szarotki 11 w Warszawie.<br \/><br \/>8. W ka\u017cdej chwili przys\u0142uguje Ci prawo do wniesienia sprzeciwu wobec przetwarzania Twoich danych na podstawie art. 6 ust. 1 lit. f w celach wskazanych powy\u017cej. Przestaniemy przetwarza\u0107 Twoje<br \/>dane w tych celach, chyba \u017ce b\u0119dziemy w stanie wykaza\u0107, \u017ce istniej\u0105 wa\u017cne, prawnie uzasadnione podstawy, kt\u00f3re s\u0105 nadrz\u0119dne wobec Twoich interes\u00f3w, praw i wolno\u015bci lub Twoje dane b\u0119d\u0105 nam<br \/>niezb\u0119dne do ewentualnego ustalenia, dochodzenia lub obrony roszcze\u0144.<br \/><br \/>9. Masz prawo wniesienia skargi do Prezesa Urz\u0119du Ochrony Danych Osobowych gdy uznasz, i\u017c przetwarzanie danych osobowych Ciebie dotycz\u0105cych narusza przepisy og\u00f3lnego rozporz\u0105dzenia o<br \/>ochronie danych osobowych.<br \/><br \/>10. Twoje dane nie b\u0119d\u0105 przekazywane do pa\u0144stwa trzeciego\/organizacji mi\u0119dzynarodowej.<br \/><br \/>11. Podanie przez Ciebie danych osobowych jest warunkiem zawarcia umowy (udzia\u0142u w wydarzeniu lub przes\u0142ania materia\u0142\u00f3w) oraz wymogiem umownym natomiast dla cel\u00f3w przetwarzania opartego na Twojej zgodzie podanie danych jest dobrowolne.<\/div>\r\n\r\n\t\t\t\t\t\t\t\t<\/div>\n\t\t\t\t<\/div>\n\t\t\t\t\t<\/div>\n\t\t<\/div>\n\t\t\t\t\t<\/div>\n\t\t<\/section>\n\t\t\t\t<\/div>\n\t\t","protected":false},"excerpt":{"rendered":"<p>Zasady przetwarzania danych osobowych przez Polskie Towarzystwo Badaczy Rynku i Opinii W ramach naszej statutowej dzia\u0142alno\u015bci niezb\u0119dne jest przetwarzanie podstawowych danych osobowych, przede wszystkim danych kontaktowych. Poni\u017cej przedstawiamy zbi\u00f3r zasad, dzi\u0119ki kt\u00f3rymTwoje dane (je\u015bli nam je przekaza\u0142e\u015b lub zrobisz to w przysz\u0142o\u015bci) s\u0105 bezpieczne: 1) Administratorem Twoich danych osobowych jest Polskie Towarzystwo Badaczy Rynku i &hellip;<\/p>\n<p class=\"read-more\"> <a class=\"\" href=\"https:\/\/ptbrio.pl\/zbuntowanemarki\/polityka-prywatnosci\/\"> <span class=\"screen-reader-text\">Polityka prywatno\u015bci<\/span> Read More &raquo;<\/a><\/p>\n","protected":false},"author":2,"featured_media":0,"parent":0,"menu_order":0,"comment_status":"closed","ping_status":"closed","template":"elementor_header_footer","meta":{"pmpro_default_level":0,"footnotes":""},"class_list":["post-170","page","type-page","status-publish","hentry","pmpro-has-access"],"aioseo_notices":[],"_links":{"self":[{"href":"https:\/\/ptbrio.pl\/zbuntowanemarki\/wp-json\/wp\/v2\/pages\/170","targetHints":{"allow":["GET"]}}],"collection":[{"href":"https:\/\/ptbrio.pl\/zbuntowanemarki\/wp-json\/wp\/v2\/pages"}],"about":[{"href":"https:\/\/ptbrio.pl\/zbuntowanemarki\/wp-json\/wp\/v2\/types\/page"}],"author":[{"embeddable":true,"href":"https:\/\/ptbrio.pl\/zbuntowanemarki\/wp-json\/wp\/v2\/users\/2"}],"replies":[{"embeddable":true,"href":"https:\/\/ptbrio.pl\/zbuntowanemarki\/wp-json\/wp\/v2\/comments?post=170"}],"version-history":[{"count":11,"href":"https:\/\/ptbrio.pl\/zbuntowanemarki\/wp-json\/wp\/v2\/pages\/170\/revisions"}],"predecessor-version":[{"id":940,"href":"https:\/\/ptbrio.pl\/zbuntowanemarki\/wp-json\/wp\/v2\/pages\/170\/revisions\/940"}],"wp:attachment":[{"href":"https:\/\/ptbrio.pl\/zbuntowanemarki\/wp-json\/wp\/v2\/media?parent=170"}],"curies":[{"name":"wp","href":"https:\/\/api.w.org\/{rel}","templated":true}]}}